{"id":6777,"date":"2021-12-12T09:22:54","date_gmt":"2021-12-12T08:22:54","guid":{"rendered":"https:\/\/colefcafecv.com\/finestreta\/plataforma-i-oficina-datencio-col%c2%b7legiat\/acces-col%c2%b7legiats\/"},"modified":"2021-12-12T09:22:54","modified_gmt":"2021-12-12T08:22:54","slug":"acces-col%c2%b7legiats","status":"publish","type":"page","link":"https:\/\/colefcafecv.com\/ca\/finestreta\/plataforma-i-oficina-datencio-col%c2%b7legiat\/acces-col%c2%b7legiats\/","title":{"rendered":"Acc\u00e9s col\u00b7legiats"},"content":{"rendered":"\n<div class=\"wp-block-cover alignfull has-medium-primary-background-color has-background-dim bloque-titulo\" style=\"min-height:200px;aspect-ratio:unset;\"><div class=\"wp-block-cover__inner-container is-layout-flow wp-block-cover-is-layout-flow\">\n<div class=\"wp-block-columns is-layout-flex wp-container-core-columns-is-layout-9d6595d7 wp-block-columns-is-layout-flex\">\n<div class=\"wp-block-column is-layout-flow wp-block-column-is-layout-flow\" style=\"flex-basis:66.66%\">\n<h1 class=\"wp-block-heading\">Acc\u00e9s col\u00b7legiats<\/h1>\n\n\n\n<p><\/p>\n<\/div>\n\n\n\n<div class=\"wp-block-column is-layout-flow wp-block-column-is-layout-flow\" style=\"flex-basis:33.33%\"><style>.kt-svg-icons_6a975d-f4 .kt-svg-item-0 .kb-svg-icon-wrap{color:#ffffff;font-size:32px;}.kt-svg-icons_6a975d-f4 .kt-svg-item-1 .kb-svg-icon-wrap{color:#ffffff;font-size:32px;}.wp-block-kadence-icon.kt-svg-icons_6a975d-f4{justify-content:flex-end;}<\/style>\n<div class=\"wp-block-kadence-icon kt-svg-icons kt-svg-icons_6a975d-f4 alignright\" style=\"text-align:right\"><div class=\"kt-svg-style-default kt-svg-icon-wrap kt-svg-item-0\"><div style=\"display:inline-flex;justify-content:center;align-items:center;color:#ffffff;margin-top:8px;margin-right:8px;margin-bottom:8px;margin-left:8px\" class=\"kt-svg-icon kt-svg-icon-fas_share-alt\"><svg style=\"display:inline-block;vertical-align:middle\" viewbox=\"0 0 448 512\" height=\"32\" width=\"32\" fill=\"currentColor\" xmlns=\"http:\/\/www.w3.org\/2000\/svg\"><path d=\"M352 320c-22.608 0-43.387 7.819-59.79 20.895l-102.486-64.054a96.551 96.551 0 0 0 0-41.683l102.486-64.054C308.613 184.181 329.392 192 352 192c53.019 0 96-42.981 96-96S405.019 0 352 0s-96 42.981-96 96c0 7.158.79 14.13 2.276 20.841L155.79 180.895C139.387 167.819 118.608 160 96 160c-53.019 0-96 42.981-96 96s42.981 96 96 96c22.608 0 43.387-7.819 59.79-20.895l102.486 64.054A96.301 96.301 0 0 0 256 416c0 53.019 42.981 96 96 96s96-42.981 96-96-42.981-96-96-96z\"><\/path><\/svg><\/div><\/div><div class=\"kt-svg-style-default kt-svg-icon-wrap kt-svg-item-1\"><div style=\"display:inline-flex;justify-content:center;align-items:center;color:#ffffff;margin-top:8px;margin-right:8px;margin-bottom:8px;margin-left:8px\" class=\"kt-svg-icon kt-svg-icon-fe_printer\"><svg style=\"display:inline-block;vertical-align:middle\" viewbox=\"0 0 24 24\" height=\"32\" width=\"32\" fill=\"none\" stroke=\"currentColor\" xmlns=\"http:\/\/www.w3.org\/2000\/svg\" stroke-width=\"2\" stroke-linecap=\"round\" stroke-linejoin=\"round\"><polyline points=\"6 9 6 2 18 2 18 9\"><\/polyline><path d=\"M6 18H4a2 2 0 0 1-2-2v-5a2 2 0 0 1 2-2h16a2 2 0 0 1 2 2v5a2 2 0 0 1-2 2h-2\"><\/path><rect x=\"6\" y=\"14\" width=\"12\" height=\"8\"><\/rect><\/svg><\/div><\/div><\/div>\n<\/div>\n<\/div>\n<\/div><\/div>\n\n<div style=\"height:60px\" aria-hidden=\"true\" class=\"wp-block-spacer\"><\/div>\n\n<div class=\"wp-block-columns is-layout-flex wp-container-core-columns-is-layout-9d6595d7 wp-block-columns-is-layout-flex\">\n<div class=\"wp-block-column is-layout-flow wp-block-column-is-layout-flow\"><h2>Exclusivo para colegiados<\/h2><p>Para poder acceder a esta p\u00e1gina tienes que estar colegiado y disponer de datos de usuario y contrasen\u0303a.<\/p> \n\t\t\t\t\t\t\t <p>Si eres colegiado y no tienes datos de acceso puedes regi\u0301strate y validaremos tu acceso en un plazo ma\u0301ximo de 24 horas<\/p>\n<\/div>\n\n\n\n<div class=\"wp-block-column is-layout-flow wp-block-column-is-layout-flow\">\n<div class=\"um um-login um-3087\">\n\t<div class=\"um-form\">\n\t\t<form method=\"post\" action=\"\" autocomplete=\"off\">\n\t\t\t<div class=\"um-row _um_row_1 \" style=\"margin: 0 0 30px 0;\"><div class=\"um-col-1\"><div  id=\"um_field_3087_username\" class=\"um-field um-field-text  um-field-username um-field-text um-field-type_text\" data-key=\"username\"><div class=\"um-field-label\"><label for=\"username-3087\">Username or E-mail<\/label><div class=\"um-clear\"><\/div><\/div><div class=\"um-field-area\"><input  autocomplete=\"off\" class=\"um-form-field valid \" type=\"text\" name=\"username-3087\" id=\"username-3087\" value=\"\" placeholder=\"\" data-validate=\"unique_username_or_email\" data-key=\"username\"  aria-invalid=\"false\" \/>\n\n\t\t\t\t\t\t<\/div><\/div><div  id=\"um_field_3087_user_password\" class=\"um-field um-field-password  um-field-user_password um-field-password um-field-type_password\" data-key=\"user_password\"><div class=\"um-field-label\"><label for=\"user_password-3087\">Password<\/label><div class=\"um-clear\"><\/div><\/div><div class=\"um-field-area\"><input class=\"um-form-field valid \" type=\"password\" name=\"user_password-3087\" id=\"user_password-3087\" value=\"\" placeholder=\"\" data-validate=\"\" data-key=\"user_password\"  aria-invalid=\"false\" \/>\n\n\t\t\t\t\t\t\t<\/div><\/div><\/div><\/div>\t<input type=\"hidden\" name=\"form_id\" id=\"form_id_3087\" value=\"3087\" \/>\n\t\t<p class=\"um_request_name\">\n\t\t<label for=\"um_request_3087\">Only fill in if you are not human<\/label>\n\t\t<input type=\"hidden\" name=\"um_request\" id=\"um_request_3087\" class=\"input\" value=\"\" size=\"25\" autocomplete=\"off\" \/>\n\t<\/p>\n\t<input type=\"hidden\" name=\"redirect_to\" id=\"redirect_to\" value=\"https:\/\/colefcafecv.com\/ventanila\/plataforma-y-oficina-del-colegiado\/acceso-colegiados\/perfil\/\" \/><input type=\"hidden\" id=\"_wpnonce\" name=\"_wpnonce\" value=\"3056e6e9db\" \/><input type=\"hidden\" name=\"_wp_http_referer\" value=\"\/ca\/wp-json\/wp\/v2\/pages\/6777\" \/>\n\t<div class=\"um-col-alt\">\n\n\t\t\n\n\t\t\t<div class=\"um-field um-field-c\">\n\t\t\t\t<div class=\"um-field-area\">\n\t\t\t\t\t<label class=\"um-field-checkbox\">\n\t\t\t\t\t\t<input type=\"checkbox\" name=\"rememberme\" value=\"1\"  \/>\n\t\t\t\t\t\t<span class=\"um-field-checkbox-state\"><i class=\"um-icon-android-checkbox-outline-blank\"><\/i><\/span>\n\t\t\t\t\t\t<span class=\"um-field-checkbox-option\"> Keep me signed in<\/span>\n\t\t\t\t\t<\/label>\n\t\t\t\t<\/div>\n\t\t\t<\/div>\n\n\t\t\t\t\t\t<div class=\"um-clear\"><\/div>\n\t\t\n\t\t\t<div class=\"um-left um-half\">\n\t\t\t\t<input type=\"submit\" value=\"Iniciar sesi\u00f3n\" class=\"um-button\" id=\"um-submit-btn\" \/>\n\t\t\t<\/div>\n\t\t\t<div class=\"um-right um-half\">\n\t\t\t\t<a href=\"https:\/\/colefcafecv.com\/ca\/finestreta\/plataforma-i-oficina-datencio-col%c2%b7legiat\/acces-col%c2%b7legiats\/registre-col%c2%b7legiats\/\" class=\"um-button um-alt\">\n\t\t\t\t\tRegistro\t\t\t\t<\/a>\n\t\t\t<\/div>\n\n\t\t\n\t\t<div class=\"um-clear\"><\/div>\n\n\t<\/div>\n\n\t\n\t<div class=\"um-col-alt-b\">\n\t\t<a href=\"https:\/\/colefcafecv.com\/ca\/colefcv\/canviar-contrasenya\/\" class=\"um-link-alt\">\n\t\t\tForgot your password?\t\t<\/a>\n\t<\/div>\n\n\t\t\t<\/form>\n\t<\/div>\n<\/div>\n<style>\n\t\t\t.um-3087.um {\n\t\t\tmax-width: 450px;\n\t\t}\n\t\t<\/style>\n\n<\/div>\n<\/div>\n\n<div style=\"height:60px\" aria-hidden=\"true\" class=\"wp-block-spacer\"><\/div>\n","protected":false},"excerpt":{"rendered":"","protected":false},"author":1,"featured_media":5929,"parent":3843,"menu_order":0,"comment_status":"closed","ping_status":"closed","template":"","meta":{"_uag_custom_page_level_css":"","_jet_sm_ready_style":"","_jet_sm_style":"","_jet_sm_controls_values":"","_jet_sm_fonts_collection":"","_jet_sm_fonts_links":"","footnotes":""},"class_list":["post-6777","page","type-page","status-publish","has-post-thumbnail"],"yoast_head":"<!-- This site is optimized with the Yoast SEO plugin v27.5 - https:\/\/yoast.com\/product\/yoast-seo-wordpress\/ -->\n<title>Acc\u00e9s col\u00b7legiats - COLEF CV<\/title>\n<meta name=\"robots\" content=\"index, follow, max-snippet:-1, max-image-preview:large, max-video-preview:-1\" \/>\n<link rel=\"canonical\" href=\"https:\/\/colefcafecv.com\/ca\/finestreta\/plataforma-i-oficina-datencio-col%c2%b7legiat\/acces-col%c2%b7legiats\/\" \/>\n<meta property=\"og:locale\" content=\"en_US\" \/>\n<meta property=\"og:type\" content=\"article\" \/>\n<meta property=\"og:title\" content=\"Acc\u00e9s col\u00b7legiats - COLEF CV\" \/>\n<meta property=\"og:url\" content=\"https:\/\/colefcafecv.com\/ca\/finestreta\/plataforma-i-oficina-datencio-col%c2%b7legiat\/acces-col%c2%b7legiats\/\" \/>\n<meta property=\"og:site_name\" content=\"COLEF CV\" \/>\n<meta property=\"article:publisher\" content=\"https:\/\/www.facebook.com\/colefcv\" \/>\n<meta property=\"og:image\" content=\"https:\/\/colefcafecv.com\/wp-content\/uploads\/default_thumb.png\" \/>\n\t<meta property=\"og:image:width\" content=\"950\" \/>\n\t<meta property=\"og:image:height\" content=\"650\" \/>\n\t<meta property=\"og:image:type\" content=\"image\/png\" \/>\n<meta name=\"twitter:card\" content=\"summary_large_image\" \/>\n<script type=\"application\/ld+json\" class=\"yoast-schema-graph\">{\"@context\":\"https:\\\/\\\/schema.org\",\"@graph\":[{\"@type\":\"WebPage\",\"@id\":\"https:\\\/\\\/colefcafecv.com\\\/ca\\\/finestreta\\\/plataforma-i-oficina-datencio-col%c2%b7legiat\\\/acces-col%c2%b7legiats\\\/\",\"url\":\"https:\\\/\\\/colefcafecv.com\\\/ca\\\/finestreta\\\/plataforma-i-oficina-datencio-col%c2%b7legiat\\\/acces-col%c2%b7legiats\\\/\",\"name\":\"Acc\u00e9s col\u00b7legiats - COLEF CV\",\"isPartOf\":{\"@id\":\"https:\\\/\\\/colefcafecv.com\\\/ca\\\/#website\"},\"primaryImageOfPage\":{\"@id\":\"https:\\\/\\\/colefcafecv.com\\\/ca\\\/finestreta\\\/plataforma-i-oficina-datencio-col%c2%b7legiat\\\/acces-col%c2%b7legiats\\\/#primaryimage\"},\"image\":{\"@id\":\"https:\\\/\\\/colefcafecv.com\\\/ca\\\/finestreta\\\/plataforma-i-oficina-datencio-col%c2%b7legiat\\\/acces-col%c2%b7legiats\\\/#primaryimage\"},\"thumbnailUrl\":\"https:\\\/\\\/colefcafecv.com\\\/wp-content\\\/uploads\\\/default_thumb.png\",\"datePublished\":\"2021-12-12T08:22:54+00:00\",\"breadcrumb\":{\"@id\":\"https:\\\/\\\/colefcafecv.com\\\/ca\\\/finestreta\\\/plataforma-i-oficina-datencio-col%c2%b7legiat\\\/acces-col%c2%b7legiats\\\/#breadcrumb\"},\"inLanguage\":\"val\",\"potentialAction\":[{\"@type\":\"ReadAction\",\"target\":[\"https:\\\/\\\/colefcafecv.com\\\/ca\\\/finestreta\\\/plataforma-i-oficina-datencio-col%c2%b7legiat\\\/acces-col%c2%b7legiats\\\/\"]}]},{\"@type\":\"ImageObject\",\"inLanguage\":\"val\",\"@id\":\"https:\\\/\\\/colefcafecv.com\\\/ca\\\/finestreta\\\/plataforma-i-oficina-datencio-col%c2%b7legiat\\\/acces-col%c2%b7legiats\\\/#primaryimage\",\"url\":\"https:\\\/\\\/colefcafecv.com\\\/wp-content\\\/uploads\\\/default_thumb.png\",\"contentUrl\":\"https:\\\/\\\/colefcafecv.com\\\/wp-content\\\/uploads\\\/default_thumb.png\",\"width\":950,\"height\":650},{\"@type\":\"BreadcrumbList\",\"@id\":\"https:\\\/\\\/colefcafecv.com\\\/ca\\\/finestreta\\\/plataforma-i-oficina-datencio-col%c2%b7legiat\\\/acces-col%c2%b7legiats\\\/#breadcrumb\",\"itemListElement\":[{\"@type\":\"ListItem\",\"position\":1,\"name\":\"Portada\",\"item\":\"https:\\\/\\\/colefcafecv.com\\\/ca\\\/\"},{\"@type\":\"ListItem\",\"position\":2,\"name\":\"Finestreta\",\"item\":\"https:\\\/\\\/colefcafecv.com\\\/ca\\\/finestreta\\\/\"},{\"@type\":\"ListItem\",\"position\":3,\"name\":\"Plataforma i oficina d&#8217;atenci\u00f3 col\u00b7legiat\",\"item\":\"https:\\\/\\\/colefcafecv.com\\\/ca\\\/finestreta\\\/plataforma-i-oficina-datencio-col%c2%b7legiat\\\/\"},{\"@type\":\"ListItem\",\"position\":4,\"name\":\"Acc\u00e9s col\u00b7legiats\"}]},{\"@type\":\"WebSite\",\"@id\":\"https:\\\/\\\/colefcafecv.com\\\/ca\\\/#website\",\"url\":\"https:\\\/\\\/colefcafecv.com\\\/ca\\\/\",\"name\":\"Colegio de Licenciados en Educaci\u00f3n F\u00edsica de la Comunidad Valenciana\",\"description\":\"Il lustre Col legi oficial de Llicenciats en Educaci\u00f3 F\u00edsica i en Ci\u00e8ncies de l\u00b4Activitat F\u00edsica i de l\u00b4Esport de la Comunitat Valenciana\",\"publisher\":{\"@id\":\"https:\\\/\\\/colefcafecv.com\\\/ca\\\/#organization\"},\"potentialAction\":[{\"@type\":\"SearchAction\",\"target\":{\"@type\":\"EntryPoint\",\"urlTemplate\":\"https:\\\/\\\/colefcafecv.com\\\/ca\\\/?s={search_term_string}\"},\"query-input\":{\"@type\":\"PropertyValueSpecification\",\"valueRequired\":true,\"valueName\":\"search_term_string\"}}],\"inLanguage\":\"val\"},{\"@type\":\"Organization\",\"@id\":\"https:\\\/\\\/colefcafecv.com\\\/ca\\\/#organization\",\"name\":\"Colegio de Licenciados en Educaci\u00f3n F\u00edsica de la Comunidad Valenciana\",\"url\":\"https:\\\/\\\/colefcafecv.com\\\/ca\\\/\",\"logo\":{\"@type\":\"ImageObject\",\"inLanguage\":\"val\",\"@id\":\"https:\\\/\\\/colefcafecv.com\\\/ca\\\/#\\\/schema\\\/logo\\\/image\\\/\",\"url\":\"https:\\\/\\\/colefcafecv.com\\\/wp-content\\\/uploads\\\/2021\\\/01\\\/simbolo-logotipo-colef.png\",\"contentUrl\":\"https:\\\/\\\/colefcafecv.com\\\/wp-content\\\/uploads\\\/2021\\\/01\\\/simbolo-logotipo-colef.png\",\"width\":213,\"height\":271,\"caption\":\"Colegio de Licenciados en Educaci\u00f3n F\u00edsica de la Comunidad Valenciana\"},\"image\":{\"@id\":\"https:\\\/\\\/colefcafecv.com\\\/ca\\\/#\\\/schema\\\/logo\\\/image\\\/\"},\"sameAs\":[\"https:\\\/\\\/www.facebook.com\\\/colefcv\"]}]}<\/script>\n<!-- \/ Yoast SEO plugin. -->","yoast_head_json":{"title":"Acc\u00e9s col\u00b7legiats - COLEF CV","robots":{"index":"index","follow":"follow","max-snippet":"max-snippet:-1","max-image-preview":"max-image-preview:large","max-video-preview":"max-video-preview:-1"},"canonical":"https:\/\/colefcafecv.com\/ca\/finestreta\/plataforma-i-oficina-datencio-col%c2%b7legiat\/acces-col%c2%b7legiats\/","og_locale":"en_US","og_type":"article","og_title":"Acc\u00e9s col\u00b7legiats - COLEF CV","og_url":"https:\/\/colefcafecv.com\/ca\/finestreta\/plataforma-i-oficina-datencio-col%c2%b7legiat\/acces-col%c2%b7legiats\/","og_site_name":"COLEF CV","article_publisher":"https:\/\/www.facebook.com\/colefcv","og_image":[{"width":950,"height":650,"url":"https:\/\/colefcafecv.com\/wp-content\/uploads\/default_thumb.png","type":"image\/png"}],"twitter_card":"summary_large_image","schema":{"@context":"https:\/\/schema.org","@graph":[{"@type":"WebPage","@id":"https:\/\/colefcafecv.com\/ca\/finestreta\/plataforma-i-oficina-datencio-col%c2%b7legiat\/acces-col%c2%b7legiats\/","url":"https:\/\/colefcafecv.com\/ca\/finestreta\/plataforma-i-oficina-datencio-col%c2%b7legiat\/acces-col%c2%b7legiats\/","name":"Acc\u00e9s col\u00b7legiats - COLEF CV","isPartOf":{"@id":"https:\/\/colefcafecv.com\/ca\/#website"},"primaryImageOfPage":{"@id":"https:\/\/colefcafecv.com\/ca\/finestreta\/plataforma-i-oficina-datencio-col%c2%b7legiat\/acces-col%c2%b7legiats\/#primaryimage"},"image":{"@id":"https:\/\/colefcafecv.com\/ca\/finestreta\/plataforma-i-oficina-datencio-col%c2%b7legiat\/acces-col%c2%b7legiats\/#primaryimage"},"thumbnailUrl":"https:\/\/colefcafecv.com\/wp-content\/uploads\/default_thumb.png","datePublished":"2021-12-12T08:22:54+00:00","breadcrumb":{"@id":"https:\/\/colefcafecv.com\/ca\/finestreta\/plataforma-i-oficina-datencio-col%c2%b7legiat\/acces-col%c2%b7legiats\/#breadcrumb"},"inLanguage":"val","potentialAction":[{"@type":"ReadAction","target":["https:\/\/colefcafecv.com\/ca\/finestreta\/plataforma-i-oficina-datencio-col%c2%b7legiat\/acces-col%c2%b7legiats\/"]}]},{"@type":"ImageObject","inLanguage":"val","@id":"https:\/\/colefcafecv.com\/ca\/finestreta\/plataforma-i-oficina-datencio-col%c2%b7legiat\/acces-col%c2%b7legiats\/#primaryimage","url":"https:\/\/colefcafecv.com\/wp-content\/uploads\/default_thumb.png","contentUrl":"https:\/\/colefcafecv.com\/wp-content\/uploads\/default_thumb.png","width":950,"height":650},{"@type":"BreadcrumbList","@id":"https:\/\/colefcafecv.com\/ca\/finestreta\/plataforma-i-oficina-datencio-col%c2%b7legiat\/acces-col%c2%b7legiats\/#breadcrumb","itemListElement":[{"@type":"ListItem","position":1,"name":"Portada","item":"https:\/\/colefcafecv.com\/ca\/"},{"@type":"ListItem","position":2,"name":"Finestreta","item":"https:\/\/colefcafecv.com\/ca\/finestreta\/"},{"@type":"ListItem","position":3,"name":"Plataforma i oficina d&#8217;atenci\u00f3 col\u00b7legiat","item":"https:\/\/colefcafecv.com\/ca\/finestreta\/plataforma-i-oficina-datencio-col%c2%b7legiat\/"},{"@type":"ListItem","position":4,"name":"Acc\u00e9s col\u00b7legiats"}]},{"@type":"WebSite","@id":"https:\/\/colefcafecv.com\/ca\/#website","url":"https:\/\/colefcafecv.com\/ca\/","name":"Colegio de Licenciados en Educaci\u00f3n F\u00edsica de la Comunidad Valenciana","description":"Il lustre Col legi oficial de Llicenciats en Educaci\u00f3 F\u00edsica i en Ci\u00e8ncies de l\u00b4Activitat F\u00edsica i de l\u00b4Esport de la Comunitat Valenciana","publisher":{"@id":"https:\/\/colefcafecv.com\/ca\/#organization"},"potentialAction":[{"@type":"SearchAction","target":{"@type":"EntryPoint","urlTemplate":"https:\/\/colefcafecv.com\/ca\/?s={search_term_string}"},"query-input":{"@type":"PropertyValueSpecification","valueRequired":true,"valueName":"search_term_string"}}],"inLanguage":"val"},{"@type":"Organization","@id":"https:\/\/colefcafecv.com\/ca\/#organization","name":"Colegio de Licenciados en Educaci\u00f3n F\u00edsica de la Comunidad Valenciana","url":"https:\/\/colefcafecv.com\/ca\/","logo":{"@type":"ImageObject","inLanguage":"val","@id":"https:\/\/colefcafecv.com\/ca\/#\/schema\/logo\/image\/","url":"https:\/\/colefcafecv.com\/wp-content\/uploads\/2021\/01\/simbolo-logotipo-colef.png","contentUrl":"https:\/\/colefcafecv.com\/wp-content\/uploads\/2021\/01\/simbolo-logotipo-colef.png","width":213,"height":271,"caption":"Colegio de Licenciados en Educaci\u00f3n F\u00edsica de la Comunidad Valenciana"},"image":{"@id":"https:\/\/colefcafecv.com\/ca\/#\/schema\/logo\/image\/"},"sameAs":["https:\/\/www.facebook.com\/colefcv"]}]}},"uagb_featured_image_src":{"full":["https:\/\/colefcafecv.com\/wp-content\/uploads\/default_thumb.png",950,650,false],"thumbnail":["https:\/\/colefcafecv.com\/wp-content\/uploads\/default_thumb-150x103.png",150,103,true],"medium":["https:\/\/colefcafecv.com\/wp-content\/uploads\/default_thumb-300x205.png",300,205,true],"medium_large":["https:\/\/colefcafecv.com\/wp-content\/uploads\/default_thumb-768x525.png",768,525,true],"large":["https:\/\/colefcafecv.com\/wp-content\/uploads\/default_thumb.png",950,650,false],"thumblist":["https:\/\/colefcafecv.com\/wp-content\/uploads\/default_thumb-300x300.png",300,300,true],"meccarouselthumb":["https:\/\/colefcafecv.com\/wp-content\/uploads\/default_thumb-474x324.png",474,324,true],"gridsquare":["https:\/\/colefcafecv.com\/wp-content\/uploads\/default_thumb-391x260.png",391,260,true],"tileview":["https:\/\/colefcafecv.com\/wp-content\/uploads\/default_thumb-300x400.png",300,400,true],"1536x1536":["https:\/\/colefcafecv.com\/wp-content\/uploads\/default_thumb.png",950,650,false],"2048x2048":["https:\/\/colefcafecv.com\/wp-content\/uploads\/default_thumb.png",950,650,false],"ultp_layout_landscape_large":["https:\/\/colefcafecv.com\/wp-content\/uploads\/default_thumb.png",950,650,false],"ultp_layout_landscape":["https:\/\/colefcafecv.com\/wp-content\/uploads\/default_thumb-870x570.png",870,570,true],"ultp_layout_portrait":["https:\/\/colefcafecv.com\/wp-content\/uploads\/default_thumb-600x650.png",600,650,true],"ultp_layout_square":["https:\/\/colefcafecv.com\/wp-content\/uploads\/default_thumb-600x600.png",600,600,true]},"uagb_author_info":{"display_name":"Roberto","author_link":"https:\/\/colefcafecv.com\/ca\/author\/administrador\/"},"uagb_comment_info":0,"uagb_excerpt":null,"_links":{"self":[{"href":"https:\/\/colefcafecv.com\/ca\/wp-json\/wp\/v2\/pages\/6777","targetHints":{"allow":["GET"]}}],"collection":[{"href":"https:\/\/colefcafecv.com\/ca\/wp-json\/wp\/v2\/pages"}],"about":[{"href":"https:\/\/colefcafecv.com\/ca\/wp-json\/wp\/v2\/types\/page"}],"author":[{"embeddable":true,"href":"https:\/\/colefcafecv.com\/ca\/wp-json\/wp\/v2\/users\/1"}],"replies":[{"embeddable":true,"href":"https:\/\/colefcafecv.com\/ca\/wp-json\/wp\/v2\/comments?post=6777"}],"version-history":[{"count":1,"href":"https:\/\/colefcafecv.com\/ca\/wp-json\/wp\/v2\/pages\/6777\/revisions"}],"predecessor-version":[{"id":6778,"href":"https:\/\/colefcafecv.com\/ca\/wp-json\/wp\/v2\/pages\/6777\/revisions\/6778"}],"up":[{"embeddable":true,"href":"https:\/\/colefcafecv.com\/ca\/wp-json\/wp\/v2\/pages\/3843"}],"wp:featuredmedia":[{"embeddable":true,"href":"https:\/\/colefcafecv.com\/ca\/wp-json\/wp\/v2\/media\/5929"}],"wp:attachment":[{"href":"https:\/\/colefcafecv.com\/ca\/wp-json\/wp\/v2\/media?parent=6777"}],"curies":[{"name":"wp","href":"https:\/\/api.w.org\/{rel}","templated":true}]}}