{"id":6719,"date":"2021-12-12T08:11:41","date_gmt":"2021-12-12T07:11:41","guid":{"rendered":"https:\/\/colefcafecv.com\/finestreta\/oficina-datencio-al-ciutada\/cita-previa\/"},"modified":"2021-12-12T08:11:41","modified_gmt":"2021-12-12T07:11:41","slug":"cita-previa","status":"publish","type":"page","link":"https:\/\/colefcafecv.com\/ca\/finestreta\/oficina-datencio-al-ciutada\/cita-previa\/","title":{"rendered":"Cita pr\u00e8via"},"content":{"rendered":"\n<div class=\"wp-block-cover alignfull has-medium-primary-background-color has-background-dim bloque-titulo\" style=\"min-height:200px;aspect-ratio:unset;\"><div class=\"wp-block-cover__inner-container is-layout-flow wp-block-cover-is-layout-flow\">\n<div class=\"wp-block-columns is-layout-flex wp-container-core-columns-is-layout-9d6595d7 wp-block-columns-is-layout-flex\">\n<div class=\"wp-block-column is-layout-flow wp-block-column-is-layout-flow\" style=\"flex-basis:66.66%\">\n<h1 class=\"wp-block-heading\"><strong>Cita pr\u00e8via<\/strong><\/h1>\n\n\n\n<p><\/p>\n<\/div>\n\n\n\n<div class=\"wp-block-column is-layout-flow wp-block-column-is-layout-flow\" style=\"flex-basis:33.33%\"><style>.kt-svg-icons_2a71d2-97 .kt-svg-item-0 .kb-svg-icon-wrap{color:#ffffff;font-size:32px;}.kt-svg-icons_2a71d2-97 .kt-svg-item-1 .kb-svg-icon-wrap{color:#ffffff;font-size:32px;}.wp-block-kadence-icon.kt-svg-icons_2a71d2-97{justify-content:flex-end;}<\/style>\n<div class=\"wp-block-kadence-icon kt-svg-icons kt-svg-icons_2a71d2-97 alignright\" style=\"text-align:right\"><div class=\"kt-svg-style-default kt-svg-icon-wrap kt-svg-item-0\"><div style=\"display:inline-flex;justify-content:center;align-items:center;color:#ffffff;margin-top:8px;margin-right:8px;margin-bottom:8px;margin-left:8px\" class=\"kt-svg-icon kt-svg-icon-fas_share-alt\"><svg style=\"display:inline-block;vertical-align:middle\" viewbox=\"0 0 448 512\" height=\"32\" width=\"32\" fill=\"currentColor\" xmlns=\"http:\/\/www.w3.org\/2000\/svg\"><path d=\"M352 320c-22.608 0-43.387 7.819-59.79 20.895l-102.486-64.054a96.551 96.551 0 0 0 0-41.683l102.486-64.054C308.613 184.181 329.392 192 352 192c53.019 0 96-42.981 96-96S405.019 0 352 0s-96 42.981-96 96c0 7.158.79 14.13 2.276 20.841L155.79 180.895C139.387 167.819 118.608 160 96 160c-53.019 0-96 42.981-96 96s42.981 96 96 96c22.608 0 43.387-7.819 59.79-20.895l102.486 64.054A96.301 96.301 0 0 0 256 416c0 53.019 42.981 96 96 96s96-42.981 96-96-42.981-96-96-96z\"><\/path><\/svg><\/div><\/div><div class=\"kt-svg-style-default kt-svg-icon-wrap kt-svg-item-1\"><div style=\"display:inline-flex;justify-content:center;align-items:center;color:#ffffff;margin-top:8px;margin-right:8px;margin-bottom:8px;margin-left:8px\" class=\"kt-svg-icon kt-svg-icon-fe_printer\"><svg style=\"display:inline-block;vertical-align:middle\" viewbox=\"0 0 24 24\" height=\"32\" width=\"32\" fill=\"none\" stroke=\"currentColor\" xmlns=\"http:\/\/www.w3.org\/2000\/svg\" stroke-width=\"2\" stroke-linecap=\"round\" stroke-linejoin=\"round\"><polyline points=\"6 9 6 2 18 2 18 9\"><\/polyline><path d=\"M6 18H4a2 2 0 0 1-2-2v-5a2 2 0 0 1 2-2h16a2 2 0 0 1 2 2v5a2 2 0 0 1-2 2h-2\"><\/path><rect x=\"6\" y=\"14\" width=\"12\" height=\"8\"><\/rect><\/svg><\/div><\/div><\/div>\n<\/div>\n<\/div>\n<\/div><\/div>\n\n<div class=\"wp-block-columns is-layout-flex wp-container-core-columns-is-layout-9d6595d7 wp-block-columns-is-layout-flex\">\n<div class=\"wp-block-column is-layout-flow wp-block-column-is-layout-flow\" style=\"flex-basis:33.33%\"><div class=\"shortcode-menu\"><div class=\"menu-oficina-atencion-ciudadano-val-container\"><ul id=\"menu-oficina-atencion-ciudadano-val\" class=\"menu \"><li id=\"menu-item-6871\" class=\"menu-item menu-item-type-post_type menu-item-object-page menu-item-6871\"><a href=\"https:\/\/colefcafecv.com\/ca\/finestreta\/oficina-datencio-al-ciutada\/benvinguts\/\">Benvinguts<\/a><\/li>\n<li id=\"menu-item-6873\" class=\"menu-item menu-item-type-post_type menu-item-object-page menu-item-6873\"><a href=\"https:\/\/colefcafecv.com\/ca\/finestreta\/oficina-datencio-al-ciutada\/tramits-i-sol%c2%b7licituds\/\">Tr\u00e0mits i sol\u00b7licituds<\/a><\/li>\n<li id=\"menu-item-6874\" class=\"menu-item menu-item-type-post_type menu-item-object-page menu-item-6874\"><a href=\"https:\/\/colefcafecv.com\/ca\/finestreta\/oficina-datencio-al-ciutada\/cita-previa\/\">Cita pr\u00e8via<\/a><\/li>\n<\/ul><\/div><\/div>\n<\/div>\n\n\n\n<div class=\"wp-block-column is-layout-flow wp-block-column-is-layout-flow\" style=\"flex-basis:100%\">\n<div style=\"height:20px\" aria-hidden=\"true\" class=\"wp-block-spacer\"><\/div>\n\n\n\n<h3 class=\"has-medium-primary-color has-text-color wp-block-heading\"><strong>Normes d&#8217;\u00fas del sistema d&#8217;atenci\u00f3 mitjan\u00e7ant cita pr\u00e8via<\/strong><\/h3>\n\n\n\n<h4 class=\"wp-block-heading\"><strong>1.Normes generals<\/strong><\/h4>\n\n\n\n<p class=\"text-justify\">La sol\u00b7licitud de cita pr\u00e8via per a la prestaci\u00f3 d&#8217;un servei per part de la corporaci\u00f3 podr\u00e0 realitzar-se a trav\u00e9s de sol\u00b7licitud o tr\u00e0mit electr\u00f2nic, per tel\u00e8fon o presencialment.<br\/>Aix\u00ed mateix, el ciutad\u00e0 podr\u00e0 triar a trav\u00e9s que mitj\u00e0 vol ser at\u00e9s, telem\u00e0tic (una videollamada), telef\u00f2nic o presencialment.<br\/>Si per qualsevol motiu no poguera fer \u00fas de la seua cita, anul\u00b7le-la perqu\u00e8 altres persones puguen fer \u00fas d&#8217;ella.<\/p>\n\n\n\n<h4 class=\"wp-block-heading\"><strong>2.Atenci\u00f3 telem\u00e0tica (videollamada)<\/strong><\/h4>\n\n\n\n<p class=\"text-justify\">El ciutad\u00e0-a podr\u00e0 ser at\u00e9s per mitjans telem\u00e0tics, per a aix\u00f2 podr\u00e0 accedir a una videollamada a trav\u00e9s de l&#8217;enlla\u00e7 que se li proporciona en la confirmaci\u00f3 de la seua cita pr\u00e8via. No podr\u00e0 accedir a la videollamada fins a deu minuts abans de l&#8217;hora de la cita, passant en un primer moment a una sala d&#8217;espera fins que es confirme per part d&#8217;aquesta entitat la videollamada, una vegada que la persona que li atendr\u00e0 aquest lliure. Si arribada l&#8217;hora de la seua cita no haguera accedit a la reuni\u00f3, es mantindran cinc minuts de cortesia passats els quals s&#8217;anul\u00b7lar\u00e0 la seua cita.<\/p>\n\n\n\n<h4 class=\"wp-block-heading\"><strong>3.Atenci\u00f3 presencial<\/strong><\/h4>\n\n\n\n<p class=\"text-justify\">Nom\u00e9s es podr\u00e0 accedir presencialment als serveis municipals amb cita pr\u00e8via.<br\/>Els ciutadans que es presenten en les oficines de la corporaci\u00f3 sense cita pr\u00e8via hauran de sol\u00b7licitar-la perqu\u00e8 se&#8217;ls facilite segons la disponibilitat de dia\/hora existent.<br\/>No se&#8217;ls atendr\u00e0 si no es disposa d&#8217;aquesta cita.<br\/>La recepci\u00f3 del personal amb cita pr\u00e8via nom\u00e9s estar\u00e0 permesa deu minuts abans de l&#8217;hora de la seua cita, per a garantir l&#8217;ordre d&#8217;atenci\u00f3 d&#8217;aquestes. Si arribada l&#8217;hora de la seua cita no haguera comparegut, es mantindran cinc minuts de cortesia passats els quals s&#8217;anul\u00b7lar\u00e0 la seua cita En arribar a l&#8217;entitat, podr\u00e0 confirmar la seua pres\u00e8ncia a trav\u00e9s de la URL que va rebre en el correu de confirmaci\u00f3 de la seua cita.<\/p>\n\n\n\n<h4 class=\"wp-block-heading\"><strong>4.Atenci\u00f3 tel\u00e9fonica<\/strong><\/h4>\n\n\n\n<p class=\"text-justify\">Al voltant de l&#8217;hora de la seua cita es posaran en contacte amb vost\u00e9 des d&#8217;aquesta corporaci\u00f3, en el n\u00famero de tel\u00e8fon que haja sigut facilitat en fer la sol\u00b7licitud. \u00c9s de vital import\u00e0ncia que vost\u00e9 estiga atent a la trucada de tel\u00e8fon, que es repetir\u00e0 fins a dues ocasions per a intentar la seua localitzaci\u00f3. Si despr\u00e9s de dos intents no \u00e9s possible localitzar-li s&#8217;anul\u00b7lar\u00e0 la seua cita.<\/p>\n\n\n\n<h3 class=\"has-medium-primary-color has-text-color wp-block-heading\"><strong>Horari de cita pr\u00e8via<\/strong><\/h3>\n\n\n\n<ul class=\"wp-block-list\"><li>De Dilluns a Divendres de <strong>9.00 a 15.00 hores.<\/strong><\/li><li>Dilluns, Dimecres i Dijous de <strong>16.00 a 18.30 hores.<\/strong><\/li><li><strong>Durant els mesos de Juliol i Agost no existeix horari d&#8217;atencion a les vesprades.<\/strong><\/li><\/ul>\n\n\n<div role=\"form\" class=\"wpcf7\" id=\"wpcf7-f6927-o1\" lang=\"val\" dir=\"ltr\">\n<div class=\"screen-reader-response\"><p role=\"status\" aria-live=\"polite\" aria-atomic=\"true\"><\/p> <ul><\/ul><\/div>\n<form action=\"\/ca\/wp-json\/wp\/v2\/pages\/6719#wpcf7-f6927-o1\" method=\"post\" class=\"wpcf7-form init\" novalidate=\"novalidate\" data-status=\"init\">\n<div style=\"display: none;\">\n<input type=\"hidden\" name=\"_wpcf7\" value=\"6927\" \/>\n<input type=\"hidden\" name=\"_wpcf7_version\" value=\"5.5.1\" \/>\n<input type=\"hidden\" name=\"_wpcf7_locale\" value=\"val\" \/>\n<input type=\"hidden\" name=\"_wpcf7_unit_tag\" value=\"wpcf7-f6927-o1\" \/>\n<input type=\"hidden\" name=\"_wpcf7_container_post\" value=\"0\" \/>\n<input type=\"hidden\" name=\"_wpcf7_posted_data_hash\" value=\"\" \/>\n<\/div>\n<div style=\"float:right\">\n<p style=\"text-align: right;\"><input type=\"submit\" value=\"CONTINUAR\" class=\"wpcf7-form-control has-spinner wpcf7-submit\" \/><\/p>\n<\/div>\n\n<!-- CF7MSM -->\n<div style='display:none;'><input type=\"hidden\" name=\"_cf7msm_multistep_tag\" value=\"{&quot;first_step&quot;:1,&quot;next_url&quot;:&quot;https:\/\/colefcafecv.com\/ventanila\/oficina-de-atencion-al-ciudadano\/cita-previa\/formulario-cita-previa\/&quot;}\" class=\"wpcf7-form-control cf7msm-multistep wpcf7-multistep\" \/><input type=\"hidden\" name=\"cf7msm-no-ss\" value=\"\" \/><\/div>\n<!-- End CF7MSM -->\n\n<div class=\"wpcf7-response-output\" aria-hidden=\"true\"><\/div><\/form><\/div>\n<\/div>\n<\/div>\n\n<div class=\"wp-block-cover alignfull has-medium-secondary-background-color has-background-dim bloque-titulo\" style=\"min-height:200px;aspect-ratio:unset;\"><div class=\"wp-block-cover__inner-container is-layout-flow wp-block-cover-is-layout-flow\">\n<div style=\"height:40px\" aria-hidden=\"true\" class=\"wp-block-spacer\"><\/div>\n\n\n\n<h1 class=\"wp-block-heading\"><strong>SER COL\u00b7LEGIAT <\/strong><\/h1>\n\n\n\n<h4 class=\"wp-block-heading\">Avantatges i molt m\u00e9s<\/h4>\n\n\n\n<div class=\"wp-block-uagb-buttons uagb-buttons__outer-wrap uagb-block-5f30f2bf\"><div class=\"uagb-buttons__wrap uagb-buttons-layout-wrap\">\n<div class=\"wp-block-uagb-buttons-child uagb-buttons__outer-wrap uagb-block-d96e332c\"><div class=\"uagb-button__wrapper\"><a class=\"uagb-buttons-repeater\" href=\"#\" rel=\"noopener noreferrer\" target=\"_self\"><div class=\"uagb-button__link\">VEURE M\u00c9S<\/div><\/a><\/div><\/div>\n<\/div><\/div>\n\n\n\n<div style=\"height:40px\" aria-hidden=\"true\" class=\"wp-block-spacer\"><\/div>\n<\/div><\/div>\n","protected":false},"excerpt":{"rendered":"<p>Normes d&#8217;\u00fas del sistema d&#8217;atenci\u00f3 mitjan\u00e7ant cita pr\u00e8via 1.Normes generals La sol\u00b7licitud de cita pr\u00e8via per a la prestaci\u00f3 d&#8217;un servei per part de la corporaci\u00f3 podr\u00e0 realitzar-se a trav\u00e9s de sol\u00b7licitud o tr\u00e0mit electr\u00f2nic, per tel\u00e8fon o presencialment.Aix\u00ed mateix, el ciutad\u00e0 podr\u00e0 triar a trav\u00e9s que mitj\u00e0 vol ser at\u00e9s, telem\u00e0tic (una videollamada), telef\u00f2nic &#8230; <a title=\"Cita pr\u00e8via\" class=\"read-more\" href=\"https:\/\/colefcafecv.com\/ca\/finestreta\/oficina-datencio-al-ciutada\/cita-previa\/\" aria-label=\"Read more about Cita pr\u00e8via\">Read more<\/a><\/p>\n","protected":false},"author":1,"featured_media":5928,"parent":6714,"menu_order":0,"comment_status":"closed","ping_status":"closed","template":"","meta":{"_uag_custom_page_level_css":"","_jet_sm_ready_style":"","_jet_sm_style":"","_jet_sm_controls_values":"","_jet_sm_fonts_collection":"","_jet_sm_fonts_links":"","footnotes":""},"class_list":["post-6719","page","type-page","status-publish","has-post-thumbnail"],"yoast_head":"<!-- This site is optimized with the Yoast SEO plugin v27.3 - https:\/\/yoast.com\/product\/yoast-seo-wordpress\/ -->\n<title>Cita pr\u00e8via - COLEF CV<\/title>\n<meta name=\"robots\" content=\"index, follow, max-snippet:-1, max-image-preview:large, max-video-preview:-1\" \/>\n<link rel=\"canonical\" href=\"https:\/\/colefcafecv.com\/ca\/finestreta\/oficina-datencio-al-ciutada\/cita-previa\/\" \/>\n<meta property=\"og:locale\" content=\"en_US\" \/>\n<meta property=\"og:type\" content=\"article\" \/>\n<meta property=\"og:title\" content=\"Cita pr\u00e8via - COLEF CV\" \/>\n<meta property=\"og:description\" content=\"Normes d&#8217;\u00fas del sistema d&#8217;atenci\u00f3 mitjan\u00e7ant cita pr\u00e8via 1.Normes generals La sol\u00b7licitud de cita pr\u00e8via per a la prestaci\u00f3 d&#8217;un servei per part de la corporaci\u00f3 podr\u00e0 realitzar-se a trav\u00e9s de sol\u00b7licitud o tr\u00e0mit electr\u00f2nic, per tel\u00e8fon o presencialment.Aix\u00ed mateix, el ciutad\u00e0 podr\u00e0 triar a trav\u00e9s que mitj\u00e0 vol ser at\u00e9s, telem\u00e0tic (una videollamada), telef\u00f2nic ... Read more\" \/>\n<meta property=\"og:url\" content=\"https:\/\/colefcafecv.com\/ca\/finestreta\/oficina-datencio-al-ciutada\/cita-previa\/\" \/>\n<meta property=\"og:site_name\" content=\"COLEF CV\" \/>\n<meta property=\"article:publisher\" content=\"https:\/\/www.facebook.com\/colefcv\" \/>\n<meta name=\"twitter:card\" content=\"summary_large_image\" \/>\n<meta name=\"twitter:label1\" content=\"Est. reading time\" \/>\n\t<meta name=\"twitter:data1\" content=\"2 minutes\" \/>\n<script type=\"application\/ld+json\" class=\"yoast-schema-graph\">{\"@context\":\"https:\\\/\\\/schema.org\",\"@graph\":[{\"@type\":\"WebPage\",\"@id\":\"https:\\\/\\\/colefcafecv.com\\\/ca\\\/finestreta\\\/oficina-datencio-al-ciutada\\\/cita-previa\\\/\",\"url\":\"https:\\\/\\\/colefcafecv.com\\\/ca\\\/finestreta\\\/oficina-datencio-al-ciutada\\\/cita-previa\\\/\",\"name\":\"Cita pr\u00e8via - COLEF CV\",\"isPartOf\":{\"@id\":\"https:\\\/\\\/colefcafecv.com\\\/ca\\\/#website\"},\"primaryImageOfPage\":{\"@id\":\"https:\\\/\\\/colefcafecv.com\\\/ca\\\/finestreta\\\/oficina-datencio-al-ciutada\\\/cita-previa\\\/#primaryimage\"},\"image\":{\"@id\":\"https:\\\/\\\/colefcafecv.com\\\/ca\\\/finestreta\\\/oficina-datencio-al-ciutada\\\/cita-previa\\\/#primaryimage\"},\"thumbnailUrl\":\"https:\\\/\\\/colefcafecv.com\\\/wp-content\\\/uploads\\\/default_thumb.png\",\"datePublished\":\"2021-12-12T07:11:41+00:00\",\"breadcrumb\":{\"@id\":\"https:\\\/\\\/colefcafecv.com\\\/ca\\\/finestreta\\\/oficina-datencio-al-ciutada\\\/cita-previa\\\/#breadcrumb\"},\"inLanguage\":\"val\",\"potentialAction\":[{\"@type\":\"ReadAction\",\"target\":[\"https:\\\/\\\/colefcafecv.com\\\/ca\\\/finestreta\\\/oficina-datencio-al-ciutada\\\/cita-previa\\\/\"]}]},{\"@type\":\"ImageObject\",\"inLanguage\":\"val\",\"@id\":\"https:\\\/\\\/colefcafecv.com\\\/ca\\\/finestreta\\\/oficina-datencio-al-ciutada\\\/cita-previa\\\/#primaryimage\",\"url\":\"https:\\\/\\\/colefcafecv.com\\\/wp-content\\\/uploads\\\/default_thumb.png\",\"contentUrl\":\"https:\\\/\\\/colefcafecv.com\\\/wp-content\\\/uploads\\\/default_thumb.png\",\"width\":950,\"height\":650},{\"@type\":\"BreadcrumbList\",\"@id\":\"https:\\\/\\\/colefcafecv.com\\\/ca\\\/finestreta\\\/oficina-datencio-al-ciutada\\\/cita-previa\\\/#breadcrumb\",\"itemListElement\":[{\"@type\":\"ListItem\",\"position\":1,\"name\":\"Portada\",\"item\":\"https:\\\/\\\/colefcafecv.com\\\/ca\\\/\"},{\"@type\":\"ListItem\",\"position\":2,\"name\":\"Finestreta\",\"item\":\"https:\\\/\\\/colefcafecv.com\\\/ca\\\/finestreta\\\/\"},{\"@type\":\"ListItem\",\"position\":3,\"name\":\"Oficina d&#8217;atenci\u00f3 al ciutad\u00e0\",\"item\":\"https:\\\/\\\/colefcafecv.com\\\/ca\\\/finestreta\\\/oficina-datencio-al-ciutada\\\/\"},{\"@type\":\"ListItem\",\"position\":4,\"name\":\"Cita pr\u00e8via\"}]},{\"@type\":\"WebSite\",\"@id\":\"https:\\\/\\\/colefcafecv.com\\\/ca\\\/#website\",\"url\":\"https:\\\/\\\/colefcafecv.com\\\/ca\\\/\",\"name\":\"Colegio de Licenciados en Educaci\u00f3n F\u00edsica de la Comunidad Valenciana\",\"description\":\"Il lustre Col legi oficial de Llicenciats en Educaci\u00f3 F\u00edsica i en Ci\u00e8ncies de l\u00b4Activitat F\u00edsica i de l\u00b4Esport de la Comunitat Valenciana\",\"publisher\":{\"@id\":\"https:\\\/\\\/colefcafecv.com\\\/ca\\\/#organization\"},\"potentialAction\":[{\"@type\":\"SearchAction\",\"target\":{\"@type\":\"EntryPoint\",\"urlTemplate\":\"https:\\\/\\\/colefcafecv.com\\\/ca\\\/?s={search_term_string}\"},\"query-input\":{\"@type\":\"PropertyValueSpecification\",\"valueRequired\":true,\"valueName\":\"search_term_string\"}}],\"inLanguage\":\"val\"},{\"@type\":\"Organization\",\"@id\":\"https:\\\/\\\/colefcafecv.com\\\/ca\\\/#organization\",\"name\":\"Colegio de Licenciados en Educaci\u00f3n F\u00edsica de la Comunidad Valenciana\",\"url\":\"https:\\\/\\\/colefcafecv.com\\\/ca\\\/\",\"logo\":{\"@type\":\"ImageObject\",\"inLanguage\":\"val\",\"@id\":\"https:\\\/\\\/colefcafecv.com\\\/ca\\\/#\\\/schema\\\/logo\\\/image\\\/\",\"url\":\"https:\\\/\\\/colefcafecv.com\\\/wp-content\\\/uploads\\\/2021\\\/01\\\/simbolo-logotipo-colef.png\",\"contentUrl\":\"https:\\\/\\\/colefcafecv.com\\\/wp-content\\\/uploads\\\/2021\\\/01\\\/simbolo-logotipo-colef.png\",\"width\":213,\"height\":271,\"caption\":\"Colegio de Licenciados en Educaci\u00f3n F\u00edsica de la Comunidad Valenciana\"},\"image\":{\"@id\":\"https:\\\/\\\/colefcafecv.com\\\/ca\\\/#\\\/schema\\\/logo\\\/image\\\/\"},\"sameAs\":[\"https:\\\/\\\/www.facebook.com\\\/colefcv\"]}]}<\/script>\n<!-- \/ Yoast SEO plugin. -->","yoast_head_json":{"title":"Cita pr\u00e8via - COLEF CV","robots":{"index":"index","follow":"follow","max-snippet":"max-snippet:-1","max-image-preview":"max-image-preview:large","max-video-preview":"max-video-preview:-1"},"canonical":"https:\/\/colefcafecv.com\/ca\/finestreta\/oficina-datencio-al-ciutada\/cita-previa\/","og_locale":"en_US","og_type":"article","og_title":"Cita pr\u00e8via - COLEF CV","og_description":"Normes d&#8217;\u00fas del sistema d&#8217;atenci\u00f3 mitjan\u00e7ant cita pr\u00e8via 1.Normes generals La sol\u00b7licitud de cita pr\u00e8via per a la prestaci\u00f3 d&#8217;un servei per part de la corporaci\u00f3 podr\u00e0 realitzar-se a trav\u00e9s de sol\u00b7licitud o tr\u00e0mit electr\u00f2nic, per tel\u00e8fon o presencialment.Aix\u00ed mateix, el ciutad\u00e0 podr\u00e0 triar a trav\u00e9s que mitj\u00e0 vol ser at\u00e9s, telem\u00e0tic (una videollamada), telef\u00f2nic ... Read more","og_url":"https:\/\/colefcafecv.com\/ca\/finestreta\/oficina-datencio-al-ciutada\/cita-previa\/","og_site_name":"COLEF CV","article_publisher":"https:\/\/www.facebook.com\/colefcv","twitter_card":"summary_large_image","twitter_misc":{"Est. reading time":"2 minutes"},"schema":{"@context":"https:\/\/schema.org","@graph":[{"@type":"WebPage","@id":"https:\/\/colefcafecv.com\/ca\/finestreta\/oficina-datencio-al-ciutada\/cita-previa\/","url":"https:\/\/colefcafecv.com\/ca\/finestreta\/oficina-datencio-al-ciutada\/cita-previa\/","name":"Cita pr\u00e8via - COLEF CV","isPartOf":{"@id":"https:\/\/colefcafecv.com\/ca\/#website"},"primaryImageOfPage":{"@id":"https:\/\/colefcafecv.com\/ca\/finestreta\/oficina-datencio-al-ciutada\/cita-previa\/#primaryimage"},"image":{"@id":"https:\/\/colefcafecv.com\/ca\/finestreta\/oficina-datencio-al-ciutada\/cita-previa\/#primaryimage"},"thumbnailUrl":"https:\/\/colefcafecv.com\/wp-content\/uploads\/default_thumb.png","datePublished":"2021-12-12T07:11:41+00:00","breadcrumb":{"@id":"https:\/\/colefcafecv.com\/ca\/finestreta\/oficina-datencio-al-ciutada\/cita-previa\/#breadcrumb"},"inLanguage":"val","potentialAction":[{"@type":"ReadAction","target":["https:\/\/colefcafecv.com\/ca\/finestreta\/oficina-datencio-al-ciutada\/cita-previa\/"]}]},{"@type":"ImageObject","inLanguage":"val","@id":"https:\/\/colefcafecv.com\/ca\/finestreta\/oficina-datencio-al-ciutada\/cita-previa\/#primaryimage","url":"https:\/\/colefcafecv.com\/wp-content\/uploads\/default_thumb.png","contentUrl":"https:\/\/colefcafecv.com\/wp-content\/uploads\/default_thumb.png","width":950,"height":650},{"@type":"BreadcrumbList","@id":"https:\/\/colefcafecv.com\/ca\/finestreta\/oficina-datencio-al-ciutada\/cita-previa\/#breadcrumb","itemListElement":[{"@type":"ListItem","position":1,"name":"Portada","item":"https:\/\/colefcafecv.com\/ca\/"},{"@type":"ListItem","position":2,"name":"Finestreta","item":"https:\/\/colefcafecv.com\/ca\/finestreta\/"},{"@type":"ListItem","position":3,"name":"Oficina d&#8217;atenci\u00f3 al ciutad\u00e0","item":"https:\/\/colefcafecv.com\/ca\/finestreta\/oficina-datencio-al-ciutada\/"},{"@type":"ListItem","position":4,"name":"Cita pr\u00e8via"}]},{"@type":"WebSite","@id":"https:\/\/colefcafecv.com\/ca\/#website","url":"https:\/\/colefcafecv.com\/ca\/","name":"Colegio de Licenciados en Educaci\u00f3n F\u00edsica de la Comunidad Valenciana","description":"Il lustre Col legi oficial de Llicenciats en Educaci\u00f3 F\u00edsica i en Ci\u00e8ncies de l\u00b4Activitat F\u00edsica i de l\u00b4Esport de la Comunitat Valenciana","publisher":{"@id":"https:\/\/colefcafecv.com\/ca\/#organization"},"potentialAction":[{"@type":"SearchAction","target":{"@type":"EntryPoint","urlTemplate":"https:\/\/colefcafecv.com\/ca\/?s={search_term_string}"},"query-input":{"@type":"PropertyValueSpecification","valueRequired":true,"valueName":"search_term_string"}}],"inLanguage":"val"},{"@type":"Organization","@id":"https:\/\/colefcafecv.com\/ca\/#organization","name":"Colegio de Licenciados en Educaci\u00f3n F\u00edsica de la Comunidad Valenciana","url":"https:\/\/colefcafecv.com\/ca\/","logo":{"@type":"ImageObject","inLanguage":"val","@id":"https:\/\/colefcafecv.com\/ca\/#\/schema\/logo\/image\/","url":"https:\/\/colefcafecv.com\/wp-content\/uploads\/2021\/01\/simbolo-logotipo-colef.png","contentUrl":"https:\/\/colefcafecv.com\/wp-content\/uploads\/2021\/01\/simbolo-logotipo-colef.png","width":213,"height":271,"caption":"Colegio de Licenciados en Educaci\u00f3n F\u00edsica de la Comunidad Valenciana"},"image":{"@id":"https:\/\/colefcafecv.com\/ca\/#\/schema\/logo\/image\/"},"sameAs":["https:\/\/www.facebook.com\/colefcv"]}]}},"uagb_featured_image_src":{"full":["https:\/\/colefcafecv.com\/wp-content\/uploads\/default_thumb.png",950,650,false],"thumbnail":["https:\/\/colefcafecv.com\/wp-content\/uploads\/default_thumb-150x103.png",150,103,true],"medium":["https:\/\/colefcafecv.com\/wp-content\/uploads\/default_thumb-300x205.png",300,205,true],"medium_large":["https:\/\/colefcafecv.com\/wp-content\/uploads\/default_thumb-768x525.png",768,525,true],"large":["https:\/\/colefcafecv.com\/wp-content\/uploads\/default_thumb.png",950,650,false],"thumblist":["https:\/\/colefcafecv.com\/wp-content\/uploads\/default_thumb-300x300.png",300,300,true],"meccarouselthumb":["https:\/\/colefcafecv.com\/wp-content\/uploads\/default_thumb-474x324.png",474,324,true],"gridsquare":["https:\/\/colefcafecv.com\/wp-content\/uploads\/default_thumb-391x260.png",391,260,true],"tileview":["https:\/\/colefcafecv.com\/wp-content\/uploads\/default_thumb-300x400.png",300,400,true],"1536x1536":["https:\/\/colefcafecv.com\/wp-content\/uploads\/default_thumb.png",950,650,false],"2048x2048":["https:\/\/colefcafecv.com\/wp-content\/uploads\/default_thumb.png",950,650,false],"ultp_layout_landscape_large":["https:\/\/colefcafecv.com\/wp-content\/uploads\/default_thumb.png",950,650,false],"ultp_layout_landscape":["https:\/\/colefcafecv.com\/wp-content\/uploads\/default_thumb-870x570.png",870,570,true],"ultp_layout_portrait":["https:\/\/colefcafecv.com\/wp-content\/uploads\/default_thumb-600x650.png",600,650,true],"ultp_layout_square":["https:\/\/colefcafecv.com\/wp-content\/uploads\/default_thumb-600x600.png",600,600,true]},"uagb_author_info":{"display_name":"Roberto","author_link":"https:\/\/colefcafecv.com\/ca\/author\/administrador\/"},"uagb_comment_info":0,"uagb_excerpt":"Normes d&#8217;\u00fas del sistema d&#8217;atenci\u00f3 mitjan\u00e7ant cita pr\u00e8via 1.Normes generals La sol\u00b7licitud de cita pr\u00e8via per a la prestaci\u00f3 d&#8217;un servei per part de la corporaci\u00f3 podr\u00e0 realitzar-se a trav\u00e9s de sol\u00b7licitud o tr\u00e0mit electr\u00f2nic, per tel\u00e8fon o presencialment.Aix\u00ed mateix, el ciutad\u00e0 podr\u00e0 triar a trav\u00e9s que mitj\u00e0 vol ser at\u00e9s, telem\u00e0tic (una videollamada), telef\u00f2nic&hellip;","_links":{"self":[{"href":"https:\/\/colefcafecv.com\/ca\/wp-json\/wp\/v2\/pages\/6719","targetHints":{"allow":["GET"]}}],"collection":[{"href":"https:\/\/colefcafecv.com\/ca\/wp-json\/wp\/v2\/pages"}],"about":[{"href":"https:\/\/colefcafecv.com\/ca\/wp-json\/wp\/v2\/types\/page"}],"author":[{"embeddable":true,"href":"https:\/\/colefcafecv.com\/ca\/wp-json\/wp\/v2\/users\/1"}],"replies":[{"embeddable":true,"href":"https:\/\/colefcafecv.com\/ca\/wp-json\/wp\/v2\/comments?post=6719"}],"version-history":[{"count":1,"href":"https:\/\/colefcafecv.com\/ca\/wp-json\/wp\/v2\/pages\/6719\/revisions"}],"predecessor-version":[{"id":6720,"href":"https:\/\/colefcafecv.com\/ca\/wp-json\/wp\/v2\/pages\/6719\/revisions\/6720"}],"up":[{"embeddable":true,"href":"https:\/\/colefcafecv.com\/ca\/wp-json\/wp\/v2\/pages\/6714"}],"wp:featuredmedia":[{"embeddable":true,"href":"https:\/\/colefcafecv.com\/ca\/wp-json\/wp\/v2\/media\/5928"}],"wp:attachment":[{"href":"https:\/\/colefcafecv.com\/ca\/wp-json\/wp\/v2\/media?parent=6719"}],"curies":[{"name":"wp","href":"https:\/\/api.w.org\/{rel}","templated":true}]}}