{"id":6701,"date":"2021-12-11T17:50:12","date_gmt":"2021-12-11T16:50:12","guid":{"rendered":"https:\/\/colefcafecv.com\/serveis\/formacio\/subformacion\/"},"modified":"2021-12-11T17:50:12","modified_gmt":"2021-12-11T16:50:12","slug":"subformacion","status":"publish","type":"page","link":"https:\/\/colefcafecv.com\/ca\/serveis\/formacio\/subformacion\/","title":{"rendered":"Subformaci\u00f3n"},"content":{"rendered":"","protected":false},"excerpt":{"rendered":"","protected":false},"author":1,"featured_media":5928,"parent":3827,"menu_order":0,"comment_status":"closed","ping_status":"closed","template":"","meta":{"_uag_custom_page_level_css":"","_jet_sm_ready_style":"","_jet_sm_style":"","_jet_sm_controls_values":"","_jet_sm_fonts_collection":"","_jet_sm_fonts_links":"","footnotes":""},"class_list":["post-6701","page","type-page","status-publish","has-post-thumbnail"],"yoast_head":"<!-- This site is optimized with the Yoast SEO plugin v27.3 - https:\/\/yoast.com\/product\/yoast-seo-wordpress\/ -->\n<title>Subformaci\u00f3n - COLEF CV<\/title>\n<meta name=\"robots\" content=\"index, follow, max-snippet:-1, max-image-preview:large, max-video-preview:-1\" \/>\n<link rel=\"canonical\" href=\"https:\/\/colefcafecv.com\/ca\/serveis\/formacio\/subformacion\/\" \/>\n<meta property=\"og:locale\" content=\"en_US\" \/>\n<meta property=\"og:type\" content=\"article\" \/>\n<meta property=\"og:title\" content=\"Subformaci\u00f3n - COLEF CV\" \/>\n<meta property=\"og:url\" content=\"https:\/\/colefcafecv.com\/ca\/serveis\/formacio\/subformacion\/\" \/>\n<meta property=\"og:site_name\" content=\"COLEF CV\" \/>\n<meta property=\"article:publisher\" content=\"https:\/\/www.facebook.com\/colefcv\" \/>\n<meta name=\"twitter:card\" content=\"summary_large_image\" \/>\n<script type=\"application\/ld+json\" class=\"yoast-schema-graph\">{\"@context\":\"https:\\\/\\\/schema.org\",\"@graph\":[{\"@type\":\"WebPage\",\"@id\":\"https:\\\/\\\/colefcafecv.com\\\/ca\\\/serveis\\\/formacio\\\/subformacion\\\/\",\"url\":\"https:\\\/\\\/colefcafecv.com\\\/ca\\\/serveis\\\/formacio\\\/subformacion\\\/\",\"name\":\"Subformaci\u00f3n - COLEF CV\",\"isPartOf\":{\"@id\":\"https:\\\/\\\/colefcafecv.com\\\/ca\\\/#website\"},\"primaryImageOfPage\":{\"@id\":\"https:\\\/\\\/colefcafecv.com\\\/ca\\\/serveis\\\/formacio\\\/subformacion\\\/#primaryimage\"},\"image\":{\"@id\":\"https:\\\/\\\/colefcafecv.com\\\/ca\\\/serveis\\\/formacio\\\/subformacion\\\/#primaryimage\"},\"thumbnailUrl\":\"https:\\\/\\\/colefcafecv.com\\\/wp-content\\\/uploads\\\/default_thumb.png\",\"datePublished\":\"2021-12-11T16:50:12+00:00\",\"breadcrumb\":{\"@id\":\"https:\\\/\\\/colefcafecv.com\\\/ca\\\/serveis\\\/formacio\\\/subformacion\\\/#breadcrumb\"},\"inLanguage\":\"val\",\"potentialAction\":[{\"@type\":\"ReadAction\",\"target\":[\"https:\\\/\\\/colefcafecv.com\\\/ca\\\/serveis\\\/formacio\\\/subformacion\\\/\"]}]},{\"@type\":\"ImageObject\",\"inLanguage\":\"val\",\"@id\":\"https:\\\/\\\/colefcafecv.com\\\/ca\\\/serveis\\\/formacio\\\/subformacion\\\/#primaryimage\",\"url\":\"https:\\\/\\\/colefcafecv.com\\\/wp-content\\\/uploads\\\/default_thumb.png\",\"contentUrl\":\"https:\\\/\\\/colefcafecv.com\\\/wp-content\\\/uploads\\\/default_thumb.png\",\"width\":950,\"height\":650},{\"@type\":\"BreadcrumbList\",\"@id\":\"https:\\\/\\\/colefcafecv.com\\\/ca\\\/serveis\\\/formacio\\\/subformacion\\\/#breadcrumb\",\"itemListElement\":[{\"@type\":\"ListItem\",\"position\":1,\"name\":\"Portada\",\"item\":\"https:\\\/\\\/colefcafecv.com\\\/ca\\\/\"},{\"@type\":\"ListItem\",\"position\":2,\"name\":\"Serveis\",\"item\":\"https:\\\/\\\/colefcafecv.com\\\/ca\\\/serveis\\\/\"},{\"@type\":\"ListItem\",\"position\":3,\"name\":\"Formaci\u00f3\",\"item\":\"https:\\\/\\\/colefcafecv.com\\\/ca\\\/serveis\\\/formacio\\\/\"},{\"@type\":\"ListItem\",\"position\":4,\"name\":\"Subformaci\u00f3n\"}]},{\"@type\":\"WebSite\",\"@id\":\"https:\\\/\\\/colefcafecv.com\\\/ca\\\/#website\",\"url\":\"https:\\\/\\\/colefcafecv.com\\\/ca\\\/\",\"name\":\"Colegio de Licenciados en Educaci\u00f3n F\u00edsica de la Comunidad Valenciana\",\"description\":\"Il lustre Col legi oficial de Llicenciats en Educaci\u00f3 F\u00edsica i en Ci\u00e8ncies de l\u00b4Activitat F\u00edsica i de l\u00b4Esport de la Comunitat Valenciana\",\"publisher\":{\"@id\":\"https:\\\/\\\/colefcafecv.com\\\/ca\\\/#organization\"},\"potentialAction\":[{\"@type\":\"SearchAction\",\"target\":{\"@type\":\"EntryPoint\",\"urlTemplate\":\"https:\\\/\\\/colefcafecv.com\\\/ca\\\/?s={search_term_string}\"},\"query-input\":{\"@type\":\"PropertyValueSpecification\",\"valueRequired\":true,\"valueName\":\"search_term_string\"}}],\"inLanguage\":\"val\"},{\"@type\":\"Organization\",\"@id\":\"https:\\\/\\\/colefcafecv.com\\\/ca\\\/#organization\",\"name\":\"Colegio de Licenciados en Educaci\u00f3n F\u00edsica de la Comunidad Valenciana\",\"url\":\"https:\\\/\\\/colefcafecv.com\\\/ca\\\/\",\"logo\":{\"@type\":\"ImageObject\",\"inLanguage\":\"val\",\"@id\":\"https:\\\/\\\/colefcafecv.com\\\/ca\\\/#\\\/schema\\\/logo\\\/image\\\/\",\"url\":\"https:\\\/\\\/colefcafecv.com\\\/wp-content\\\/uploads\\\/2021\\\/01\\\/simbolo-logotipo-colef.png\",\"contentUrl\":\"https:\\\/\\\/colefcafecv.com\\\/wp-content\\\/uploads\\\/2021\\\/01\\\/simbolo-logotipo-colef.png\",\"width\":213,\"height\":271,\"caption\":\"Colegio de Licenciados en Educaci\u00f3n F\u00edsica de la Comunidad Valenciana\"},\"image\":{\"@id\":\"https:\\\/\\\/colefcafecv.com\\\/ca\\\/#\\\/schema\\\/logo\\\/image\\\/\"},\"sameAs\":[\"https:\\\/\\\/www.facebook.com\\\/colefcv\"]}]}<\/script>\n<!-- \/ Yoast SEO plugin. -->","yoast_head_json":{"title":"Subformaci\u00f3n - COLEF CV","robots":{"index":"index","follow":"follow","max-snippet":"max-snippet:-1","max-image-preview":"max-image-preview:large","max-video-preview":"max-video-preview:-1"},"canonical":"https:\/\/colefcafecv.com\/ca\/serveis\/formacio\/subformacion\/","og_locale":"en_US","og_type":"article","og_title":"Subformaci\u00f3n - COLEF CV","og_url":"https:\/\/colefcafecv.com\/ca\/serveis\/formacio\/subformacion\/","og_site_name":"COLEF CV","article_publisher":"https:\/\/www.facebook.com\/colefcv","twitter_card":"summary_large_image","schema":{"@context":"https:\/\/schema.org","@graph":[{"@type":"WebPage","@id":"https:\/\/colefcafecv.com\/ca\/serveis\/formacio\/subformacion\/","url":"https:\/\/colefcafecv.com\/ca\/serveis\/formacio\/subformacion\/","name":"Subformaci\u00f3n - COLEF CV","isPartOf":{"@id":"https:\/\/colefcafecv.com\/ca\/#website"},"primaryImageOfPage":{"@id":"https:\/\/colefcafecv.com\/ca\/serveis\/formacio\/subformacion\/#primaryimage"},"image":{"@id":"https:\/\/colefcafecv.com\/ca\/serveis\/formacio\/subformacion\/#primaryimage"},"thumbnailUrl":"https:\/\/colefcafecv.com\/wp-content\/uploads\/default_thumb.png","datePublished":"2021-12-11T16:50:12+00:00","breadcrumb":{"@id":"https:\/\/colefcafecv.com\/ca\/serveis\/formacio\/subformacion\/#breadcrumb"},"inLanguage":"val","potentialAction":[{"@type":"ReadAction","target":["https:\/\/colefcafecv.com\/ca\/serveis\/formacio\/subformacion\/"]}]},{"@type":"ImageObject","inLanguage":"val","@id":"https:\/\/colefcafecv.com\/ca\/serveis\/formacio\/subformacion\/#primaryimage","url":"https:\/\/colefcafecv.com\/wp-content\/uploads\/default_thumb.png","contentUrl":"https:\/\/colefcafecv.com\/wp-content\/uploads\/default_thumb.png","width":950,"height":650},{"@type":"BreadcrumbList","@id":"https:\/\/colefcafecv.com\/ca\/serveis\/formacio\/subformacion\/#breadcrumb","itemListElement":[{"@type":"ListItem","position":1,"name":"Portada","item":"https:\/\/colefcafecv.com\/ca\/"},{"@type":"ListItem","position":2,"name":"Serveis","item":"https:\/\/colefcafecv.com\/ca\/serveis\/"},{"@type":"ListItem","position":3,"name":"Formaci\u00f3","item":"https:\/\/colefcafecv.com\/ca\/serveis\/formacio\/"},{"@type":"ListItem","position":4,"name":"Subformaci\u00f3n"}]},{"@type":"WebSite","@id":"https:\/\/colefcafecv.com\/ca\/#website","url":"https:\/\/colefcafecv.com\/ca\/","name":"Colegio de Licenciados en Educaci\u00f3n F\u00edsica de la Comunidad Valenciana","description":"Il lustre Col legi oficial de Llicenciats en Educaci\u00f3 F\u00edsica i en Ci\u00e8ncies de l\u00b4Activitat F\u00edsica i de l\u00b4Esport de la Comunitat Valenciana","publisher":{"@id":"https:\/\/colefcafecv.com\/ca\/#organization"},"potentialAction":[{"@type":"SearchAction","target":{"@type":"EntryPoint","urlTemplate":"https:\/\/colefcafecv.com\/ca\/?s={search_term_string}"},"query-input":{"@type":"PropertyValueSpecification","valueRequired":true,"valueName":"search_term_string"}}],"inLanguage":"val"},{"@type":"Organization","@id":"https:\/\/colefcafecv.com\/ca\/#organization","name":"Colegio de Licenciados en Educaci\u00f3n F\u00edsica de la Comunidad Valenciana","url":"https:\/\/colefcafecv.com\/ca\/","logo":{"@type":"ImageObject","inLanguage":"val","@id":"https:\/\/colefcafecv.com\/ca\/#\/schema\/logo\/image\/","url":"https:\/\/colefcafecv.com\/wp-content\/uploads\/2021\/01\/simbolo-logotipo-colef.png","contentUrl":"https:\/\/colefcafecv.com\/wp-content\/uploads\/2021\/01\/simbolo-logotipo-colef.png","width":213,"height":271,"caption":"Colegio de Licenciados en Educaci\u00f3n F\u00edsica de la Comunidad Valenciana"},"image":{"@id":"https:\/\/colefcafecv.com\/ca\/#\/schema\/logo\/image\/"},"sameAs":["https:\/\/www.facebook.com\/colefcv"]}]}},"uagb_featured_image_src":{"full":["https:\/\/colefcafecv.com\/wp-content\/uploads\/default_thumb.png",950,650,false],"thumbnail":["https:\/\/colefcafecv.com\/wp-content\/uploads\/default_thumb-150x103.png",150,103,true],"medium":["https:\/\/colefcafecv.com\/wp-content\/uploads\/default_thumb-300x205.png",300,205,true],"medium_large":["https:\/\/colefcafecv.com\/wp-content\/uploads\/default_thumb-768x525.png",768,525,true],"large":["https:\/\/colefcafecv.com\/wp-content\/uploads\/default_thumb.png",950,650,false],"thumblist":["https:\/\/colefcafecv.com\/wp-content\/uploads\/default_thumb-300x300.png",300,300,true],"meccarouselthumb":["https:\/\/colefcafecv.com\/wp-content\/uploads\/default_thumb-474x324.png",474,324,true],"gridsquare":["https:\/\/colefcafecv.com\/wp-content\/uploads\/default_thumb-391x260.png",391,260,true],"tileview":["https:\/\/colefcafecv.com\/wp-content\/uploads\/default_thumb-300x400.png",300,400,true],"1536x1536":["https:\/\/colefcafecv.com\/wp-content\/uploads\/default_thumb.png",950,650,false],"2048x2048":["https:\/\/colefcafecv.com\/wp-content\/uploads\/default_thumb.png",950,650,false],"ultp_layout_landscape_large":["https:\/\/colefcafecv.com\/wp-content\/uploads\/default_thumb.png",950,650,false],"ultp_layout_landscape":["https:\/\/colefcafecv.com\/wp-content\/uploads\/default_thumb-870x570.png",870,570,true],"ultp_layout_portrait":["https:\/\/colefcafecv.com\/wp-content\/uploads\/default_thumb-600x650.png",600,650,true],"ultp_layout_square":["https:\/\/colefcafecv.com\/wp-content\/uploads\/default_thumb-600x600.png",600,600,true]},"uagb_author_info":{"display_name":"Roberto","author_link":"https:\/\/colefcafecv.com\/ca\/author\/administrador\/"},"uagb_comment_info":0,"uagb_excerpt":null,"_links":{"self":[{"href":"https:\/\/colefcafecv.com\/ca\/wp-json\/wp\/v2\/pages\/6701","targetHints":{"allow":["GET"]}}],"collection":[{"href":"https:\/\/colefcafecv.com\/ca\/wp-json\/wp\/v2\/pages"}],"about":[{"href":"https:\/\/colefcafecv.com\/ca\/wp-json\/wp\/v2\/types\/page"}],"author":[{"embeddable":true,"href":"https:\/\/colefcafecv.com\/ca\/wp-json\/wp\/v2\/users\/1"}],"replies":[{"embeddable":true,"href":"https:\/\/colefcafecv.com\/ca\/wp-json\/wp\/v2\/comments?post=6701"}],"version-history":[{"count":0,"href":"https:\/\/colefcafecv.com\/ca\/wp-json\/wp\/v2\/pages\/6701\/revisions"}],"up":[{"embeddable":true,"href":"https:\/\/colefcafecv.com\/ca\/wp-json\/wp\/v2\/pages\/3827"}],"wp:featuredmedia":[{"embeddable":true,"href":"https:\/\/colefcafecv.com\/ca\/wp-json\/wp\/v2\/media\/5928"}],"wp:attachment":[{"href":"https:\/\/colefcafecv.com\/ca\/wp-json\/wp\/v2\/media?parent=6701"}],"curies":[{"name":"wp","href":"https:\/\/api.w.org\/{rel}","templated":true}]}}