{"id":6634,"date":"2021-12-11T15:05:55","date_gmt":"2021-12-11T14:05:55","guid":{"rendered":"https:\/\/colefcafecv.com\/col%c2%b7legiacio\/col%c2%b7legiacio-en-linia\/dades-bancaries\/"},"modified":"2021-12-11T15:05:55","modified_gmt":"2021-12-11T14:05:55","slug":"dades-bancaries","status":"publish","type":"page","link":"https:\/\/colefcafecv.com\/ca\/col%c2%b7legiacio\/col%c2%b7legiacio-en-linia\/dades-bancaries\/","title":{"rendered":"Dades banc\u00e0ries"},"content":{"rendered":"\n<div class=\"wp-block-cover alignfull has-medium-primary-background-color has-background-dim bloque-titulo\" style=\"min-height:200px;aspect-ratio:unset;\"><div class=\"wp-block-cover__inner-container is-layout-flow wp-block-cover-is-layout-flow\">\n<div class=\"wp-block-columns is-layout-flex wp-container-core-columns-is-layout-9d6595d7 wp-block-columns-is-layout-flex\">\n<div class=\"wp-block-column is-layout-flow wp-block-column-is-layout-flow\" style=\"flex-basis:66.66%\">\n<h1 class=\"wp-block-heading\"><strong>Dades banc\u00e0ries<\/strong><\/h1>\n\n\n\n<p><\/p>\n<\/div>\n\n\n\n<div class=\"wp-block-column is-layout-flow wp-block-column-is-layout-flow\" style=\"flex-basis:33.33%\"><style>.kt-svg-icons_2a71d2-97 .kt-svg-item-0 .kb-svg-icon-wrap{color:#ffffff;font-size:32px;}.kt-svg-icons_2a71d2-97 .kt-svg-item-1 .kb-svg-icon-wrap{color:#ffffff;font-size:32px;}.wp-block-kadence-icon.kt-svg-icons_2a71d2-97{justify-content:flex-end;}<\/style>\n<div class=\"wp-block-kadence-icon kt-svg-icons kt-svg-icons_2a71d2-97 alignright\" style=\"text-align:right\"><div class=\"kt-svg-style-default kt-svg-icon-wrap kt-svg-item-0\"><div style=\"display:inline-flex;justify-content:center;align-items:center;color:#ffffff;margin-top:8px;margin-right:8px;margin-bottom:8px;margin-left:8px\" class=\"kt-svg-icon kt-svg-icon-fas_share-alt\"><svg style=\"display:inline-block;vertical-align:middle\" viewbox=\"0 0 448 512\" height=\"32\" width=\"32\" fill=\"currentColor\" xmlns=\"http:\/\/www.w3.org\/2000\/svg\"><path d=\"M352 320c-22.608 0-43.387 7.819-59.79 20.895l-102.486-64.054a96.551 96.551 0 0 0 0-41.683l102.486-64.054C308.613 184.181 329.392 192 352 192c53.019 0 96-42.981 96-96S405.019 0 352 0s-96 42.981-96 96c0 7.158.79 14.13 2.276 20.841L155.79 180.895C139.387 167.819 118.608 160 96 160c-53.019 0-96 42.981-96 96s42.981 96 96 96c22.608 0 43.387-7.819 59.79-20.895l102.486 64.054A96.301 96.301 0 0 0 256 416c0 53.019 42.981 96 96 96s96-42.981 96-96-42.981-96-96-96z\"><\/path><\/svg><\/div><\/div><div class=\"kt-svg-style-default kt-svg-icon-wrap kt-svg-item-1\"><div style=\"display:inline-flex;justify-content:center;align-items:center;color:#ffffff;margin-top:8px;margin-right:8px;margin-bottom:8px;margin-left:8px\" class=\"kt-svg-icon kt-svg-icon-fe_printer\"><svg style=\"display:inline-block;vertical-align:middle\" viewbox=\"0 0 24 24\" height=\"32\" width=\"32\" fill=\"none\" stroke=\"currentColor\" xmlns=\"http:\/\/www.w3.org\/2000\/svg\" stroke-width=\"2\" stroke-linecap=\"round\" stroke-linejoin=\"round\"><polyline points=\"6 9 6 2 18 2 18 9\"><\/polyline><path d=\"M6 18H4a2 2 0 0 1-2-2v-5a2 2 0 0 1 2-2h16a2 2 0 0 1 2 2v5a2 2 0 0 1-2 2h-2\"><\/path><rect x=\"6\" y=\"14\" width=\"12\" height=\"8\"><\/rect><\/svg><\/div><\/div><\/div>\n<\/div>\n<\/div>\n<\/div><\/div>\n\n<div class=\"wp-block-columns is-layout-flex wp-container-core-columns-is-layout-9d6595d7 wp-block-columns-is-layout-flex\">\n<div class=\"wp-block-column is-layout-flow wp-block-column-is-layout-flow\" style=\"flex-basis:20%\"><div class=\"shortcode-menu\"><div class=\"menu-menu-formulario-colegiacion-val-container\"><ul id=\"menu-menu-formulario-colegiacion-val\" class=\"menu \"><li id=\"menu-item-6857\" class=\"menu-item menu-item-type-post_type menu-item-object-page menu-item-6857\"><a href=\"https:\/\/colefcafecv.com\/ca\/col%c2%b7legiacio\/col%c2%b7legiacio-en-linia\/benvingut\/\">Benvingut<\/a><\/li>\n<li id=\"menu-item-6858\" class=\"menu-item menu-item-type-post_type menu-item-object-page menu-item-6858\"><a href=\"https:\/\/colefcafecv.com\/ca\/col%c2%b7legiacio\/col%c2%b7legiacio-en-linia\/proteccio-de-dades\/\">Protecci\u00f3 de dades<\/a><\/li>\n<li id=\"menu-item-6859\" class=\"menu-item menu-item-type-post_type menu-item-object-page menu-item-6859\"><a href=\"https:\/\/colefcafecv.com\/ca\/col%c2%b7legiacio\/col%c2%b7legiacio-en-linia\/imatge-i-comercial\/\">Imatge i comercial<\/a><\/li>\n<li id=\"menu-item-6860\" class=\"menu-item menu-item-type-post_type menu-item-object-page menu-item-6860\"><a href=\"https:\/\/colefcafecv.com\/ca\/col%c2%b7legiacio\/col%c2%b7legiacio-en-linia\/dades-personals\/\">Dades personals<\/a><\/li>\n<li id=\"menu-item-6861\" class=\"menu-item menu-item-type-post_type menu-item-object-page menu-item-6861\"><a href=\"https:\/\/colefcafecv.com\/ca\/col%c2%b7legiacio\/col%c2%b7legiacio-en-linia\/dades-bancaries\/\">Dades banc\u00e0ries<\/a><\/li>\n<li id=\"menu-item-6862\" class=\"menu-item menu-item-type-post_type menu-item-object-page menu-item-6862\"><a href=\"https:\/\/colefcafecv.com\/ca\/col%c2%b7legiacio\/col%c2%b7legiacio-en-linia\/dades-academiques\/\">Dades acad\u00e8miques<\/a><\/li>\n<li id=\"menu-item-6863\" class=\"menu-item menu-item-type-post_type menu-item-object-page menu-item-6863\"><a href=\"https:\/\/colefcafecv.com\/ca\/col%c2%b7legiacio\/col%c2%b7legiacio-en-linia\/modalitats\/\">Modalitats<\/a><\/li>\n<li id=\"menu-item-6864\" class=\"menu-item menu-item-type-post_type menu-item-object-page menu-item-6864\"><a href=\"https:\/\/colefcafecv.com\/ca\/col%c2%b7legiacio\/col%c2%b7legiacio-en-linia\/documents\/\">Documents<\/a><\/li>\n<\/ul><\/div><\/div>\n<\/div>\n\n\n\n<div class=\"wp-block-column is-layout-flow wp-block-column-is-layout-flow\" style=\"flex-basis:80%\"><div role=\"form\" class=\"wpcf7\" id=\"wpcf7-f6940-o1\" lang=\"val\" dir=\"ltr\">\n<div class=\"screen-reader-response\"><p role=\"status\" aria-live=\"polite\" aria-atomic=\"true\"><\/p> <ul><\/ul><\/div>\n<form action=\"\/ca\/wp-json\/wp\/v2\/pages\/6634#wpcf7-f6940-o1\" method=\"post\" class=\"wpcf7-form init\" novalidate=\"novalidate\" data-status=\"init\">\n<div style=\"display: none;\">\n<input type=\"hidden\" name=\"_wpcf7\" value=\"6940\" \/>\n<input type=\"hidden\" name=\"_wpcf7_version\" value=\"5.5.1\" \/>\n<input type=\"hidden\" name=\"_wpcf7_locale\" value=\"val\" \/>\n<input type=\"hidden\" name=\"_wpcf7_unit_tag\" value=\"wpcf7-f6940-o1\" \/>\n<input type=\"hidden\" name=\"_wpcf7_container_post\" value=\"0\" \/>\n<input type=\"hidden\" name=\"_wpcf7_posted_data_hash\" value=\"\" \/>\n<\/div>\n<p>Per favor complete el formulari de la p\u00e0gina anterior.<\/p>\n<div class=\"wpcf7-response-output\" aria-hidden=\"true\"><\/div><\/form><\/div>\n<\/div>\n<\/div>\n\n<p><\/p>\n","protected":false},"excerpt":{"rendered":"","protected":false},"author":1,"featured_media":5928,"parent":6633,"menu_order":0,"comment_status":"closed","ping_status":"closed","template":"","meta":{"_uag_custom_page_level_css":"","_jet_sm_ready_style":"","_jet_sm_style":"","_jet_sm_controls_values":"","_jet_sm_fonts_collection":"","_jet_sm_fonts_links":"","footnotes":""},"class_list":["post-6634","page","type-page","status-publish","has-post-thumbnail"],"yoast_head":"<!-- This site is optimized with the Yoast SEO plugin v27.4 - https:\/\/yoast.com\/product\/yoast-seo-wordpress\/ -->\n<title>Dades banc\u00e0ries - COLEF CV<\/title>\n<meta name=\"robots\" content=\"index, follow, max-snippet:-1, max-image-preview:large, max-video-preview:-1\" \/>\n<link rel=\"canonical\" href=\"https:\/\/colefcafecv.com\/ca\/col%c2%b7legiacio\/col%c2%b7legiacio-en-linia\/dades-bancaries\/\" \/>\n<meta property=\"og:locale\" content=\"en_US\" \/>\n<meta property=\"og:type\" content=\"article\" \/>\n<meta property=\"og:title\" content=\"Dades banc\u00e0ries - COLEF CV\" \/>\n<meta property=\"og:url\" content=\"https:\/\/colefcafecv.com\/ca\/col%c2%b7legiacio\/col%c2%b7legiacio-en-linia\/dades-bancaries\/\" \/>\n<meta property=\"og:site_name\" content=\"COLEF CV\" \/>\n<meta property=\"article:publisher\" content=\"https:\/\/www.facebook.com\/colefcv\" \/>\n<meta name=\"twitter:card\" content=\"summary_large_image\" \/>\n<script type=\"application\/ld+json\" class=\"yoast-schema-graph\">{\"@context\":\"https:\\\/\\\/schema.org\",\"@graph\":[{\"@type\":\"WebPage\",\"@id\":\"https:\\\/\\\/colefcafecv.com\\\/ca\\\/col%c2%b7legiacio\\\/col%c2%b7legiacio-en-linia\\\/dades-bancaries\\\/\",\"url\":\"https:\\\/\\\/colefcafecv.com\\\/ca\\\/col%c2%b7legiacio\\\/col%c2%b7legiacio-en-linia\\\/dades-bancaries\\\/\",\"name\":\"Dades banc\u00e0ries - COLEF CV\",\"isPartOf\":{\"@id\":\"https:\\\/\\\/colefcafecv.com\\\/ca\\\/#website\"},\"primaryImageOfPage\":{\"@id\":\"https:\\\/\\\/colefcafecv.com\\\/ca\\\/col%c2%b7legiacio\\\/col%c2%b7legiacio-en-linia\\\/dades-bancaries\\\/#primaryimage\"},\"image\":{\"@id\":\"https:\\\/\\\/colefcafecv.com\\\/ca\\\/col%c2%b7legiacio\\\/col%c2%b7legiacio-en-linia\\\/dades-bancaries\\\/#primaryimage\"},\"thumbnailUrl\":\"https:\\\/\\\/colefcafecv.com\\\/wp-content\\\/uploads\\\/default_thumb.png\",\"datePublished\":\"2021-12-11T14:05:55+00:00\",\"breadcrumb\":{\"@id\":\"https:\\\/\\\/colefcafecv.com\\\/ca\\\/col%c2%b7legiacio\\\/col%c2%b7legiacio-en-linia\\\/dades-bancaries\\\/#breadcrumb\"},\"inLanguage\":\"val\",\"potentialAction\":[{\"@type\":\"ReadAction\",\"target\":[\"https:\\\/\\\/colefcafecv.com\\\/ca\\\/col%c2%b7legiacio\\\/col%c2%b7legiacio-en-linia\\\/dades-bancaries\\\/\"]}]},{\"@type\":\"ImageObject\",\"inLanguage\":\"val\",\"@id\":\"https:\\\/\\\/colefcafecv.com\\\/ca\\\/col%c2%b7legiacio\\\/col%c2%b7legiacio-en-linia\\\/dades-bancaries\\\/#primaryimage\",\"url\":\"https:\\\/\\\/colefcafecv.com\\\/wp-content\\\/uploads\\\/default_thumb.png\",\"contentUrl\":\"https:\\\/\\\/colefcafecv.com\\\/wp-content\\\/uploads\\\/default_thumb.png\",\"width\":950,\"height\":650},{\"@type\":\"BreadcrumbList\",\"@id\":\"https:\\\/\\\/colefcafecv.com\\\/ca\\\/col%c2%b7legiacio\\\/col%c2%b7legiacio-en-linia\\\/dades-bancaries\\\/#breadcrumb\",\"itemListElement\":[{\"@type\":\"ListItem\",\"position\":1,\"name\":\"Portada\",\"item\":\"https:\\\/\\\/colefcafecv.com\\\/ca\\\/\"},{\"@type\":\"ListItem\",\"position\":2,\"name\":\"Col\u00b7legiaci\u00f3\",\"item\":\"https:\\\/\\\/colefcafecv.com\\\/ca\\\/col%c2%b7legiacio\\\/\"},{\"@type\":\"ListItem\",\"position\":3,\"name\":\"Col\u00b7legiaci\u00f3 en l\u00ednia\",\"item\":\"https:\\\/\\\/colefcafecv.com\\\/ca\\\/col%c2%b7legiacio\\\/col%c2%b7legiacio-en-linia\\\/\"},{\"@type\":\"ListItem\",\"position\":4,\"name\":\"Dades banc\u00e0ries\"}]},{\"@type\":\"WebSite\",\"@id\":\"https:\\\/\\\/colefcafecv.com\\\/ca\\\/#website\",\"url\":\"https:\\\/\\\/colefcafecv.com\\\/ca\\\/\",\"name\":\"Colegio de Licenciados en Educaci\u00f3n F\u00edsica de la Comunidad Valenciana\",\"description\":\"Il lustre Col legi oficial de Llicenciats en Educaci\u00f3 F\u00edsica i en Ci\u00e8ncies de l\u00b4Activitat F\u00edsica i de l\u00b4Esport de la Comunitat Valenciana\",\"publisher\":{\"@id\":\"https:\\\/\\\/colefcafecv.com\\\/ca\\\/#organization\"},\"potentialAction\":[{\"@type\":\"SearchAction\",\"target\":{\"@type\":\"EntryPoint\",\"urlTemplate\":\"https:\\\/\\\/colefcafecv.com\\\/ca\\\/?s={search_term_string}\"},\"query-input\":{\"@type\":\"PropertyValueSpecification\",\"valueRequired\":true,\"valueName\":\"search_term_string\"}}],\"inLanguage\":\"val\"},{\"@type\":\"Organization\",\"@id\":\"https:\\\/\\\/colefcafecv.com\\\/ca\\\/#organization\",\"name\":\"Colegio de Licenciados en Educaci\u00f3n F\u00edsica de la Comunidad Valenciana\",\"url\":\"https:\\\/\\\/colefcafecv.com\\\/ca\\\/\",\"logo\":{\"@type\":\"ImageObject\",\"inLanguage\":\"val\",\"@id\":\"https:\\\/\\\/colefcafecv.com\\\/ca\\\/#\\\/schema\\\/logo\\\/image\\\/\",\"url\":\"https:\\\/\\\/colefcafecv.com\\\/wp-content\\\/uploads\\\/2021\\\/01\\\/simbolo-logotipo-colef.png\",\"contentUrl\":\"https:\\\/\\\/colefcafecv.com\\\/wp-content\\\/uploads\\\/2021\\\/01\\\/simbolo-logotipo-colef.png\",\"width\":213,\"height\":271,\"caption\":\"Colegio de Licenciados en Educaci\u00f3n F\u00edsica de la Comunidad Valenciana\"},\"image\":{\"@id\":\"https:\\\/\\\/colefcafecv.com\\\/ca\\\/#\\\/schema\\\/logo\\\/image\\\/\"},\"sameAs\":[\"https:\\\/\\\/www.facebook.com\\\/colefcv\"]}]}<\/script>\n<!-- \/ Yoast SEO plugin. -->","yoast_head_json":{"title":"Dades banc\u00e0ries - COLEF CV","robots":{"index":"index","follow":"follow","max-snippet":"max-snippet:-1","max-image-preview":"max-image-preview:large","max-video-preview":"max-video-preview:-1"},"canonical":"https:\/\/colefcafecv.com\/ca\/col%c2%b7legiacio\/col%c2%b7legiacio-en-linia\/dades-bancaries\/","og_locale":"en_US","og_type":"article","og_title":"Dades banc\u00e0ries - COLEF CV","og_url":"https:\/\/colefcafecv.com\/ca\/col%c2%b7legiacio\/col%c2%b7legiacio-en-linia\/dades-bancaries\/","og_site_name":"COLEF CV","article_publisher":"https:\/\/www.facebook.com\/colefcv","twitter_card":"summary_large_image","schema":{"@context":"https:\/\/schema.org","@graph":[{"@type":"WebPage","@id":"https:\/\/colefcafecv.com\/ca\/col%c2%b7legiacio\/col%c2%b7legiacio-en-linia\/dades-bancaries\/","url":"https:\/\/colefcafecv.com\/ca\/col%c2%b7legiacio\/col%c2%b7legiacio-en-linia\/dades-bancaries\/","name":"Dades banc\u00e0ries - COLEF CV","isPartOf":{"@id":"https:\/\/colefcafecv.com\/ca\/#website"},"primaryImageOfPage":{"@id":"https:\/\/colefcafecv.com\/ca\/col%c2%b7legiacio\/col%c2%b7legiacio-en-linia\/dades-bancaries\/#primaryimage"},"image":{"@id":"https:\/\/colefcafecv.com\/ca\/col%c2%b7legiacio\/col%c2%b7legiacio-en-linia\/dades-bancaries\/#primaryimage"},"thumbnailUrl":"https:\/\/colefcafecv.com\/wp-content\/uploads\/default_thumb.png","datePublished":"2021-12-11T14:05:55+00:00","breadcrumb":{"@id":"https:\/\/colefcafecv.com\/ca\/col%c2%b7legiacio\/col%c2%b7legiacio-en-linia\/dades-bancaries\/#breadcrumb"},"inLanguage":"val","potentialAction":[{"@type":"ReadAction","target":["https:\/\/colefcafecv.com\/ca\/col%c2%b7legiacio\/col%c2%b7legiacio-en-linia\/dades-bancaries\/"]}]},{"@type":"ImageObject","inLanguage":"val","@id":"https:\/\/colefcafecv.com\/ca\/col%c2%b7legiacio\/col%c2%b7legiacio-en-linia\/dades-bancaries\/#primaryimage","url":"https:\/\/colefcafecv.com\/wp-content\/uploads\/default_thumb.png","contentUrl":"https:\/\/colefcafecv.com\/wp-content\/uploads\/default_thumb.png","width":950,"height":650},{"@type":"BreadcrumbList","@id":"https:\/\/colefcafecv.com\/ca\/col%c2%b7legiacio\/col%c2%b7legiacio-en-linia\/dades-bancaries\/#breadcrumb","itemListElement":[{"@type":"ListItem","position":1,"name":"Portada","item":"https:\/\/colefcafecv.com\/ca\/"},{"@type":"ListItem","position":2,"name":"Col\u00b7legiaci\u00f3","item":"https:\/\/colefcafecv.com\/ca\/col%c2%b7legiacio\/"},{"@type":"ListItem","position":3,"name":"Col\u00b7legiaci\u00f3 en l\u00ednia","item":"https:\/\/colefcafecv.com\/ca\/col%c2%b7legiacio\/col%c2%b7legiacio-en-linia\/"},{"@type":"ListItem","position":4,"name":"Dades banc\u00e0ries"}]},{"@type":"WebSite","@id":"https:\/\/colefcafecv.com\/ca\/#website","url":"https:\/\/colefcafecv.com\/ca\/","name":"Colegio de Licenciados en Educaci\u00f3n F\u00edsica de la Comunidad Valenciana","description":"Il lustre Col legi oficial de Llicenciats en Educaci\u00f3 F\u00edsica i en Ci\u00e8ncies de l\u00b4Activitat F\u00edsica i de l\u00b4Esport de la Comunitat Valenciana","publisher":{"@id":"https:\/\/colefcafecv.com\/ca\/#organization"},"potentialAction":[{"@type":"SearchAction","target":{"@type":"EntryPoint","urlTemplate":"https:\/\/colefcafecv.com\/ca\/?s={search_term_string}"},"query-input":{"@type":"PropertyValueSpecification","valueRequired":true,"valueName":"search_term_string"}}],"inLanguage":"val"},{"@type":"Organization","@id":"https:\/\/colefcafecv.com\/ca\/#organization","name":"Colegio de Licenciados en Educaci\u00f3n F\u00edsica de la Comunidad Valenciana","url":"https:\/\/colefcafecv.com\/ca\/","logo":{"@type":"ImageObject","inLanguage":"val","@id":"https:\/\/colefcafecv.com\/ca\/#\/schema\/logo\/image\/","url":"https:\/\/colefcafecv.com\/wp-content\/uploads\/2021\/01\/simbolo-logotipo-colef.png","contentUrl":"https:\/\/colefcafecv.com\/wp-content\/uploads\/2021\/01\/simbolo-logotipo-colef.png","width":213,"height":271,"caption":"Colegio de Licenciados en Educaci\u00f3n F\u00edsica de la Comunidad Valenciana"},"image":{"@id":"https:\/\/colefcafecv.com\/ca\/#\/schema\/logo\/image\/"},"sameAs":["https:\/\/www.facebook.com\/colefcv"]}]}},"uagb_featured_image_src":{"full":["https:\/\/colefcafecv.com\/wp-content\/uploads\/default_thumb.png",950,650,false],"thumbnail":["https:\/\/colefcafecv.com\/wp-content\/uploads\/default_thumb-150x103.png",150,103,true],"medium":["https:\/\/colefcafecv.com\/wp-content\/uploads\/default_thumb-300x205.png",300,205,true],"medium_large":["https:\/\/colefcafecv.com\/wp-content\/uploads\/default_thumb-768x525.png",768,525,true],"large":["https:\/\/colefcafecv.com\/wp-content\/uploads\/default_thumb.png",950,650,false],"thumblist":["https:\/\/colefcafecv.com\/wp-content\/uploads\/default_thumb-300x300.png",300,300,true],"meccarouselthumb":["https:\/\/colefcafecv.com\/wp-content\/uploads\/default_thumb-474x324.png",474,324,true],"gridsquare":["https:\/\/colefcafecv.com\/wp-content\/uploads\/default_thumb-391x260.png",391,260,true],"tileview":["https:\/\/colefcafecv.com\/wp-content\/uploads\/default_thumb-300x400.png",300,400,true],"1536x1536":["https:\/\/colefcafecv.com\/wp-content\/uploads\/default_thumb.png",950,650,false],"2048x2048":["https:\/\/colefcafecv.com\/wp-content\/uploads\/default_thumb.png",950,650,false],"ultp_layout_landscape_large":["https:\/\/colefcafecv.com\/wp-content\/uploads\/default_thumb.png",950,650,false],"ultp_layout_landscape":["https:\/\/colefcafecv.com\/wp-content\/uploads\/default_thumb-870x570.png",870,570,true],"ultp_layout_portrait":["https:\/\/colefcafecv.com\/wp-content\/uploads\/default_thumb-600x650.png",600,650,true],"ultp_layout_square":["https:\/\/colefcafecv.com\/wp-content\/uploads\/default_thumb-600x600.png",600,600,true]},"uagb_author_info":{"display_name":"Roberto","author_link":"https:\/\/colefcafecv.com\/ca\/author\/administrador\/"},"uagb_comment_info":0,"uagb_excerpt":null,"_links":{"self":[{"href":"https:\/\/colefcafecv.com\/ca\/wp-json\/wp\/v2\/pages\/6634","targetHints":{"allow":["GET"]}}],"collection":[{"href":"https:\/\/colefcafecv.com\/ca\/wp-json\/wp\/v2\/pages"}],"about":[{"href":"https:\/\/colefcafecv.com\/ca\/wp-json\/wp\/v2\/types\/page"}],"author":[{"embeddable":true,"href":"https:\/\/colefcafecv.com\/ca\/wp-json\/wp\/v2\/users\/1"}],"replies":[{"embeddable":true,"href":"https:\/\/colefcafecv.com\/ca\/wp-json\/wp\/v2\/comments?post=6634"}],"version-history":[{"count":1,"href":"https:\/\/colefcafecv.com\/ca\/wp-json\/wp\/v2\/pages\/6634\/revisions"}],"predecessor-version":[{"id":6635,"href":"https:\/\/colefcafecv.com\/ca\/wp-json\/wp\/v2\/pages\/6634\/revisions\/6635"}],"up":[{"embeddable":true,"href":"https:\/\/colefcafecv.com\/ca\/wp-json\/wp\/v2\/pages\/6633"}],"wp:featuredmedia":[{"embeddable":true,"href":"https:\/\/colefcafecv.com\/ca\/wp-json\/wp\/v2\/media\/5928"}],"wp:attachment":[{"href":"https:\/\/colefcafecv.com\/ca\/wp-json\/wp\/v2\/media?parent=6634"}],"curies":[{"name":"wp","href":"https:\/\/api.w.org\/{rel}","templated":true}]}}