{"id":3845,"date":"2021-05-24T16:42:26","date_gmt":"2021-05-24T14:42:26","guid":{"rendered":"https:\/\/colefcafecv.com\/revista-activitat-fisica-i-esport\/"},"modified":"2021-12-11T17:12:45","modified_gmt":"2021-12-11T16:12:45","slug":"revista-activitat-fisica-i-esport","status":"publish","type":"page","link":"https:\/\/colefcafecv.com\/ca\/publicacions\/revista-activitat-fisica-i-esport\/","title":{"rendered":"Revista Activitat F\u00edsica i Esport"},"content":{"rendered":"\n<div class=\"wp-block-cover alignfull has-medium-primary-background-color has-background-dim bloque-titulo\" style=\"min-height:200px;aspect-ratio:unset;\"><div class=\"wp-block-cover__inner-container is-layout-flow wp-block-cover-is-layout-flow\">\n<div class=\"wp-block-columns is-layout-flex wp-container-core-columns-is-layout-9d6595d7 wp-block-columns-is-layout-flex\">\n<div class=\"wp-block-column is-layout-flow wp-block-column-is-layout-flow\" style=\"flex-basis:66.66%\">\n<h1 class=\"wp-block-heading\"><strong>Revista Activitat F\u00edsica i Esport<\/strong><\/h1>\n\n\n\n<p><\/p>\n<\/div>\n\n\n\n<div class=\"wp-block-column is-layout-flow wp-block-column-is-layout-flow\" style=\"flex-basis:33.33%\"><style>.kt-svg-icons_2a71d2-97 .kt-svg-item-0 .kb-svg-icon-wrap{color:#ffffff;font-size:32px;}.kt-svg-icons_2a71d2-97 .kt-svg-item-1 .kb-svg-icon-wrap{color:#ffffff;font-size:32px;}.wp-block-kadence-icon.kt-svg-icons_2a71d2-97{justify-content:flex-end;}<\/style>\n<div class=\"wp-block-kadence-icon kt-svg-icons kt-svg-icons_2a71d2-97 alignright\" style=\"text-align:right\"><div class=\"kt-svg-style-default kt-svg-icon-wrap kt-svg-item-0\"><div style=\"display:inline-flex;justify-content:center;align-items:center;color:#ffffff;margin-top:8px;margin-right:8px;margin-bottom:8px;margin-left:8px\" class=\"kt-svg-icon kt-svg-icon-fas_share-alt\"><svg style=\"display:inline-block;vertical-align:middle\" viewbox=\"0 0 448 512\" height=\"32\" width=\"32\" fill=\"currentColor\" xmlns=\"http:\/\/www.w3.org\/2000\/svg\" aria-hidden=\"true\"><path d=\"M352 320c-22.608 0-43.387 7.819-59.79 20.895l-102.486-64.054a96.551 96.551 0 0 0 0-41.683l102.486-64.054C308.613 184.181 329.392 192 352 192c53.019 0 96-42.981 96-96S405.019 0 352 0s-96 42.981-96 96c0 7.158.79 14.13 2.276 20.841L155.79 180.895C139.387 167.819 118.608 160 96 160c-53.019 0-96 42.981-96 96s42.981 96 96 96c22.608 0 43.387-7.819 59.79-20.895l102.486 64.054A96.301 96.301 0 0 0 256 416c0 53.019 42.981 96 96 96s96-42.981 96-96-42.981-96-96-96z\"><\/path><\/svg><\/div><\/div><div class=\"kt-svg-style-default kt-svg-icon-wrap kt-svg-item-1\"><div style=\"display:inline-flex;justify-content:center;align-items:center;color:#ffffff;margin-top:8px;margin-right:8px;margin-bottom:8px;margin-left:8px\" class=\"kt-svg-icon kt-svg-icon-fe_printer\"><svg style=\"display:inline-block;vertical-align:middle\" viewbox=\"0 0 24 24\" height=\"32\" width=\"32\" fill=\"none\" stroke=\"currentColor\" xmlns=\"http:\/\/www.w3.org\/2000\/svg\" stroke-width=\"2\" stroke-linecap=\"round\" stroke-linejoin=\"round\" aria-hidden=\"true\"><polyline points=\"6 9 6 2 18 2 18 9\"><\/polyline><path d=\"M6 18H4a2 2 0 0 1-2-2v-5a2 2 0 0 1 2-2h16a2 2 0 0 1 2 2v5a2 2 0 0 1-2 2h-2\"><\/path><rect x=\"6\" y=\"14\" width=\"12\" height=\"8\"><\/rect><\/svg><\/div><\/div><\/div>\n<\/div>\n<\/div>\n<\/div><\/div>\n\n<div style=\"height:30px\" aria-hidden=\"true\" class=\"wp-block-spacer\"><\/div>\n\n<h3 class=\"has-medium-primary-color has-text-color wp-block-heading\"><strong>Qu\u00e8 \u00e9s?<\/strong><\/h3>\n\n<h5 class=\"text-justify has-normal-font-size wp-block-heading\">La revista Activitat F\u00edsica i Esport: Ci\u00e8ncia i Professi\u00f3 \u00e9s una publicaci\u00f3 peri\u00f2dica del Col\u00b7legi Oficial de Llicenciats en Educaci\u00f3 F\u00edsica i en Ci\u00e8ncies de l \u0301Activitat F\u00edsica i de l \u0301Esport de la Comunitat Valenciana. El seu objectiu, a m\u00e9s d&#8217;informar els col\u00b7legiats de les actuacions dutes a terme pel COLEF CV, \u00e9s l&#8217;edici\u00f3 d&#8217;articles d&#8217;opini\u00f3, assajos, treballs de recerca, comentaris cr\u00edtics de publicacions, revisions bibliogr\u00e0fiques, estudis i experi\u00e8ncies, relacionats amb les Ci\u00e8ncies de l&#8217;Activitat F\u00edsica i de l&#8217;Esport, amb els seus professionals i amb altres Ci\u00e8ncies relacionades amb aquest \u00e1mbito.se editen dos n\u00fameros a l&#8217;any en els mesos de juny i desembre. La revista Activitat F\u00edsica i Esport: Ci\u00e8ncia i Professi\u00f3 admet Treballs en castell\u00e0 i angl\u00e9s. No obstant aix\u00f2, tots els Treballs hauran de contindre un resum en espanyol i angl\u00e9s.Els treballs presentats es revisen per dos revisors experts an\u00f2nims pertanyents al Comit\u00e9 Cient\u00edfic de la Revista, els qui dictaminen la idone\u00eftat o no de la seua publicaci\u00f3.<\/h5>\n\n<h5 class=\"text-justify has-normal-font-size wp-block-heading\">En l&#8217;actualitat RAFDCP es troba registrada en Latindex, ISCO (CINDOC), DIU, Dialnet, INRECS, SportDoc, Index Copernicus, MIAR, Google Acad\u00e8mic i continuem treballant per a millorar i augmentar aquestes indexacions.<\/h5>\n\n<h3 class=\"has-medium-primary-color has-text-color wp-block-heading\"><strong>Arxiu<\/strong><\/h3>\n<div class=\" jet-sm-gb-wrapper jet-sm-gb-f30e6a3c-420d-4901-9d5b-9eef69d723a5\" data-block-id=\"jet-sm-gb-f30e6a3c-420d-4901-9d5b-9eef69d723a5\" ><div class=\"jet-listing-grid--blocks   jet-sm-gb-wrapper jet-sm-gb-f30e6a3c-420d-4901-9d5b-9eef69d723a5\"data-element-id=\"9b17772f-a5d8-4f96-8440-78e49d5ed9de\"data-listing-type=\"blocks\"data-is-block=\"jet-engine\/listing-grid\"><div class=\"jet-listing-grid jet-listing-grid--lazy-load jet-listing jet-listing-grid-loading\" data-lazy-load=\"{&quot;offset&quot;:&quot;0px&quot;,&quot;post_id&quot;:3845,&quot;queried_id&quot;:&quot;3845|WP_Post&quot;}\"><div class=\"jet-listing-grid__loader\"><div class=\"jet-listing-grid__loader-spinner\"><\/div><\/div><\/div><\/div><\/div>\n<div class=\"wp-block-cover alignfull has-medium-secondary-background-color has-background-dim bloque-titulo\" style=\"min-height:200px;aspect-ratio:unset;\"><div class=\"wp-block-cover__inner-container is-layout-flow wp-block-cover-is-layout-flow\">\n<div style=\"height:40px\" aria-hidden=\"true\" class=\"wp-block-spacer\"><\/div>\n\n\n\n<h1 class=\"wp-block-heading\"><strong>FORMA PART D&#8217;UN GRAN COL\u00b7LECTIU<\/strong><\/h1>\n\n\n\n<h4 class=\"wp-block-heading\">Convenis, acords i molts m\u00e9s<\/h4>\n\n\n\n<div class=\"wp-block-uagb-buttons uagb-buttons__outer-wrap uagb-block-a3fdb692\"><div class=\"uagb-buttons__wrap uagb-buttons-layout-wrap\">\n<div class=\"wp-block-uagb-buttons-child uagb-buttons__outer-wrap uagb-block-e0665bb1\"><div class=\"uagb-button__wrapper\"><a class=\"uagb-buttons-repeater\" href=\"#\" rel=\"noopener noreferrer\" target=\"_self\"><div class=\"uagb-button__link\">M\u00c1S INFO<\/div><\/a><\/div><\/div>\n<\/div><\/div>\n\n\n\n<div style=\"height:40px\" aria-hidden=\"true\" class=\"wp-block-spacer\"><\/div>\n\n\n\n<p><\/p>\n<\/div><\/div>\n","protected":false},"excerpt":{"rendered":"<p>Qu\u00e8 \u00e9s? La revista Activitat F\u00edsica i Esport: Ci\u00e8ncia i Professi\u00f3 \u00e9s una publicaci\u00f3 peri\u00f2dica del Col\u00b7legi Oficial de Llicenciats en Educaci\u00f3 F\u00edsica i en Ci\u00e8ncies de l \u0301Activitat F\u00edsica i de l \u0301Esport de la Comunitat Valenciana. El seu objectiu, a m\u00e9s d&#8217;informar els col\u00b7legiats de les actuacions dutes a terme pel COLEF CV, &#8230; <a title=\"Revista Activitat F\u00edsica i Esport\" class=\"read-more\" href=\"https:\/\/colefcafecv.com\/ca\/publicacions\/revista-activitat-fisica-i-esport\/\" aria-label=\"Read more about Revista Activitat F\u00edsica i Esport\">Read more<\/a><\/p>\n","protected":false},"author":1,"featured_media":5928,"parent":6684,"menu_order":0,"comment_status":"closed","ping_status":"closed","template":"","meta":{"_uag_custom_page_level_css":"","_jet_sm_ready_style":"","_jet_sm_style":"","_jet_sm_controls_values":"","_jet_sm_fonts_collection":"","_jet_sm_fonts_links":"","footnotes":""},"class_list":["post-3845","page","type-page","status-publish","has-post-thumbnail"],"yoast_head":"<!-- This site is optimized with the Yoast SEO plugin v27.4 - https:\/\/yoast.com\/product\/yoast-seo-wordpress\/ -->\n<title>Revista Activitat F\u00edsica i Esport - COLEF CV<\/title>\n<meta name=\"robots\" content=\"index, follow, max-snippet:-1, max-image-preview:large, max-video-preview:-1\" \/>\n<link rel=\"canonical\" href=\"https:\/\/colefcafecv.com\/ca\/publicacions\/revista-activitat-fisica-i-esport\/\" \/>\n<meta property=\"og:locale\" content=\"en_US\" \/>\n<meta property=\"og:type\" content=\"article\" \/>\n<meta property=\"og:title\" content=\"Revista Activitat F\u00edsica i Esport - COLEF CV\" \/>\n<meta property=\"og:description\" content=\"Qu\u00e8 \u00e9s? La revista Activitat F\u00edsica i Esport: Ci\u00e8ncia i Professi\u00f3 \u00e9s una publicaci\u00f3 peri\u00f2dica del Col\u00b7legi Oficial de Llicenciats en Educaci\u00f3 F\u00edsica i en Ci\u00e8ncies de l \u0301Activitat F\u00edsica i de l \u0301Esport de la Comunitat Valenciana. El seu objectiu, a m\u00e9s d&#8217;informar els col\u00b7legiats de les actuacions dutes a terme pel COLEF CV, ... Read more\" \/>\n<meta property=\"og:url\" content=\"https:\/\/colefcafecv.com\/ca\/publicacions\/revista-activitat-fisica-i-esport\/\" \/>\n<meta property=\"og:site_name\" content=\"COLEF CV\" \/>\n<meta property=\"article:publisher\" content=\"https:\/\/www.facebook.com\/colefcv\" \/>\n<meta property=\"article:modified_time\" content=\"2021-12-11T16:12:45+00:00\" \/>\n<meta name=\"twitter:card\" content=\"summary_large_image\" \/>\n<meta name=\"twitter:label1\" content=\"Est. reading time\" \/>\n\t<meta name=\"twitter:data1\" content=\"2 minutes\" \/>\n<script type=\"application\/ld+json\" class=\"yoast-schema-graph\">{\"@context\":\"https:\\\/\\\/schema.org\",\"@graph\":[{\"@type\":\"WebPage\",\"@id\":\"https:\\\/\\\/colefcafecv.com\\\/ca\\\/publicacions\\\/revista-activitat-fisica-i-esport\\\/\",\"url\":\"https:\\\/\\\/colefcafecv.com\\\/ca\\\/publicacions\\\/revista-activitat-fisica-i-esport\\\/\",\"name\":\"Revista Activitat F\u00edsica i Esport - COLEF CV\",\"isPartOf\":{\"@id\":\"https:\\\/\\\/colefcafecv.com\\\/ca\\\/#website\"},\"primaryImageOfPage\":{\"@id\":\"https:\\\/\\\/colefcafecv.com\\\/ca\\\/publicacions\\\/revista-activitat-fisica-i-esport\\\/#primaryimage\"},\"image\":{\"@id\":\"https:\\\/\\\/colefcafecv.com\\\/ca\\\/publicacions\\\/revista-activitat-fisica-i-esport\\\/#primaryimage\"},\"thumbnailUrl\":\"https:\\\/\\\/colefcafecv.com\\\/wp-content\\\/uploads\\\/default_thumb.png\",\"datePublished\":\"2021-05-24T14:42:26+00:00\",\"dateModified\":\"2021-12-11T16:12:45+00:00\",\"breadcrumb\":{\"@id\":\"https:\\\/\\\/colefcafecv.com\\\/ca\\\/publicacions\\\/revista-activitat-fisica-i-esport\\\/#breadcrumb\"},\"inLanguage\":\"val\",\"potentialAction\":[{\"@type\":\"ReadAction\",\"target\":[\"https:\\\/\\\/colefcafecv.com\\\/ca\\\/publicacions\\\/revista-activitat-fisica-i-esport\\\/\"]}]},{\"@type\":\"ImageObject\",\"inLanguage\":\"val\",\"@id\":\"https:\\\/\\\/colefcafecv.com\\\/ca\\\/publicacions\\\/revista-activitat-fisica-i-esport\\\/#primaryimage\",\"url\":\"https:\\\/\\\/colefcafecv.com\\\/wp-content\\\/uploads\\\/default_thumb.png\",\"contentUrl\":\"https:\\\/\\\/colefcafecv.com\\\/wp-content\\\/uploads\\\/default_thumb.png\",\"width\":950,\"height\":650},{\"@type\":\"BreadcrumbList\",\"@id\":\"https:\\\/\\\/colefcafecv.com\\\/ca\\\/publicacions\\\/revista-activitat-fisica-i-esport\\\/#breadcrumb\",\"itemListElement\":[{\"@type\":\"ListItem\",\"position\":1,\"name\":\"Portada\",\"item\":\"https:\\\/\\\/colefcafecv.com\\\/ca\\\/\"},{\"@type\":\"ListItem\",\"position\":2,\"name\":\"Publicacions\",\"item\":\"https:\\\/\\\/colefcafecv.com\\\/ca\\\/publicacions\\\/\"},{\"@type\":\"ListItem\",\"position\":3,\"name\":\"Revista Activitat F\u00edsica i Esport\"}]},{\"@type\":\"WebSite\",\"@id\":\"https:\\\/\\\/colefcafecv.com\\\/ca\\\/#website\",\"url\":\"https:\\\/\\\/colefcafecv.com\\\/ca\\\/\",\"name\":\"Colegio de Licenciados en Educaci\u00f3n F\u00edsica de la Comunidad Valenciana\",\"description\":\"Il lustre Col legi oficial de Llicenciats en Educaci\u00f3 F\u00edsica i en Ci\u00e8ncies de l\u00b4Activitat F\u00edsica i de l\u00b4Esport de la Comunitat Valenciana\",\"publisher\":{\"@id\":\"https:\\\/\\\/colefcafecv.com\\\/ca\\\/#organization\"},\"potentialAction\":[{\"@type\":\"SearchAction\",\"target\":{\"@type\":\"EntryPoint\",\"urlTemplate\":\"https:\\\/\\\/colefcafecv.com\\\/ca\\\/?s={search_term_string}\"},\"query-input\":{\"@type\":\"PropertyValueSpecification\",\"valueRequired\":true,\"valueName\":\"search_term_string\"}}],\"inLanguage\":\"val\"},{\"@type\":\"Organization\",\"@id\":\"https:\\\/\\\/colefcafecv.com\\\/ca\\\/#organization\",\"name\":\"Colegio de Licenciados en Educaci\u00f3n F\u00edsica de la Comunidad Valenciana\",\"url\":\"https:\\\/\\\/colefcafecv.com\\\/ca\\\/\",\"logo\":{\"@type\":\"ImageObject\",\"inLanguage\":\"val\",\"@id\":\"https:\\\/\\\/colefcafecv.com\\\/ca\\\/#\\\/schema\\\/logo\\\/image\\\/\",\"url\":\"https:\\\/\\\/colefcafecv.com\\\/wp-content\\\/uploads\\\/2021\\\/01\\\/simbolo-logotipo-colef.png\",\"contentUrl\":\"https:\\\/\\\/colefcafecv.com\\\/wp-content\\\/uploads\\\/2021\\\/01\\\/simbolo-logotipo-colef.png\",\"width\":213,\"height\":271,\"caption\":\"Colegio de Licenciados en Educaci\u00f3n F\u00edsica de la Comunidad Valenciana\"},\"image\":{\"@id\":\"https:\\\/\\\/colefcafecv.com\\\/ca\\\/#\\\/schema\\\/logo\\\/image\\\/\"},\"sameAs\":[\"https:\\\/\\\/www.facebook.com\\\/colefcv\"]}]}<\/script>\n<!-- \/ Yoast SEO plugin. -->","yoast_head_json":{"title":"Revista Activitat F\u00edsica i Esport - COLEF CV","robots":{"index":"index","follow":"follow","max-snippet":"max-snippet:-1","max-image-preview":"max-image-preview:large","max-video-preview":"max-video-preview:-1"},"canonical":"https:\/\/colefcafecv.com\/ca\/publicacions\/revista-activitat-fisica-i-esport\/","og_locale":"en_US","og_type":"article","og_title":"Revista Activitat F\u00edsica i Esport - COLEF CV","og_description":"Qu\u00e8 \u00e9s? La revista Activitat F\u00edsica i Esport: Ci\u00e8ncia i Professi\u00f3 \u00e9s una publicaci\u00f3 peri\u00f2dica del Col\u00b7legi Oficial de Llicenciats en Educaci\u00f3 F\u00edsica i en Ci\u00e8ncies de l \u0301Activitat F\u00edsica i de l \u0301Esport de la Comunitat Valenciana. El seu objectiu, a m\u00e9s d&#8217;informar els col\u00b7legiats de les actuacions dutes a terme pel COLEF CV, ... Read more","og_url":"https:\/\/colefcafecv.com\/ca\/publicacions\/revista-activitat-fisica-i-esport\/","og_site_name":"COLEF CV","article_publisher":"https:\/\/www.facebook.com\/colefcv","article_modified_time":"2021-12-11T16:12:45+00:00","twitter_card":"summary_large_image","twitter_misc":{"Est. reading time":"2 minutes"},"schema":{"@context":"https:\/\/schema.org","@graph":[{"@type":"WebPage","@id":"https:\/\/colefcafecv.com\/ca\/publicacions\/revista-activitat-fisica-i-esport\/","url":"https:\/\/colefcafecv.com\/ca\/publicacions\/revista-activitat-fisica-i-esport\/","name":"Revista Activitat F\u00edsica i Esport - COLEF CV","isPartOf":{"@id":"https:\/\/colefcafecv.com\/ca\/#website"},"primaryImageOfPage":{"@id":"https:\/\/colefcafecv.com\/ca\/publicacions\/revista-activitat-fisica-i-esport\/#primaryimage"},"image":{"@id":"https:\/\/colefcafecv.com\/ca\/publicacions\/revista-activitat-fisica-i-esport\/#primaryimage"},"thumbnailUrl":"https:\/\/colefcafecv.com\/wp-content\/uploads\/default_thumb.png","datePublished":"2021-05-24T14:42:26+00:00","dateModified":"2021-12-11T16:12:45+00:00","breadcrumb":{"@id":"https:\/\/colefcafecv.com\/ca\/publicacions\/revista-activitat-fisica-i-esport\/#breadcrumb"},"inLanguage":"val","potentialAction":[{"@type":"ReadAction","target":["https:\/\/colefcafecv.com\/ca\/publicacions\/revista-activitat-fisica-i-esport\/"]}]},{"@type":"ImageObject","inLanguage":"val","@id":"https:\/\/colefcafecv.com\/ca\/publicacions\/revista-activitat-fisica-i-esport\/#primaryimage","url":"https:\/\/colefcafecv.com\/wp-content\/uploads\/default_thumb.png","contentUrl":"https:\/\/colefcafecv.com\/wp-content\/uploads\/default_thumb.png","width":950,"height":650},{"@type":"BreadcrumbList","@id":"https:\/\/colefcafecv.com\/ca\/publicacions\/revista-activitat-fisica-i-esport\/#breadcrumb","itemListElement":[{"@type":"ListItem","position":1,"name":"Portada","item":"https:\/\/colefcafecv.com\/ca\/"},{"@type":"ListItem","position":2,"name":"Publicacions","item":"https:\/\/colefcafecv.com\/ca\/publicacions\/"},{"@type":"ListItem","position":3,"name":"Revista Activitat F\u00edsica i Esport"}]},{"@type":"WebSite","@id":"https:\/\/colefcafecv.com\/ca\/#website","url":"https:\/\/colefcafecv.com\/ca\/","name":"Colegio de Licenciados en Educaci\u00f3n F\u00edsica de la Comunidad Valenciana","description":"Il lustre Col legi oficial de Llicenciats en Educaci\u00f3 F\u00edsica i en Ci\u00e8ncies de l\u00b4Activitat F\u00edsica i de l\u00b4Esport de la Comunitat Valenciana","publisher":{"@id":"https:\/\/colefcafecv.com\/ca\/#organization"},"potentialAction":[{"@type":"SearchAction","target":{"@type":"EntryPoint","urlTemplate":"https:\/\/colefcafecv.com\/ca\/?s={search_term_string}"},"query-input":{"@type":"PropertyValueSpecification","valueRequired":true,"valueName":"search_term_string"}}],"inLanguage":"val"},{"@type":"Organization","@id":"https:\/\/colefcafecv.com\/ca\/#organization","name":"Colegio de Licenciados en Educaci\u00f3n F\u00edsica de la Comunidad Valenciana","url":"https:\/\/colefcafecv.com\/ca\/","logo":{"@type":"ImageObject","inLanguage":"val","@id":"https:\/\/colefcafecv.com\/ca\/#\/schema\/logo\/image\/","url":"https:\/\/colefcafecv.com\/wp-content\/uploads\/2021\/01\/simbolo-logotipo-colef.png","contentUrl":"https:\/\/colefcafecv.com\/wp-content\/uploads\/2021\/01\/simbolo-logotipo-colef.png","width":213,"height":271,"caption":"Colegio de Licenciados en Educaci\u00f3n F\u00edsica de la Comunidad Valenciana"},"image":{"@id":"https:\/\/colefcafecv.com\/ca\/#\/schema\/logo\/image\/"},"sameAs":["https:\/\/www.facebook.com\/colefcv"]}]}},"uagb_featured_image_src":{"full":["https:\/\/colefcafecv.com\/wp-content\/uploads\/default_thumb.png",950,650,false],"thumbnail":["https:\/\/colefcafecv.com\/wp-content\/uploads\/default_thumb-150x103.png",150,103,true],"medium":["https:\/\/colefcafecv.com\/wp-content\/uploads\/default_thumb-300x205.png",300,205,true],"medium_large":["https:\/\/colefcafecv.com\/wp-content\/uploads\/default_thumb-768x525.png",768,525,true],"large":["https:\/\/colefcafecv.com\/wp-content\/uploads\/default_thumb.png",950,650,false],"thumblist":["https:\/\/colefcafecv.com\/wp-content\/uploads\/default_thumb-300x300.png",300,300,true],"meccarouselthumb":["https:\/\/colefcafecv.com\/wp-content\/uploads\/default_thumb-474x324.png",474,324,true],"gridsquare":["https:\/\/colefcafecv.com\/wp-content\/uploads\/default_thumb-391x260.png",391,260,true],"tileview":["https:\/\/colefcafecv.com\/wp-content\/uploads\/default_thumb-300x400.png",300,400,true],"1536x1536":["https:\/\/colefcafecv.com\/wp-content\/uploads\/default_thumb.png",950,650,false],"2048x2048":["https:\/\/colefcafecv.com\/wp-content\/uploads\/default_thumb.png",950,650,false],"ultp_layout_landscape_large":["https:\/\/colefcafecv.com\/wp-content\/uploads\/default_thumb.png",950,650,false],"ultp_layout_landscape":["https:\/\/colefcafecv.com\/wp-content\/uploads\/default_thumb-870x570.png",870,570,true],"ultp_layout_portrait":["https:\/\/colefcafecv.com\/wp-content\/uploads\/default_thumb-600x650.png",600,650,true],"ultp_layout_square":["https:\/\/colefcafecv.com\/wp-content\/uploads\/default_thumb-600x600.png",600,600,true]},"uagb_author_info":{"display_name":"Roberto","author_link":"https:\/\/colefcafecv.com\/ca\/author\/administrador\/"},"uagb_comment_info":0,"uagb_excerpt":"Qu\u00e8 \u00e9s? La revista Activitat F\u00edsica i Esport: Ci\u00e8ncia i Professi\u00f3 \u00e9s una publicaci\u00f3 peri\u00f2dica del Col\u00b7legi Oficial de Llicenciats en Educaci\u00f3 F\u00edsica i en Ci\u00e8ncies de l \u0301Activitat F\u00edsica i de l \u0301Esport de la Comunitat Valenciana. El seu objectiu, a m\u00e9s d&#8217;informar els col\u00b7legiats de les actuacions dutes a terme pel COLEF CV,&hellip;","_links":{"self":[{"href":"https:\/\/colefcafecv.com\/ca\/wp-json\/wp\/v2\/pages\/3845","targetHints":{"allow":["GET"]}}],"collection":[{"href":"https:\/\/colefcafecv.com\/ca\/wp-json\/wp\/v2\/pages"}],"about":[{"href":"https:\/\/colefcafecv.com\/ca\/wp-json\/wp\/v2\/types\/page"}],"author":[{"embeddable":true,"href":"https:\/\/colefcafecv.com\/ca\/wp-json\/wp\/v2\/users\/1"}],"replies":[{"embeddable":true,"href":"https:\/\/colefcafecv.com\/ca\/wp-json\/wp\/v2\/comments?post=3845"}],"version-history":[{"count":3,"href":"https:\/\/colefcafecv.com\/ca\/wp-json\/wp\/v2\/pages\/3845\/revisions"}],"predecessor-version":[{"id":6689,"href":"https:\/\/colefcafecv.com\/ca\/wp-json\/wp\/v2\/pages\/3845\/revisions\/6689"}],"up":[{"embeddable":true,"href":"https:\/\/colefcafecv.com\/ca\/wp-json\/wp\/v2\/pages\/6684"}],"wp:featuredmedia":[{"embeddable":true,"href":"https:\/\/colefcafecv.com\/ca\/wp-json\/wp\/v2\/media\/5928"}],"wp:attachment":[{"href":"https:\/\/colefcafecv.com\/ca\/wp-json\/wp\/v2\/media?parent=3845"}],"curies":[{"name":"wp","href":"https:\/\/api.w.org\/{rel}","templated":true}]}}