{"id":3788,"date":"2021-05-24T12:09:03","date_gmt":"2021-05-24T10:09:03","guid":{"rendered":"https:\/\/colefcafecv.com\/colefcv\/professio\/"},"modified":"2021-12-11T11:34:27","modified_gmt":"2021-12-11T10:34:27","slug":"professio","status":"publish","type":"page","link":"https:\/\/colefcafecv.com\/ca\/colefcv\/professio\/","title":{"rendered":"La professi\u00f3"},"content":{"rendered":"\n<div class=\"wp-block-cover alignfull has-medium-primary-background-color has-background-dim bloque-titulo\" style=\"min-height:200px;aspect-ratio:unset;\"><div class=\"wp-block-cover__inner-container is-layout-flow wp-block-cover-is-layout-flow\">\n<div class=\"wp-block-columns is-layout-flex wp-container-core-columns-is-layout-9d6595d7 wp-block-columns-is-layout-flex\">\n<div class=\"wp-block-column is-layout-flow wp-block-column-is-layout-flow\" style=\"flex-basis:66.66%\">\n<h1 class=\"wp-block-heading\"><strong>La professi\u00f3<\/strong><\/h1>\n<\/div>\n\n\n\n<div class=\"wp-block-column is-layout-flow wp-block-column-is-layout-flow\" style=\"flex-basis:33.33%\"><style>.kt-svg-icons_2a71d2-97 .kt-svg-item-0 .kb-svg-icon-wrap{color:#ffffff;font-size:32px;}.kt-svg-icons_2a71d2-97 .kt-svg-item-1 .kb-svg-icon-wrap{color:#ffffff;font-size:32px;}.wp-block-kadence-icon.kt-svg-icons_2a71d2-97{justify-content:flex-end;}<\/style>\n<div class=\"wp-block-kadence-icon kt-svg-icons kt-svg-icons_2a71d2-97 alignright\" style=\"text-align:right\"><div class=\"kt-svg-style-default kt-svg-icon-wrap kt-svg-item-0\"><div style=\"display:inline-flex;justify-content:center;align-items:center;color:#ffffff;margin-top:8px;margin-right:8px;margin-bottom:8px;margin-left:8px\" class=\"kt-svg-icon kt-svg-icon-fas_share-alt\"><svg style=\"display:inline-block;vertical-align:middle\" viewbox=\"0 0 448 512\" height=\"32\" width=\"32\" fill=\"currentColor\" xmlns=\"http:\/\/www.w3.org\/2000\/svg\"><path d=\"M352 320c-22.608 0-43.387 7.819-59.79 20.895l-102.486-64.054a96.551 96.551 0 0 0 0-41.683l102.486-64.054C308.613 184.181 329.392 192 352 192c53.019 0 96-42.981 96-96S405.019 0 352 0s-96 42.981-96 96c0 7.158.79 14.13 2.276 20.841L155.79 180.895C139.387 167.819 118.608 160 96 160c-53.019 0-96 42.981-96 96s42.981 96 96 96c22.608 0 43.387-7.819 59.79-20.895l102.486 64.054A96.301 96.301 0 0 0 256 416c0 53.019 42.981 96 96 96s96-42.981 96-96-42.981-96-96-96z\"><\/path><\/svg><\/div><\/div><div class=\"kt-svg-style-default kt-svg-icon-wrap kt-svg-item-1\"><div style=\"display:inline-flex;justify-content:center;align-items:center;color:#ffffff;margin-top:8px;margin-right:8px;margin-bottom:8px;margin-left:8px\" class=\"kt-svg-icon kt-svg-icon-fe_printer\"><svg style=\"display:inline-block;vertical-align:middle\" viewbox=\"0 0 24 24\" height=\"32\" width=\"32\" fill=\"none\" stroke=\"currentColor\" xmlns=\"http:\/\/www.w3.org\/2000\/svg\" stroke-width=\"2\" stroke-linecap=\"round\" stroke-linejoin=\"round\"><polyline points=\"6 9 6 2 18 2 18 9\"><\/polyline><path d=\"M6 18H4a2 2 0 0 1-2-2v-5a2 2 0 0 1 2-2h16a2 2 0 0 1 2 2v5a2 2 0 0 1-2 2h-2\"><\/path><rect x=\"6\" y=\"14\" width=\"12\" height=\"8\"><\/rect><\/svg><\/div><\/div><\/div>\n<\/div>\n<\/div>\n<\/div><\/div>\n\n<h3 class=\"has-medium-primary-color has-text-color wp-block-heading\"><strong>Estudis<\/strong><\/h3>\n\n<h4 class=\"wp-block-heading\"><strong>Compet\u00e8ncies professionals<\/strong><\/h4>\n\n<p class=\"text-justify\"><strong>La RESOLUCI\u00d3 de 2 de febrer de la Secretaria de Just\u00edcia i Administracions P\u00fabliques de la Generalitat Valenciana, per la qual s&#8217;aproven els ESTATUTS del COLEF CV, en el seu article 7\u00e9<\/strong> estableix que:<\/p>\n\n<blockquote class=\"wp-block-quote is-layout-flow wp-block-quote-is-layout-flow\"><p>&#8220;<em>Correspon als Llicenciats en Educaci\u00f3 F\u00edsica i en Ci\u00e8ncies de l&#8217;Activitat F\u00edsica i de l&#8217;Esport l&#8217;exercici de les seg\u00fcents funcions professionals&#8221;:<\/em><\/p><\/blockquote>\n\n<p class=\"text-justify\">1. L&#8217;ensenyament de la &#8220;Educaci\u00f3 F\u00edsica&#8221; en els diferents nivells educatius establits per la legislaci\u00f3 vigent.<\/p>\n\n<p class=\"text-justify\">2. La programaci\u00f3 i direcci\u00f3 dels centres i activitats dirigides a la formaci\u00f3 recuperaci\u00f3, manteniment, perfeccionament o recreaci\u00f3, mitjan\u00e7ant jocs, esports o exercicis f\u00edsics de tota \u00edndole. <\/p>\n\n<p class=\"text-justify\">3. La gesti\u00f3 i direcci\u00f3 t\u00e8cnica d&#8217;instal\u00b7lacions i activitats f\u00edsiques i esportives, dependents d&#8217;entitats p\u00fabliques i privades.<\/p>\n\n<p class=\"text-justify\">4. La direcci\u00f3, programaci\u00f3, coordinaci\u00f3 i desenvolupament de programes esportius i plans de salut p\u00fablica, de reeducaci\u00f3 o rehabilitaci\u00f3, de recreaci\u00f3 i esplai, que es realitzen a trav\u00e9s de l&#8217;activitat f\u00edsica i per organismes, centres o entitats de titularitat p\u00fablica o privada.<\/p>\n\n<p class=\"text-justify\">5. La programaci\u00f3, direcci\u00f3 i desenvolupament de les activitats f\u00edsiques i d&#8217;animaci\u00f3 esportiva especials per a disminu\u00efts i tercera edat.<\/p>\n\n<p class=\"text-justify\">6. L&#8217;ergonomia en general i les activitats f\u00edsiques compensat\u00f2ries o correctives.<\/p>\n\n<p class=\"text-justify\">7. La programaci\u00f3, direcci\u00f3 i desenvolupament de la preparaci\u00f3 f\u00edsica general i espec\u00edfica d&#8217;individus i d&#8217;equips esportius.<\/p>\n\n<p class=\"text-justify\">8. L&#8217;assessorament i l&#8217;elaboraci\u00f3 d&#8217;informes professionals per a entitats p\u00fabliques i privades sobre instal\u00b7lacions esportives, i programes d&#8217;activitats f\u00edsiques i esportives per a la recreaci\u00f3.<\/p>\n\n<p class=\"text-justify\">9. Quantes unes altres els siguen conferides per la Legislaci\u00f3 vigent.<\/p>\n\n<p class=\"text-justify\">El COLEF CV exercitar\u00e0 les accions que foren procedents per presumptes delictes o faltes d&#8217;intrusisme, sense perjudici de proporcionar l&#8217;adopci\u00f3 de qualsevol altra mesura legal, governativa o corporativa, que botiga a combatre l&#8217;intrusisme professional, el qual ser\u00e0 reprimit en totes les seues formes, ja es fa\u00e7a directament o per mitj\u00e0 d&#8217;un llicenciat en Educaci\u00f3 F\u00edsica o en Ci\u00e8ncies de l&#8217;Activitat F\u00edsica i de l&#8217;Esport, b\u00e9 procedisca d&#8217;una persona natural o jur\u00eddica. <\/p>\n\n<div style=\"height:46px\" aria-hidden=\"true\" class=\"wp-block-spacer\"><\/div>\n\n<div class=\"wp-block-cover alignfull has-medium-secondary-background-color has-background-dim bloque-titulo\" style=\"min-height:200px;aspect-ratio:unset;\"><div class=\"wp-block-cover__inner-container is-layout-flow wp-block-cover-is-layout-flow\">\n<div style=\"height:40px\" aria-hidden=\"true\" class=\"wp-block-spacer\"><\/div>\n\n\n\n<h1 class=\"wp-block-heading\"><strong>SER COL\u00b7LEGIAT <\/strong><\/h1>\n\n\n\n<h4 class=\"wp-block-heading\">Avantatges i molt m\u00e9s<\/h4>\n\n\n\n<div class=\"wp-block-uagb-buttons uagb-buttons__outer-wrap uagb-block-8ca02796\"><div class=\"uagb-buttons__wrap uagb-buttons-layout-wrap\">\n<div class=\"wp-block-uagb-buttons-child uagb-buttons__outer-wrap uagb-block-604906c3\"><div class=\"uagb-button__wrapper\"><a class=\"uagb-buttons-repeater\" href=\"https:\/\/colefcafecv.com\/ca\/raons-avantatges-i-modalitats\/\" rel=\"noopener noreferrer\" target=\"_self\"><div class=\"uagb-button__link\">VEURE M\u00c9S<\/div><\/a><\/div><\/div>\n<\/div><\/div>\n\n\n\n<div style=\"height:40px\" aria-hidden=\"true\" class=\"wp-block-spacer\"><\/div>\n<\/div><\/div>\n","protected":false},"excerpt":{"rendered":"<p>Estudis Compet\u00e8ncies professionals La RESOLUCI\u00d3 de 2 de febrer de la Secretaria de Just\u00edcia i Administracions P\u00fabliques de la Generalitat Valenciana, per la qual s&#8217;aproven els ESTATUTS del COLEF CV, en el seu article 7\u00e9 estableix que: &#8220;Correspon als Llicenciats en Educaci\u00f3 F\u00edsica i en Ci\u00e8ncies de l&#8217;Activitat F\u00edsica i de l&#8217;Esport l&#8217;exercici de les &#8230; <a title=\"La professi\u00f3\" class=\"read-more\" href=\"https:\/\/colefcafecv.com\/ca\/colefcv\/professio\/\" aria-label=\"Read more about La professi\u00f3\">Read more<\/a><\/p>\n","protected":false},"author":1,"featured_media":5928,"parent":3769,"menu_order":0,"comment_status":"closed","ping_status":"closed","template":"","meta":{"_uag_custom_page_level_css":"","_jet_sm_ready_style":"","_jet_sm_style":"","_jet_sm_controls_values":"","_jet_sm_fonts_collection":"","_jet_sm_fonts_links":"","footnotes":""},"class_list":["post-3788","page","type-page","status-publish","has-post-thumbnail"],"yoast_head":"<!-- This site is optimized with the Yoast SEO plugin v27.6 - https:\/\/yoast.com\/product\/yoast-seo-wordpress\/ -->\n<title>La professi\u00f3 - COLEF CV<\/title>\n<meta name=\"robots\" content=\"index, follow, max-snippet:-1, max-image-preview:large, max-video-preview:-1\" \/>\n<link rel=\"canonical\" href=\"https:\/\/colefcafecv.com\/ca\/colefcv\/professio\/\" \/>\n<meta property=\"og:locale\" content=\"en_US\" \/>\n<meta property=\"og:type\" content=\"article\" \/>\n<meta property=\"og:title\" content=\"La professi\u00f3 - COLEF CV\" \/>\n<meta property=\"og:description\" content=\"Estudis Compet\u00e8ncies professionals La RESOLUCI\u00d3 de 2 de febrer de la Secretaria de Just\u00edcia i Administracions P\u00fabliques de la Generalitat Valenciana, per la qual s&#8217;aproven els ESTATUTS del COLEF CV, en el seu article 7\u00e9 estableix que: &#8220;Correspon als Llicenciats en Educaci\u00f3 F\u00edsica i en Ci\u00e8ncies de l&#8217;Activitat F\u00edsica i de l&#8217;Esport l&#8217;exercici de les ... Read more\" \/>\n<meta property=\"og:url\" content=\"https:\/\/colefcafecv.com\/ca\/colefcv\/professio\/\" \/>\n<meta property=\"og:site_name\" content=\"COLEF CV\" \/>\n<meta property=\"article:publisher\" content=\"https:\/\/www.facebook.com\/colefcv\" \/>\n<meta property=\"article:modified_time\" content=\"2021-12-11T10:34:27+00:00\" \/>\n<meta name=\"twitter:card\" content=\"summary_large_image\" \/>\n<meta name=\"twitter:label1\" content=\"Est. reading time\" \/>\n\t<meta name=\"twitter:data1\" content=\"2 minutes\" \/>\n<script type=\"application\/ld+json\" class=\"yoast-schema-graph\">{\"@context\":\"https:\\\/\\\/schema.org\",\"@graph\":[{\"@type\":\"WebPage\",\"@id\":\"https:\\\/\\\/colefcafecv.com\\\/ca\\\/colefcv\\\/professio\\\/\",\"url\":\"https:\\\/\\\/colefcafecv.com\\\/ca\\\/colefcv\\\/professio\\\/\",\"name\":\"La professi\u00f3 - COLEF CV\",\"isPartOf\":{\"@id\":\"https:\\\/\\\/colefcafecv.com\\\/ca\\\/#website\"},\"primaryImageOfPage\":{\"@id\":\"https:\\\/\\\/colefcafecv.com\\\/ca\\\/colefcv\\\/professio\\\/#primaryimage\"},\"image\":{\"@id\":\"https:\\\/\\\/colefcafecv.com\\\/ca\\\/colefcv\\\/professio\\\/#primaryimage\"},\"thumbnailUrl\":\"https:\\\/\\\/colefcafecv.com\\\/wp-content\\\/uploads\\\/default_thumb.png\",\"datePublished\":\"2021-05-24T10:09:03+00:00\",\"dateModified\":\"2021-12-11T10:34:27+00:00\",\"breadcrumb\":{\"@id\":\"https:\\\/\\\/colefcafecv.com\\\/ca\\\/colefcv\\\/professio\\\/#breadcrumb\"},\"inLanguage\":\"val\",\"potentialAction\":[{\"@type\":\"ReadAction\",\"target\":[\"https:\\\/\\\/colefcafecv.com\\\/ca\\\/colefcv\\\/professio\\\/\"]}]},{\"@type\":\"ImageObject\",\"inLanguage\":\"val\",\"@id\":\"https:\\\/\\\/colefcafecv.com\\\/ca\\\/colefcv\\\/professio\\\/#primaryimage\",\"url\":\"https:\\\/\\\/colefcafecv.com\\\/wp-content\\\/uploads\\\/default_thumb.png\",\"contentUrl\":\"https:\\\/\\\/colefcafecv.com\\\/wp-content\\\/uploads\\\/default_thumb.png\",\"width\":950,\"height\":650},{\"@type\":\"BreadcrumbList\",\"@id\":\"https:\\\/\\\/colefcafecv.com\\\/ca\\\/colefcv\\\/professio\\\/#breadcrumb\",\"itemListElement\":[{\"@type\":\"ListItem\",\"position\":1,\"name\":\"Portada\",\"item\":\"https:\\\/\\\/colefcafecv.com\\\/ca\\\/\"},{\"@type\":\"ListItem\",\"position\":2,\"name\":\"Colefcv\",\"item\":\"https:\\\/\\\/colefcafecv.com\\\/ca\\\/colefcv\\\/\"},{\"@type\":\"ListItem\",\"position\":3,\"name\":\"La professi\u00f3\"}]},{\"@type\":\"WebSite\",\"@id\":\"https:\\\/\\\/colefcafecv.com\\\/ca\\\/#website\",\"url\":\"https:\\\/\\\/colefcafecv.com\\\/ca\\\/\",\"name\":\"Colegio de Licenciados en Educaci\u00f3n F\u00edsica de la Comunidad Valenciana\",\"description\":\"Il lustre Col legi oficial de Llicenciats en Educaci\u00f3 F\u00edsica i en Ci\u00e8ncies de l\u00b4Activitat F\u00edsica i de l\u00b4Esport de la Comunitat Valenciana\",\"publisher\":{\"@id\":\"https:\\\/\\\/colefcafecv.com\\\/ca\\\/#organization\"},\"potentialAction\":[{\"@type\":\"SearchAction\",\"target\":{\"@type\":\"EntryPoint\",\"urlTemplate\":\"https:\\\/\\\/colefcafecv.com\\\/ca\\\/?s={search_term_string}\"},\"query-input\":{\"@type\":\"PropertyValueSpecification\",\"valueRequired\":true,\"valueName\":\"search_term_string\"}}],\"inLanguage\":\"val\"},{\"@type\":\"Organization\",\"@id\":\"https:\\\/\\\/colefcafecv.com\\\/ca\\\/#organization\",\"name\":\"Colegio de Licenciados en Educaci\u00f3n F\u00edsica de la Comunidad Valenciana\",\"url\":\"https:\\\/\\\/colefcafecv.com\\\/ca\\\/\",\"logo\":{\"@type\":\"ImageObject\",\"inLanguage\":\"val\",\"@id\":\"https:\\\/\\\/colefcafecv.com\\\/ca\\\/#\\\/schema\\\/logo\\\/image\\\/\",\"url\":\"https:\\\/\\\/colefcafecv.com\\\/wp-content\\\/uploads\\\/2021\\\/01\\\/simbolo-logotipo-colef.png\",\"contentUrl\":\"https:\\\/\\\/colefcafecv.com\\\/wp-content\\\/uploads\\\/2021\\\/01\\\/simbolo-logotipo-colef.png\",\"width\":213,\"height\":271,\"caption\":\"Colegio de Licenciados en Educaci\u00f3n F\u00edsica de la Comunidad Valenciana\"},\"image\":{\"@id\":\"https:\\\/\\\/colefcafecv.com\\\/ca\\\/#\\\/schema\\\/logo\\\/image\\\/\"},\"sameAs\":[\"https:\\\/\\\/www.facebook.com\\\/colefcv\"]}]}<\/script>\n<!-- \/ Yoast SEO plugin. -->","yoast_head_json":{"title":"La professi\u00f3 - COLEF CV","robots":{"index":"index","follow":"follow","max-snippet":"max-snippet:-1","max-image-preview":"max-image-preview:large","max-video-preview":"max-video-preview:-1"},"canonical":"https:\/\/colefcafecv.com\/ca\/colefcv\/professio\/","og_locale":"en_US","og_type":"article","og_title":"La professi\u00f3 - COLEF CV","og_description":"Estudis Compet\u00e8ncies professionals La RESOLUCI\u00d3 de 2 de febrer de la Secretaria de Just\u00edcia i Administracions P\u00fabliques de la Generalitat Valenciana, per la qual s&#8217;aproven els ESTATUTS del COLEF CV, en el seu article 7\u00e9 estableix que: &#8220;Correspon als Llicenciats en Educaci\u00f3 F\u00edsica i en Ci\u00e8ncies de l&#8217;Activitat F\u00edsica i de l&#8217;Esport l&#8217;exercici de les ... Read more","og_url":"https:\/\/colefcafecv.com\/ca\/colefcv\/professio\/","og_site_name":"COLEF CV","article_publisher":"https:\/\/www.facebook.com\/colefcv","article_modified_time":"2021-12-11T10:34:27+00:00","twitter_card":"summary_large_image","twitter_misc":{"Est. reading time":"2 minutes"},"schema":{"@context":"https:\/\/schema.org","@graph":[{"@type":"WebPage","@id":"https:\/\/colefcafecv.com\/ca\/colefcv\/professio\/","url":"https:\/\/colefcafecv.com\/ca\/colefcv\/professio\/","name":"La professi\u00f3 - COLEF CV","isPartOf":{"@id":"https:\/\/colefcafecv.com\/ca\/#website"},"primaryImageOfPage":{"@id":"https:\/\/colefcafecv.com\/ca\/colefcv\/professio\/#primaryimage"},"image":{"@id":"https:\/\/colefcafecv.com\/ca\/colefcv\/professio\/#primaryimage"},"thumbnailUrl":"https:\/\/colefcafecv.com\/wp-content\/uploads\/default_thumb.png","datePublished":"2021-05-24T10:09:03+00:00","dateModified":"2021-12-11T10:34:27+00:00","breadcrumb":{"@id":"https:\/\/colefcafecv.com\/ca\/colefcv\/professio\/#breadcrumb"},"inLanguage":"val","potentialAction":[{"@type":"ReadAction","target":["https:\/\/colefcafecv.com\/ca\/colefcv\/professio\/"]}]},{"@type":"ImageObject","inLanguage":"val","@id":"https:\/\/colefcafecv.com\/ca\/colefcv\/professio\/#primaryimage","url":"https:\/\/colefcafecv.com\/wp-content\/uploads\/default_thumb.png","contentUrl":"https:\/\/colefcafecv.com\/wp-content\/uploads\/default_thumb.png","width":950,"height":650},{"@type":"BreadcrumbList","@id":"https:\/\/colefcafecv.com\/ca\/colefcv\/professio\/#breadcrumb","itemListElement":[{"@type":"ListItem","position":1,"name":"Portada","item":"https:\/\/colefcafecv.com\/ca\/"},{"@type":"ListItem","position":2,"name":"Colefcv","item":"https:\/\/colefcafecv.com\/ca\/colefcv\/"},{"@type":"ListItem","position":3,"name":"La professi\u00f3"}]},{"@type":"WebSite","@id":"https:\/\/colefcafecv.com\/ca\/#website","url":"https:\/\/colefcafecv.com\/ca\/","name":"Colegio de Licenciados en Educaci\u00f3n F\u00edsica de la Comunidad Valenciana","description":"Il lustre Col legi oficial de Llicenciats en Educaci\u00f3 F\u00edsica i en Ci\u00e8ncies de l\u00b4Activitat F\u00edsica i de l\u00b4Esport de la Comunitat Valenciana","publisher":{"@id":"https:\/\/colefcafecv.com\/ca\/#organization"},"potentialAction":[{"@type":"SearchAction","target":{"@type":"EntryPoint","urlTemplate":"https:\/\/colefcafecv.com\/ca\/?s={search_term_string}"},"query-input":{"@type":"PropertyValueSpecification","valueRequired":true,"valueName":"search_term_string"}}],"inLanguage":"val"},{"@type":"Organization","@id":"https:\/\/colefcafecv.com\/ca\/#organization","name":"Colegio de Licenciados en Educaci\u00f3n F\u00edsica de la Comunidad Valenciana","url":"https:\/\/colefcafecv.com\/ca\/","logo":{"@type":"ImageObject","inLanguage":"val","@id":"https:\/\/colefcafecv.com\/ca\/#\/schema\/logo\/image\/","url":"https:\/\/colefcafecv.com\/wp-content\/uploads\/2021\/01\/simbolo-logotipo-colef.png","contentUrl":"https:\/\/colefcafecv.com\/wp-content\/uploads\/2021\/01\/simbolo-logotipo-colef.png","width":213,"height":271,"caption":"Colegio de Licenciados en Educaci\u00f3n F\u00edsica de la Comunidad Valenciana"},"image":{"@id":"https:\/\/colefcafecv.com\/ca\/#\/schema\/logo\/image\/"},"sameAs":["https:\/\/www.facebook.com\/colefcv"]}]}},"uagb_featured_image_src":{"full":["https:\/\/colefcafecv.com\/wp-content\/uploads\/default_thumb.png",950,650,false],"thumbnail":["https:\/\/colefcafecv.com\/wp-content\/uploads\/default_thumb-150x103.png",150,103,true],"medium":["https:\/\/colefcafecv.com\/wp-content\/uploads\/default_thumb-300x205.png",300,205,true],"medium_large":["https:\/\/colefcafecv.com\/wp-content\/uploads\/default_thumb-768x525.png",768,525,true],"large":["https:\/\/colefcafecv.com\/wp-content\/uploads\/default_thumb.png",950,650,false],"thumblist":["https:\/\/colefcafecv.com\/wp-content\/uploads\/default_thumb-300x300.png",300,300,true],"meccarouselthumb":["https:\/\/colefcafecv.com\/wp-content\/uploads\/default_thumb-474x324.png",474,324,true],"gridsquare":["https:\/\/colefcafecv.com\/wp-content\/uploads\/default_thumb-391x260.png",391,260,true],"tileview":["https:\/\/colefcafecv.com\/wp-content\/uploads\/default_thumb-300x400.png",300,400,true],"1536x1536":["https:\/\/colefcafecv.com\/wp-content\/uploads\/default_thumb.png",950,650,false],"2048x2048":["https:\/\/colefcafecv.com\/wp-content\/uploads\/default_thumb.png",950,650,false],"ultp_layout_landscape_large":["https:\/\/colefcafecv.com\/wp-content\/uploads\/default_thumb.png",950,650,false],"ultp_layout_landscape":["https:\/\/colefcafecv.com\/wp-content\/uploads\/default_thumb-870x570.png",870,570,true],"ultp_layout_portrait":["https:\/\/colefcafecv.com\/wp-content\/uploads\/default_thumb-600x650.png",600,650,true],"ultp_layout_square":["https:\/\/colefcafecv.com\/wp-content\/uploads\/default_thumb-600x600.png",600,600,true]},"uagb_author_info":{"display_name":"Roberto","author_link":"https:\/\/colefcafecv.com\/ca\/author\/administrador\/"},"uagb_comment_info":0,"uagb_excerpt":"Estudis Compet\u00e8ncies professionals La RESOLUCI\u00d3 de 2 de febrer de la Secretaria de Just\u00edcia i Administracions P\u00fabliques de la Generalitat Valenciana, per la qual s&#8217;aproven els ESTATUTS del COLEF CV, en el seu article 7\u00e9 estableix que: &#8220;Correspon als Llicenciats en Educaci\u00f3 F\u00edsica i en Ci\u00e8ncies de l&#8217;Activitat F\u00edsica i de l&#8217;Esport l&#8217;exercici de les&hellip;","_links":{"self":[{"href":"https:\/\/colefcafecv.com\/ca\/wp-json\/wp\/v2\/pages\/3788","targetHints":{"allow":["GET"]}}],"collection":[{"href":"https:\/\/colefcafecv.com\/ca\/wp-json\/wp\/v2\/pages"}],"about":[{"href":"https:\/\/colefcafecv.com\/ca\/wp-json\/wp\/v2\/types\/page"}],"author":[{"embeddable":true,"href":"https:\/\/colefcafecv.com\/ca\/wp-json\/wp\/v2\/users\/1"}],"replies":[{"embeddable":true,"href":"https:\/\/colefcafecv.com\/ca\/wp-json\/wp\/v2\/comments?post=3788"}],"version-history":[{"count":5,"href":"https:\/\/colefcafecv.com\/ca\/wp-json\/wp\/v2\/pages\/3788\/revisions"}],"predecessor-version":[{"id":6618,"href":"https:\/\/colefcafecv.com\/ca\/wp-json\/wp\/v2\/pages\/3788\/revisions\/6618"}],"up":[{"embeddable":true,"href":"https:\/\/colefcafecv.com\/ca\/wp-json\/wp\/v2\/pages\/3769"}],"wp:featuredmedia":[{"embeddable":true,"href":"https:\/\/colefcafecv.com\/ca\/wp-json\/wp\/v2\/media\/5928"}],"wp:attachment":[{"href":"https:\/\/colefcafecv.com\/ca\/wp-json\/wp\/v2\/media?parent=3788"}],"curies":[{"name":"wp","href":"https:\/\/api.w.org\/{rel}","templated":true}]}}