{"id":3786,"date":"2021-05-24T12:03:51","date_gmt":"2021-05-24T10:03:51","guid":{"rendered":"https:\/\/colefcafecv.com\/transparencia\/"},"modified":"2021-12-15T00:09:40","modified_gmt":"2021-12-14T23:09:40","slug":"transparencia","status":"publish","type":"page","link":"https:\/\/colefcafecv.com\/ca\/colefcv\/portal-de-transparencia\/transparencia\/","title":{"rendered":"Transpar\u00e8ncia"},"content":{"rendered":"\n<div class=\"wp-block-cover alignfull has-medium-primary-background-color has-background-dim bloque-titulo\" style=\"min-height:200px;aspect-ratio:unset;\"><div class=\"wp-block-cover__inner-container is-layout-flow wp-block-cover-is-layout-flow\">\n<div class=\"wp-block-columns is-layout-flex wp-container-core-columns-is-layout-9d6595d7 wp-block-columns-is-layout-flex\">\n<div class=\"wp-block-column is-layout-flow wp-block-column-is-layout-flow\" style=\"flex-basis:66.66%\">\n<h1 class=\"wp-block-heading\"><strong>Transpar\u00e8ncia<\/strong><\/h1>\n\n\n\n<p><\/p>\n<\/div>\n\n\n\n<div class=\"wp-block-column is-layout-flow wp-block-column-is-layout-flow\" style=\"flex-basis:33.33%\"><style>.kt-svg-icons_2a71d2-97 .kt-svg-item-0 .kb-svg-icon-wrap{color:#ffffff;font-size:32px;}.kt-svg-icons_2a71d2-97 .kt-svg-item-1 .kb-svg-icon-wrap{color:#ffffff;font-size:32px;}.wp-block-kadence-icon.kt-svg-icons_2a71d2-97{justify-content:flex-end;}<\/style>\n<div class=\"wp-block-kadence-icon kt-svg-icons kt-svg-icons_2a71d2-97 alignright\" style=\"text-align:right\"><div class=\"kt-svg-style-default kt-svg-icon-wrap kt-svg-item-0\"><div style=\"display:inline-flex;justify-content:center;align-items:center;color:#ffffff;margin-top:8px;margin-right:8px;margin-bottom:8px;margin-left:8px\" class=\"kt-svg-icon kt-svg-icon-fas_share-alt\"><svg style=\"display:inline-block;vertical-align:middle\" viewbox=\"0 0 448 512\" height=\"32\" width=\"32\" fill=\"currentColor\" xmlns=\"http:\/\/www.w3.org\/2000\/svg\" aria-hidden=\"true\"><path d=\"M352 320c-22.608 0-43.387 7.819-59.79 20.895l-102.486-64.054a96.551 96.551 0 0 0 0-41.683l102.486-64.054C308.613 184.181 329.392 192 352 192c53.019 0 96-42.981 96-96S405.019 0 352 0s-96 42.981-96 96c0 7.158.79 14.13 2.276 20.841L155.79 180.895C139.387 167.819 118.608 160 96 160c-53.019 0-96 42.981-96 96s42.981 96 96 96c22.608 0 43.387-7.819 59.79-20.895l102.486 64.054A96.301 96.301 0 0 0 256 416c0 53.019 42.981 96 96 96s96-42.981 96-96-42.981-96-96-96z\"><\/path><\/svg><\/div><\/div><div class=\"kt-svg-style-default kt-svg-icon-wrap kt-svg-item-1\"><div style=\"display:inline-flex;justify-content:center;align-items:center;color:#ffffff;margin-top:8px;margin-right:8px;margin-bottom:8px;margin-left:8px\" class=\"kt-svg-icon kt-svg-icon-fe_printer\"><svg style=\"display:inline-block;vertical-align:middle\" viewbox=\"0 0 24 24\" height=\"32\" width=\"32\" fill=\"none\" stroke=\"currentColor\" xmlns=\"http:\/\/www.w3.org\/2000\/svg\" stroke-width=\"2\" stroke-linecap=\"round\" stroke-linejoin=\"round\" aria-hidden=\"true\"><polyline points=\"6 9 6 2 18 2 18 9\"><\/polyline><path d=\"M6 18H4a2 2 0 0 1-2-2v-5a2 2 0 0 1 2-2h16a2 2 0 0 1 2 2v5a2 2 0 0 1-2 2h-2\"><\/path><rect x=\"6\" y=\"14\" width=\"12\" height=\"8\"><\/rect><\/svg><\/div><\/div><\/div>\n<\/div>\n<\/div>\n<\/div><\/div>\n\n\n\n<div class=\"wp-block-columns is-layout-flex wp-container-core-columns-is-layout-9d6595d7 wp-block-columns-is-layout-flex\">\n<div class=\"wp-block-column is-layout-flow wp-block-column-is-layout-flow\" style=\"flex-basis:33.33%\"><div class=\"shortcode-menu\"><div class=\"menu-menu-portal-de-transparencia-val-container\"><ul id=\"menu-menu-portal-de-transparencia-val\" class=\"menu \"><li id=\"menu-item-6865\" class=\"menu-item menu-item-type-post_type menu-item-object-page menu-item-6865\"><a href=\"https:\/\/colefcafecv.com\/ca\/colefcv\/portal-de-transparencia\/transparencia\/\">Transpar\u00e8ncia<\/a><\/li>\n<li id=\"menu-item-6866\" class=\"menu-item menu-item-type-post_type menu-item-object-page menu-item-6866\"><a href=\"https:\/\/colefcafecv.com\/ca\/colefcv\/portal-de-transparencia\/informacio-institucional-organitzativa-i-de-planificacio\/\">Informaci\u00f3 institucional, organitzativa i de planificaci\u00f3<\/a><\/li>\n<li id=\"menu-item-6867\" class=\"menu-item menu-item-type-post_type menu-item-object-page menu-item-6867\"><a href=\"https:\/\/colefcafecv.com\/ca\/colefcv\/portal-de-transparencia\/registre-dactivitats-de-tractament\/\">Registre d&#8217;activitats de tractament<\/a><\/li>\n<li id=\"menu-item-6868\" class=\"menu-item menu-item-type-post_type menu-item-object-page menu-item-6868\"><a href=\"https:\/\/colefcafecv.com\/ca\/colefcv\/portal-de-transparencia\/informacio-de-rellevancia-juridica\/\">Informaci\u00f3 de rellev\u00e0ncia jur\u00eddica<\/a><\/li>\n<li id=\"menu-item-6869\" class=\"menu-item menu-item-type-post_type menu-item-object-page menu-item-6869\"><a href=\"https:\/\/colefcafecv.com\/ca\/colefcv\/portal-de-transparencia\/informacio-economica-pressupostaria-i-estadistica\/\">Informaci\u00f3 econ\u00f2mica, pressupost\u00e0ria i estad\u00edstica<\/a><\/li>\n<li id=\"menu-item-6870\" class=\"menu-item menu-item-type-post_type menu-item-object-page menu-item-6870\"><a href=\"https:\/\/colefcafecv.com\/ca\/colefcv\/portal-de-transparencia\/memories-anuals\/\">Mem\u00f2ries anuals<\/a><\/li>\n<\/ul><\/div><\/div>\n<\/div>\n\n\n\n<div class=\"wp-block-column is-layout-flow wp-block-column-is-layout-flow\" style=\"flex-basis:100%\">\n<div style=\"height:20px\" aria-hidden=\"true\" class=\"wp-block-spacer\"><\/div>\n\n\n\n<p><em><span class=\"has-inline-color has-medium-gray-color\">\u00daltima modificaci\u00f3: 1 de Desembre de 2020<\/span><\/em><\/p>\n\n\n\n<h3 class=\"has-medium-primary-color has-text-color wp-block-heading\"><strong>Normativa d&#8217;aplicaci\u00f3<\/strong><\/h3>\n\n\n\n<p class=\"text-justify\"><a href=\"https:\/\/www.boe.es\/buscar\/act.php?id=boe-a-2013-12887\">La Llei 19\/2013, de 9 de desembre, de Transpar\u00e8ncia, Acc\u00e9s a la Informaci\u00f3 P\u00fablica i Bon Govern<\/a> i la <a rel=\"noreferrer noopener\" href=\"https:\/\/www.boe.es\/buscar\/pdf\/2015\/boe-a-2015-4547-consolidado.pdf\" target=\"_blank\">Llei 2\/2015, de 2 d&#8217;abril, de Transpar\u00e8ncia, Bon Govern i Participaci\u00f3 Ciutadana de la Comunitat Valenciana<\/a>, preveu que les Corporacions de Dret P\u00fablic, quant a les seues activitats subjectes a Dret Administratiu, estiguen subjectes al r\u00e8gim de publicitat activa i passiva que en ella s&#8217;estableix. En concret, s&#8217;aplicar\u00e0 al Consell General de l&#8217;Educaci\u00f3 F\u00edsica i Esportiva, quant a Corporaci\u00f3 de Dret P\u00fablic, el que es preveu en el T\u00edtol I i II de la Llei. Dins de les obligacions dirigides a les Corporacions de Dret P\u00fablic, s&#8217;inclouen les obligacions de transpar\u00e8ncia activa establides en els articles 5 i 8 de la Llei, i les obligacions de transpar\u00e8ncia passiva regulada en els articles 17 i seg\u00fcents.<\/p>\n\n\n\n<h3 class=\"has-medium-primary-color has-text-color wp-block-heading\"><strong>Llei de Transpar\u00e8ncia<\/strong><\/h3>\n\n\n\n<p class=\"text-justify\"><a href=\"https:\/\/www.boe.es\/buscar\/act.php?id=boe-a-2013-12887\" target=\"_blank\" rel=\"noreferrer noopener\">La Llei 19\/2013, de 9 de desembre, de Transpar\u00e8ncia, Acc\u00e9s a la Informaci\u00f3 P\u00fablica i Bon Govern (LTGB)<\/a>, en l&#8217;\u00e0mbit concret de les Corporacions de Dret p\u00fablic (Art. 2, apartat e), t\u00e9 per objecte ampliar i refor\u00e7ar la transpar\u00e8ncia de l&#8217;activitat subjecta a dret administratiu i garantir el dret d&#8217;acc\u00e9s a la informaci\u00f3 relativa a aquesta activitat.<\/p>\n\n\n\n<h3 class=\"has-medium-primary-color has-text-color wp-block-heading\"><strong>Entitats Obligades<\/strong><\/h3>\n\n\n\n<p class=\"text-justify\">Totes les Administracions P\u00fabliques, entitats del sector p\u00fablic, \u00f2rgans constitucionals (inclosa la Casa de la seua Majestat el Rei) i els seus equivalents a nivell auton\u00f2mic, aix\u00ed com Fundacions del Sector P\u00fablic, Associacions constitu\u00efdes per Administracions P\u00fabliques o Societats Mercantils amb participaci\u00f3 p\u00fablica majorit\u00e0ria, les Corporacions de Dret P\u00fablic, quant a les seues activitats subjectes a Dret Administratiu, estan obligades a complir la Llei de Transpar\u00e8ncia. \u00c9s a dir, han de publicar la informaci\u00f3 que la Llei esmenta i, a m\u00e9s, respondre a les sol\u00b7licituds d&#8217;informaci\u00f3 que es presenten.<\/p>\n\n\n\n<h3 class=\"has-medium-primary-color has-text-color wp-block-heading\"><strong>Transpar\u00e8ncia en el COLEFCV<\/strong><\/h3>\n\n\n\n<p class=\"text-justify\">En la plataforma per la qual podr\u00e0 accedir a la informaci\u00f3 institucional, organitzativa, econ\u00f2mica, pressupost\u00e0ria\u2026 relativa als actes de gesti\u00f3 administrativa actualitzada, de major rellev\u00e0ncia del Col\u00b7legi de Llicenciats en Educaci\u00f3 f\u00edsica i ci\u00e8ncies de l&#8217;Activitat f\u00edsica i esport de la Comunitat Valenciana, conforme a la Llei 19\/2013 (Cap\u00edtol II).<\/p>\n\n\n\n<h3 class=\"has-medium-primary-color has-text-color wp-block-heading\"><strong>A qui va dirigit?<\/strong><\/h3>\n\n\n\n<p class=\"text-justify\">El portal est\u00e0 dirigit a les persones consumidores, usu\u00e0ries, alumnat, esportistes i\/o Llicenciats i graduats en Educaci\u00f3 F\u00edsica i Ci\u00e8ncies de l&#8217;activitat Fisica i Esport que desitgen obtindre informaci\u00f3 relativa al funcionament del Consell General de l&#8217;Educaci\u00f3 F\u00edsica i Esportiva, normes estatut\u00e0ria, informaci\u00f3 econ\u00f2mica\u2026 O realitzar tr\u00e0mits relacionats amb el col\u00b7legi.<\/p>\n<\/div>\n<\/div>\n\n\n\n<div class=\"wp-block-cover alignfull has-medium-secondary-background-color has-background-dim bloque-titulo\" style=\"min-height:200px;aspect-ratio:unset;\"><div class=\"wp-block-cover__inner-container is-layout-flow wp-block-cover-is-layout-flow\">\n<div style=\"height:40px\" aria-hidden=\"true\" class=\"wp-block-spacer\"><\/div>\n\n\n\n<h1 class=\"wp-block-heading\"><strong>INFORMACI\u00d3<\/strong><\/h1>\n\n\n\n<h4 class=\"wp-block-heading\">Institucional, organitzativa i de planificaci\u00f3<\/h4>\n\n\n\n<div class=\"wp-block-uagb-buttons uagb-buttons__outer-wrap uagb-block-9c5b7710\"><div class=\"uagb-buttons__wrap uagb-buttons-layout-wrap\">\n<div class=\"wp-block-uagb-buttons-child uagb-buttons__outer-wrap uagb-block-b5ba6313\"><div class=\"uagb-button__wrapper\"><a class=\"uagb-buttons-repeater\" href=\"#\" rel=\"noopener noreferrer\" target=\"_self\"><div class=\"uagb-button__link\">M\u00c1S INFO<\/div><\/a><\/div><\/div>\n<\/div><\/div>\n\n\n\n<div style=\"height:40px\" aria-hidden=\"true\" class=\"wp-block-spacer\"><\/div>\n<\/div><\/div>\n","protected":false},"excerpt":{"rendered":"<p>\u00daltima modificaci\u00f3: 1 de Desembre de 2020 Normativa d&#8217;aplicaci\u00f3 La Llei 19\/2013, de 9 de desembre, de Transpar\u00e8ncia, Acc\u00e9s a la Informaci\u00f3 P\u00fablica i Bon Govern i la Llei 2\/2015, de 2 d&#8217;abril, de Transpar\u00e8ncia, Bon Govern i Participaci\u00f3 Ciutadana de la Comunitat Valenciana, preveu que les Corporacions de Dret P\u00fablic, quant a les seues &#8230; <a title=\"Transpar\u00e8ncia\" class=\"read-more\" href=\"https:\/\/colefcafecv.com\/ca\/colefcv\/portal-de-transparencia\/transparencia\/\" aria-label=\"Read more about Transpar\u00e8ncia\">Read more<\/a><\/p>\n","protected":false},"author":1,"featured_media":5928,"parent":6619,"menu_order":0,"comment_status":"closed","ping_status":"closed","template":"","meta":{"_uag_custom_page_level_css":"","_jet_sm_ready_style":"","_jet_sm_style":"","_jet_sm_controls_values":"","_jet_sm_fonts_collection":"","_jet_sm_fonts_links":"","footnotes":""},"class_list":["post-3786","page","type-page","status-publish","has-post-thumbnail"],"yoast_head":"<!-- This site is optimized with the Yoast SEO plugin v27.5 - https:\/\/yoast.com\/product\/yoast-seo-wordpress\/ -->\n<title>Transpar\u00e8ncia - COLEF CV<\/title>\n<meta name=\"robots\" content=\"index, follow, max-snippet:-1, max-image-preview:large, max-video-preview:-1\" \/>\n<link rel=\"canonical\" href=\"https:\/\/colefcafecv.com\/ca\/colefcv\/portal-de-transparencia\/transparencia\/\" \/>\n<meta property=\"og:locale\" content=\"en_US\" \/>\n<meta property=\"og:type\" content=\"article\" \/>\n<meta property=\"og:title\" content=\"Transpar\u00e8ncia - COLEF CV\" \/>\n<meta property=\"og:description\" content=\"\u00daltima modificaci\u00f3: 1 de Desembre de 2020 Normativa d&#8217;aplicaci\u00f3 La Llei 19\/2013, de 9 de desembre, de Transpar\u00e8ncia, Acc\u00e9s a la Informaci\u00f3 P\u00fablica i Bon Govern i la Llei 2\/2015, de 2 d&#8217;abril, de Transpar\u00e8ncia, Bon Govern i Participaci\u00f3 Ciutadana de la Comunitat Valenciana, preveu que les Corporacions de Dret P\u00fablic, quant a les seues ... Read more\" \/>\n<meta property=\"og:url\" content=\"https:\/\/colefcafecv.com\/ca\/colefcv\/portal-de-transparencia\/transparencia\/\" \/>\n<meta property=\"og:site_name\" content=\"COLEF CV\" \/>\n<meta property=\"article:publisher\" content=\"https:\/\/www.facebook.com\/colefcv\" \/>\n<meta property=\"article:modified_time\" content=\"2021-12-14T23:09:40+00:00\" \/>\n<meta name=\"twitter:card\" content=\"summary_large_image\" \/>\n<meta name=\"twitter:label1\" content=\"Est. reading time\" \/>\n\t<meta name=\"twitter:data1\" content=\"2 minutes\" \/>\n<script type=\"application\/ld+json\" class=\"yoast-schema-graph\">{\"@context\":\"https:\\\/\\\/schema.org\",\"@graph\":[{\"@type\":\"WebPage\",\"@id\":\"https:\\\/\\\/colefcafecv.com\\\/ca\\\/colefcv\\\/portal-de-transparencia\\\/transparencia\\\/\",\"url\":\"https:\\\/\\\/colefcafecv.com\\\/ca\\\/colefcv\\\/portal-de-transparencia\\\/transparencia\\\/\",\"name\":\"Transpar\u00e8ncia - COLEF CV\",\"isPartOf\":{\"@id\":\"https:\\\/\\\/colefcafecv.com\\\/ca\\\/#website\"},\"primaryImageOfPage\":{\"@id\":\"https:\\\/\\\/colefcafecv.com\\\/ca\\\/colefcv\\\/portal-de-transparencia\\\/transparencia\\\/#primaryimage\"},\"image\":{\"@id\":\"https:\\\/\\\/colefcafecv.com\\\/ca\\\/colefcv\\\/portal-de-transparencia\\\/transparencia\\\/#primaryimage\"},\"thumbnailUrl\":\"https:\\\/\\\/colefcafecv.com\\\/wp-content\\\/uploads\\\/default_thumb.png\",\"datePublished\":\"2021-05-24T10:03:51+00:00\",\"dateModified\":\"2021-12-14T23:09:40+00:00\",\"breadcrumb\":{\"@id\":\"https:\\\/\\\/colefcafecv.com\\\/ca\\\/colefcv\\\/portal-de-transparencia\\\/transparencia\\\/#breadcrumb\"},\"inLanguage\":\"val\",\"potentialAction\":[{\"@type\":\"ReadAction\",\"target\":[\"https:\\\/\\\/colefcafecv.com\\\/ca\\\/colefcv\\\/portal-de-transparencia\\\/transparencia\\\/\"]}]},{\"@type\":\"ImageObject\",\"inLanguage\":\"val\",\"@id\":\"https:\\\/\\\/colefcafecv.com\\\/ca\\\/colefcv\\\/portal-de-transparencia\\\/transparencia\\\/#primaryimage\",\"url\":\"https:\\\/\\\/colefcafecv.com\\\/wp-content\\\/uploads\\\/default_thumb.png\",\"contentUrl\":\"https:\\\/\\\/colefcafecv.com\\\/wp-content\\\/uploads\\\/default_thumb.png\",\"width\":950,\"height\":650},{\"@type\":\"BreadcrumbList\",\"@id\":\"https:\\\/\\\/colefcafecv.com\\\/ca\\\/colefcv\\\/portal-de-transparencia\\\/transparencia\\\/#breadcrumb\",\"itemListElement\":[{\"@type\":\"ListItem\",\"position\":1,\"name\":\"Portada\",\"item\":\"https:\\\/\\\/colefcafecv.com\\\/ca\\\/\"},{\"@type\":\"ListItem\",\"position\":2,\"name\":\"Colefcv\",\"item\":\"https:\\\/\\\/colefcafecv.com\\\/ca\\\/colefcv\\\/\"},{\"@type\":\"ListItem\",\"position\":3,\"name\":\"Portal de transpar\u00e8ncia\",\"item\":\"https:\\\/\\\/colefcafecv.com\\\/ca\\\/colefcv\\\/portal-de-transparencia\\\/\"},{\"@type\":\"ListItem\",\"position\":4,\"name\":\"Transpar\u00e8ncia\"}]},{\"@type\":\"WebSite\",\"@id\":\"https:\\\/\\\/colefcafecv.com\\\/ca\\\/#website\",\"url\":\"https:\\\/\\\/colefcafecv.com\\\/ca\\\/\",\"name\":\"Colegio de Licenciados en Educaci\u00f3n F\u00edsica de la Comunidad Valenciana\",\"description\":\"Il lustre Col legi oficial de Llicenciats en Educaci\u00f3 F\u00edsica i en Ci\u00e8ncies de l\u00b4Activitat F\u00edsica i de l\u00b4Esport de la Comunitat Valenciana\",\"publisher\":{\"@id\":\"https:\\\/\\\/colefcafecv.com\\\/ca\\\/#organization\"},\"potentialAction\":[{\"@type\":\"SearchAction\",\"target\":{\"@type\":\"EntryPoint\",\"urlTemplate\":\"https:\\\/\\\/colefcafecv.com\\\/ca\\\/?s={search_term_string}\"},\"query-input\":{\"@type\":\"PropertyValueSpecification\",\"valueRequired\":true,\"valueName\":\"search_term_string\"}}],\"inLanguage\":\"val\"},{\"@type\":\"Organization\",\"@id\":\"https:\\\/\\\/colefcafecv.com\\\/ca\\\/#organization\",\"name\":\"Colegio de Licenciados en Educaci\u00f3n F\u00edsica de la Comunidad Valenciana\",\"url\":\"https:\\\/\\\/colefcafecv.com\\\/ca\\\/\",\"logo\":{\"@type\":\"ImageObject\",\"inLanguage\":\"val\",\"@id\":\"https:\\\/\\\/colefcafecv.com\\\/ca\\\/#\\\/schema\\\/logo\\\/image\\\/\",\"url\":\"https:\\\/\\\/colefcafecv.com\\\/wp-content\\\/uploads\\\/2021\\\/01\\\/simbolo-logotipo-colef.png\",\"contentUrl\":\"https:\\\/\\\/colefcafecv.com\\\/wp-content\\\/uploads\\\/2021\\\/01\\\/simbolo-logotipo-colef.png\",\"width\":213,\"height\":271,\"caption\":\"Colegio de Licenciados en Educaci\u00f3n F\u00edsica de la Comunidad Valenciana\"},\"image\":{\"@id\":\"https:\\\/\\\/colefcafecv.com\\\/ca\\\/#\\\/schema\\\/logo\\\/image\\\/\"},\"sameAs\":[\"https:\\\/\\\/www.facebook.com\\\/colefcv\"]}]}<\/script>\n<!-- \/ Yoast SEO plugin. -->","yoast_head_json":{"title":"Transpar\u00e8ncia - COLEF CV","robots":{"index":"index","follow":"follow","max-snippet":"max-snippet:-1","max-image-preview":"max-image-preview:large","max-video-preview":"max-video-preview:-1"},"canonical":"https:\/\/colefcafecv.com\/ca\/colefcv\/portal-de-transparencia\/transparencia\/","og_locale":"en_US","og_type":"article","og_title":"Transpar\u00e8ncia - COLEF CV","og_description":"\u00daltima modificaci\u00f3: 1 de Desembre de 2020 Normativa d&#8217;aplicaci\u00f3 La Llei 19\/2013, de 9 de desembre, de Transpar\u00e8ncia, Acc\u00e9s a la Informaci\u00f3 P\u00fablica i Bon Govern i la Llei 2\/2015, de 2 d&#8217;abril, de Transpar\u00e8ncia, Bon Govern i Participaci\u00f3 Ciutadana de la Comunitat Valenciana, preveu que les Corporacions de Dret P\u00fablic, quant a les seues ... Read more","og_url":"https:\/\/colefcafecv.com\/ca\/colefcv\/portal-de-transparencia\/transparencia\/","og_site_name":"COLEF CV","article_publisher":"https:\/\/www.facebook.com\/colefcv","article_modified_time":"2021-12-14T23:09:40+00:00","twitter_card":"summary_large_image","twitter_misc":{"Est. reading time":"2 minutes"},"schema":{"@context":"https:\/\/schema.org","@graph":[{"@type":"WebPage","@id":"https:\/\/colefcafecv.com\/ca\/colefcv\/portal-de-transparencia\/transparencia\/","url":"https:\/\/colefcafecv.com\/ca\/colefcv\/portal-de-transparencia\/transparencia\/","name":"Transpar\u00e8ncia - COLEF CV","isPartOf":{"@id":"https:\/\/colefcafecv.com\/ca\/#website"},"primaryImageOfPage":{"@id":"https:\/\/colefcafecv.com\/ca\/colefcv\/portal-de-transparencia\/transparencia\/#primaryimage"},"image":{"@id":"https:\/\/colefcafecv.com\/ca\/colefcv\/portal-de-transparencia\/transparencia\/#primaryimage"},"thumbnailUrl":"https:\/\/colefcafecv.com\/wp-content\/uploads\/default_thumb.png","datePublished":"2021-05-24T10:03:51+00:00","dateModified":"2021-12-14T23:09:40+00:00","breadcrumb":{"@id":"https:\/\/colefcafecv.com\/ca\/colefcv\/portal-de-transparencia\/transparencia\/#breadcrumb"},"inLanguage":"val","potentialAction":[{"@type":"ReadAction","target":["https:\/\/colefcafecv.com\/ca\/colefcv\/portal-de-transparencia\/transparencia\/"]}]},{"@type":"ImageObject","inLanguage":"val","@id":"https:\/\/colefcafecv.com\/ca\/colefcv\/portal-de-transparencia\/transparencia\/#primaryimage","url":"https:\/\/colefcafecv.com\/wp-content\/uploads\/default_thumb.png","contentUrl":"https:\/\/colefcafecv.com\/wp-content\/uploads\/default_thumb.png","width":950,"height":650},{"@type":"BreadcrumbList","@id":"https:\/\/colefcafecv.com\/ca\/colefcv\/portal-de-transparencia\/transparencia\/#breadcrumb","itemListElement":[{"@type":"ListItem","position":1,"name":"Portada","item":"https:\/\/colefcafecv.com\/ca\/"},{"@type":"ListItem","position":2,"name":"Colefcv","item":"https:\/\/colefcafecv.com\/ca\/colefcv\/"},{"@type":"ListItem","position":3,"name":"Portal de transpar\u00e8ncia","item":"https:\/\/colefcafecv.com\/ca\/colefcv\/portal-de-transparencia\/"},{"@type":"ListItem","position":4,"name":"Transpar\u00e8ncia"}]},{"@type":"WebSite","@id":"https:\/\/colefcafecv.com\/ca\/#website","url":"https:\/\/colefcafecv.com\/ca\/","name":"Colegio de Licenciados en Educaci\u00f3n F\u00edsica de la Comunidad Valenciana","description":"Il lustre Col legi oficial de Llicenciats en Educaci\u00f3 F\u00edsica i en Ci\u00e8ncies de l\u00b4Activitat F\u00edsica i de l\u00b4Esport de la Comunitat Valenciana","publisher":{"@id":"https:\/\/colefcafecv.com\/ca\/#organization"},"potentialAction":[{"@type":"SearchAction","target":{"@type":"EntryPoint","urlTemplate":"https:\/\/colefcafecv.com\/ca\/?s={search_term_string}"},"query-input":{"@type":"PropertyValueSpecification","valueRequired":true,"valueName":"search_term_string"}}],"inLanguage":"val"},{"@type":"Organization","@id":"https:\/\/colefcafecv.com\/ca\/#organization","name":"Colegio de Licenciados en Educaci\u00f3n F\u00edsica de la Comunidad Valenciana","url":"https:\/\/colefcafecv.com\/ca\/","logo":{"@type":"ImageObject","inLanguage":"val","@id":"https:\/\/colefcafecv.com\/ca\/#\/schema\/logo\/image\/","url":"https:\/\/colefcafecv.com\/wp-content\/uploads\/2021\/01\/simbolo-logotipo-colef.png","contentUrl":"https:\/\/colefcafecv.com\/wp-content\/uploads\/2021\/01\/simbolo-logotipo-colef.png","width":213,"height":271,"caption":"Colegio de Licenciados en Educaci\u00f3n F\u00edsica de la Comunidad Valenciana"},"image":{"@id":"https:\/\/colefcafecv.com\/ca\/#\/schema\/logo\/image\/"},"sameAs":["https:\/\/www.facebook.com\/colefcv"]}]}},"uagb_featured_image_src":{"full":["https:\/\/colefcafecv.com\/wp-content\/uploads\/default_thumb.png",950,650,false],"thumbnail":["https:\/\/colefcafecv.com\/wp-content\/uploads\/default_thumb-150x103.png",150,103,true],"medium":["https:\/\/colefcafecv.com\/wp-content\/uploads\/default_thumb-300x205.png",300,205,true],"medium_large":["https:\/\/colefcafecv.com\/wp-content\/uploads\/default_thumb-768x525.png",768,525,true],"large":["https:\/\/colefcafecv.com\/wp-content\/uploads\/default_thumb.png",950,650,false],"thumblist":["https:\/\/colefcafecv.com\/wp-content\/uploads\/default_thumb-300x300.png",300,300,true],"meccarouselthumb":["https:\/\/colefcafecv.com\/wp-content\/uploads\/default_thumb-474x324.png",474,324,true],"gridsquare":["https:\/\/colefcafecv.com\/wp-content\/uploads\/default_thumb-391x260.png",391,260,true],"tileview":["https:\/\/colefcafecv.com\/wp-content\/uploads\/default_thumb-300x400.png",300,400,true],"1536x1536":["https:\/\/colefcafecv.com\/wp-content\/uploads\/default_thumb.png",950,650,false],"2048x2048":["https:\/\/colefcafecv.com\/wp-content\/uploads\/default_thumb.png",950,650,false],"ultp_layout_landscape_large":["https:\/\/colefcafecv.com\/wp-content\/uploads\/default_thumb.png",950,650,false],"ultp_layout_landscape":["https:\/\/colefcafecv.com\/wp-content\/uploads\/default_thumb-870x570.png",870,570,true],"ultp_layout_portrait":["https:\/\/colefcafecv.com\/wp-content\/uploads\/default_thumb-600x650.png",600,650,true],"ultp_layout_square":["https:\/\/colefcafecv.com\/wp-content\/uploads\/default_thumb-600x600.png",600,600,true]},"uagb_author_info":{"display_name":"Roberto","author_link":"https:\/\/colefcafecv.com\/ca\/author\/administrador\/"},"uagb_comment_info":0,"uagb_excerpt":"\u00daltima modificaci\u00f3: 1 de Desembre de 2020 Normativa d&#8217;aplicaci\u00f3 La Llei 19\/2013, de 9 de desembre, de Transpar\u00e8ncia, Acc\u00e9s a la Informaci\u00f3 P\u00fablica i Bon Govern i la Llei 2\/2015, de 2 d&#8217;abril, de Transpar\u00e8ncia, Bon Govern i Participaci\u00f3 Ciutadana de la Comunitat Valenciana, preveu que les Corporacions de Dret P\u00fablic, quant a les seues&hellip;","_links":{"self":[{"href":"https:\/\/colefcafecv.com\/ca\/wp-json\/wp\/v2\/pages\/3786","targetHints":{"allow":["GET"]}}],"collection":[{"href":"https:\/\/colefcafecv.com\/ca\/wp-json\/wp\/v2\/pages"}],"about":[{"href":"https:\/\/colefcafecv.com\/ca\/wp-json\/wp\/v2\/types\/page"}],"author":[{"embeddable":true,"href":"https:\/\/colefcafecv.com\/ca\/wp-json\/wp\/v2\/users\/1"}],"replies":[{"embeddable":true,"href":"https:\/\/colefcafecv.com\/ca\/wp-json\/wp\/v2\/comments?post=3786"}],"version-history":[{"count":3,"href":"https:\/\/colefcafecv.com\/ca\/wp-json\/wp\/v2\/pages\/3786\/revisions"}],"predecessor-version":[{"id":7191,"href":"https:\/\/colefcafecv.com\/ca\/wp-json\/wp\/v2\/pages\/3786\/revisions\/7191"}],"up":[{"embeddable":true,"href":"https:\/\/colefcafecv.com\/ca\/wp-json\/wp\/v2\/pages\/6619"}],"wp:featuredmedia":[{"embeddable":true,"href":"https:\/\/colefcafecv.com\/ca\/wp-json\/wp\/v2\/media\/5928"}],"wp:attachment":[{"href":"https:\/\/colefcafecv.com\/ca\/wp-json\/wp\/v2\/media?parent=3786"}],"curies":[{"name":"wp","href":"https:\/\/api.w.org\/{rel}","templated":true}]}}