{"id":3770,"date":"2021-05-24T11:10:51","date_gmt":"2021-05-24T09:10:51","guid":{"rendered":"https:\/\/colefcafecv.com\/colefcv\/el-colegi\/"},"modified":"2021-12-14T23:44:59","modified_gmt":"2021-12-14T22:44:59","slug":"el-colegi","status":"publish","type":"page","link":"https:\/\/colefcafecv.com\/ca\/colefcv\/el-colegi\/","title":{"rendered":"El colegi"},"content":{"rendered":"\n<div class=\"wp-block-cover alignfull has-medium-primary-background-color has-background-dim bloque-titulo\" style=\"min-height:200px;aspect-ratio:unset;\"><div class=\"wp-block-cover__inner-container is-layout-flow wp-block-cover-is-layout-flow\">\n<div class=\"wp-block-columns is-layout-flex wp-container-core-columns-is-layout-9d6595d7 wp-block-columns-is-layout-flex\">\n<div class=\"wp-block-column is-layout-flow wp-block-column-is-layout-flow\" style=\"flex-basis:66.66%\">\n<h1 class=\"wp-block-heading\"><strong>El colegi<\/strong><\/h1>\n\n\n\n<p><\/p>\n<\/div>\n\n\n\n<div class=\"wp-block-column is-layout-flow wp-block-column-is-layout-flow\" style=\"flex-basis:33.33%\"><style>.kt-svg-icons_2a71d2-97 .kt-svg-item-0 .kb-svg-icon-wrap{color:#ffffff;font-size:32px;}.kt-svg-icons_2a71d2-97 .kt-svg-item-1 .kb-svg-icon-wrap{color:#ffffff;font-size:32px;}.wp-block-kadence-icon.kt-svg-icons_2a71d2-97{justify-content:flex-end;}<\/style>\n<div class=\"wp-block-kadence-icon kt-svg-icons kt-svg-icons_2a71d2-97 alignright\" style=\"text-align:right\"><div class=\"kt-svg-style-default kt-svg-icon-wrap kt-svg-item-0\"><div style=\"display:inline-flex;justify-content:center;align-items:center;color:#ffffff;margin-top:8px;margin-right:8px;margin-bottom:8px;margin-left:8px\" class=\"kt-svg-icon kt-svg-icon-fas_share-alt\"><svg style=\"display:inline-block;vertical-align:middle\" viewbox=\"0 0 448 512\" height=\"32\" width=\"32\" fill=\"currentColor\" xmlns=\"http:\/\/www.w3.org\/2000\/svg\"><path d=\"M352 320c-22.608 0-43.387 7.819-59.79 20.895l-102.486-64.054a96.551 96.551 0 0 0 0-41.683l102.486-64.054C308.613 184.181 329.392 192 352 192c53.019 0 96-42.981 96-96S405.019 0 352 0s-96 42.981-96 96c0 7.158.79 14.13 2.276 20.841L155.79 180.895C139.387 167.819 118.608 160 96 160c-53.019 0-96 42.981-96 96s42.981 96 96 96c22.608 0 43.387-7.819 59.79-20.895l102.486 64.054A96.301 96.301 0 0 0 256 416c0 53.019 42.981 96 96 96s96-42.981 96-96-42.981-96-96-96z\"><\/path><\/svg><\/div><\/div><div class=\"kt-svg-style-default kt-svg-icon-wrap kt-svg-item-1\"><div style=\"display:inline-flex;justify-content:center;align-items:center;color:#ffffff;margin-top:8px;margin-right:8px;margin-bottom:8px;margin-left:8px\" class=\"kt-svg-icon kt-svg-icon-fe_printer\"><svg style=\"display:inline-block;vertical-align:middle\" viewbox=\"0 0 24 24\" height=\"32\" width=\"32\" fill=\"none\" stroke=\"currentColor\" xmlns=\"http:\/\/www.w3.org\/2000\/svg\" stroke-width=\"2\" stroke-linecap=\"round\" stroke-linejoin=\"round\"><polyline points=\"6 9 6 2 18 2 18 9\"><\/polyline><path d=\"M6 18H4a2 2 0 0 1-2-2v-5a2 2 0 0 1 2-2h16a2 2 0 0 1 2 2v5a2 2 0 0 1-2 2h-2\"><\/path><rect x=\"6\" y=\"14\" width=\"12\" height=\"8\"><\/rect><\/svg><\/div><\/div><\/div>\n<\/div>\n<\/div>\n<\/div><\/div>\n\n<h3 class=\"has-medium-primary-color has-text-color wp-block-heading\"><strong>Qu\u00e8 \u00e9s?<\/strong><\/h3>\n\n<p class=\"text-justify has-medium-black-color has-text-color\">El *COLEF CV \u00e9s una Corporaci\u00f3 de dret p\u00fablic, constitu\u00efda mitjan\u00e7ant el DECRET 190\/1990 de la Generalitat Valenciana, de 26 de novembre. Est\u00e0 integrat en el Consell *COLEF d&#8217;Espanya. Figura inscrit en el Registre de Col\u00b7legis Professionals i Consells Valencians de Col\u00b7legis Professionals de la Generalitat Valenciana amb el n\u00fam. 72 de la secci\u00f3 primera.<\/p>\n\n<div style=\"height:16px\" aria-hidden=\"true\" class=\"wp-block-spacer\"><\/div>\n\n<section class=\"wp-block-uagb-section uagb-section__wrap uagb-section__background-color uagb-block-32ea15fb\"><div class=\"uagb-section__overlay\"><\/div><div class=\"uagb-section__inner-wrap\">\n<p id=\"block-a9bb3c59-24c1-4ec4-ac65-f0a591360024\" style=\"font-size:19px\"><span class=\"has-inline-color has-medium-primary-color\"><strong>Estatuts de l&#8217;Il\u00b7lustre Col\u00b7legi Oficial de Llicenciats en Educaci\u00f3 F\u00edsica i en Ci\u00e8ncies de l&#8217;Activitat F\u00edsica i de l&#8217;Esport de la Comunitat Valenciana<\/strong><\/span><\/p>\n\n\n<style>.kt-svg-icons_4f500b-ad .kt-svg-item-0 .kb-svg-icon-wrap{color:#004f7d;font-size:48px;}.kt-svg-icons_4f500b-ad .kt-svg-item-0:hover .kb-svg-icon-wrap{color:#002750;}.wp-block-kadence-icon.kt-svg-icons_4f500b-ad{justify-content:flex-end;}<\/style>\n<div class=\"wp-block-kadence-icon kt-svg-icons kt-svg-icons_4f500b-ad aligncenter\" style=\"text-align:right\"><div class=\"kt-svg-style-default kt-svg-icon-wrap kt-svg-item-0\"><a href=\"https:\/\/colefcafecv.com\/wp-content\/uploads\/Estatutosestatuts.pdf\" class=\"kt-svg-icon-link\" target=\"_blank\" rel=\"noopener noreferrer\"><div style=\"display:inline-flex;justify-content:center;align-items:center;color:#004f7d\" class=\"kt-svg-icon kt-svg-icon-fe_download\"><svg style=\"display:inline-block;vertical-align:middle\" viewbox=\"0 0 24 24\" height=\"48\" width=\"48\" fill=\"none\" stroke=\"currentColor\" xmlns=\"http:\/\/www.w3.org\/2000\/svg\" stroke-width=\"2\" stroke-linecap=\"round\" stroke-linejoin=\"round\"><path d=\"M21 15v4a2 2 0 0 1-2 2H5a2 2 0 0 1-2-2v-4\"><\/path><polyline points=\"7 10 12 15 17 10\"><\/polyline><line x1=\"12\" y1=\"15\" x2=\"12\" y2=\"3\"><\/line><\/svg><\/div><\/a><\/div><\/div>\n<\/div><\/section>\n\n<div style=\"height:16px\" aria-hidden=\"true\" class=\"wp-block-spacer\"><\/div>\n\n<h3 class=\"has-medium-primary-color has-text-color wp-block-heading\"><strong>Saluda el president<\/strong><\/h3>\n\n<div class=\"wp-block-columns is-layout-flex wp-container-core-columns-is-layout-9d6595d7 wp-block-columns-is-layout-flex\">\n<div class=\"wp-block-column img-junta is-layout-flow wp-block-column-is-layout-flow\" style=\"flex-basis:20%\">\n<figure class=\"wp-block-image size-large\"><img loading=\"lazy\" decoding=\"async\" width=\"256\" height=\"328\" src=\"https:\/\/colefcafecv.com\/wp-content\/uploads\/2021\/01\/JLH-602x1024-1-e1611261127377.jpg\" alt=\"\" class=\"wp-image-3449\"\/><\/figure>\n\n\n\n<p class=\"has-white-color has-medium-primary-background-color has-text-color has-background\" style=\"font-size:12px\"><strong>Jose Luis Herreros Saiz<\/strong><br\/>President del COLEF CV<br\/>Col\u00b7legiat n\u00ba 9.201<\/p>\n<\/div>\n\n\n\n<div class=\"wp-block-column is-layout-flow wp-block-column-is-layout-flow\" style=\"flex-basis:100%\">\n<p class=\"text-justify\">Estimats companys\/as:<\/p>\n\n\n\n<p class=\"text-justify\">La nostra corporaci\u00f3 evoluciona amb els temps. I volem que en aqueixa evoluci\u00f3, avan\u00e7os amb nosaltres.<\/p>\n\n\n\n<p class=\"text-justify\">Des de la creaci\u00f3 del nostre col\u00b7legi professional, molt ha sigut el cam\u00ed recorregut i el treball realitzat per totes les anteriors Juntes de Govern. Xicotets assoliments que a base de treball ardu i poc reconegut moltes vegades, han realitzat de manera altruista no sols ells, sin\u00f3 molts col\u00b7legiats que de formes puntuals tamb\u00e9 col\u00b7laboren amb la corporaci\u00f3.<\/p>\n\n\n\n<p class=\"text-justify\">Des de la creaci\u00f3 del nostre col\u00b7legi professional, molt ha sigut el cam\u00ed recorregut i el treball realitzat per totes les anteriors Juntes de Govern. Xicotets assoliments que a base de treball ardu i poc reconegut moltes vegades, han realitzat de manera altruista no sols ells, sin\u00f3 molts col\u00b7legiats que de formes puntuals tamb\u00e9 col\u00b7laboren amb la corporaci\u00f3.<\/p>\n\n\n\n<p class=\"text-justify\">Hem volgut configurar nous equips de treball que posen en valor el treball col\u00b7legial des dels seus inicis, i doten al COLEFCV <strong>de presencialitat en tots els punts del territori auton\u00f2mic i en totes les \u00e0rees de treball<\/strong> que el nostre col\u00b7lectiu ve desenvolupant des de fa d\u00e8cades (doc\u00e8ncia, gesti\u00f3, entrenament, universitats, \u00e0mbit sanitari, sector privat, etc.)<\/p>\n\n\n\n<p class=\"text-justify\">Treballarem per a seguir <strong>millorant l&#8217;atenci\u00f3 al col\u00b7legiat<\/strong>, en totes aquelles parcel\u00b7les en les quals el col\u00b7legi pot ajudar-los o assessorar-los: des de borsa de treball, fins a la tinen\u00e7a d&#8217;una asseguran\u00e7a de RC (obligat per llei), orientar-li sobre formacions recomanades que poden interessar-li, normativa aplicable al seu exercici professional, etc.<br\/>A m\u00e9s, tenim la figura del \u201cprecol\u00b7legiat\u201d, amb quota gratu\u00efta, per a tots els estudiants que vulguen acostar-se al col\u00b7legi, i comprovar de primera m\u00e0 tot el treball que fem per ells i per la professi\u00f3.<br\/><br\/>D&#8217;altra banda, continuarem treballant per la defensa de la professi\u00f3 en l&#8217;\u00e0mbit p\u00fablic. Continuant la l\u00ednia que la nostra corporaci\u00f3 porta des de fa m\u00e9s de 15 anys, havent lluitat contra l&#8217;intrusisme professional i havent guanyat m\u00e9s de <strong>23 sent\u00e8ncies judicials a ajuntaments que no compleixen la Llei de l&#8217;Esport<\/strong>. En aqueix sentit, l&#8217;esperit del COLEF-CV, sempre ser\u00e0 constructiu i facilitant l&#8217;assessorament a quantes administracions i agents del sector esportiu ens el sol\u00b7liciten, complint aix\u00ed tamb\u00e9 amb la nostra parcel\u00b7la de servei a la societat.<\/p>\n\n\n\n<p class=\"text-justify\">Pero el salto digital, tambi\u00e9n lo orientaremos hacia la mejora de la <strong>asignatura de Educaci\u00f3n F\u00edsica<\/strong> (en 2\u00ba de Bachillerato) y el aumento de horas de la asignatura. No en vano, hemos de trabajar para ayudar a revertir la p\u00e9sima situaci\u00f3n en nuestra comunidad con el sobrepeso y\/o obesidad infantil (un 26,4% de ni\u00f1os\/as seg\u00fan el IV Plan de Salud de la GV). Para ello, entendemos que la figura del profesor de EF, debe ser dignificada, potenciada y puesta en valor, como uno de los principales agentes de salud del centro escolar (si no el m\u00e1s importante), promotor de la misma y detector de perfiles de riesgo.<\/p>\n\n\n\n<p class=\"text-justify\">A su vez, de conformidad con toda la legislaci\u00f3n deportiva actual y con la posibilidad que brinda la propia Ley de ordenaci\u00f3n de profesiones sanitarias, continuaremos trabajando por las sinergias efectivas entre los profesionales del sector deportivo y los profesionales sanitarios. Impulsaremos para ello la formaci\u00f3n compartida, la creaci\u00f3n de equipos multidisciplinares, especialmente en el \u00e1mbito sanitario, que de forma coordinada puedan proponer a las administraciones competentes, modelos de implantaci\u00f3n de una verdadera <strong>\u201creceta deportiva\u201d <\/strong>entre la poblaci\u00f3n, promoviendo la efectividad real del cumplimiento del art.43 y 43.3 de la Constituci\u00f3n Espa\u00f1ola.<\/p>\n\n\n\n<p class=\"text-justify\">Tamb\u00e9, impulsarem la formaci\u00f3 cont\u00ednua dels nostres col\u00b7legiats i estudiants del grau en Ci\u00e8ncies de l&#8217;Esport, com un altre dels grans reptes pendents. Establirem convenis de formaci\u00f3 perqu\u00e8 de manera directa o convinguda, els nostres col\u00b7legiats tinguen acc\u00e9s al major nombre de formacions de qualitat que complementen i\/o reciclen el seu bagatge curricular.<\/p>\n\n\n\n<p class=\"text-justify\">Finalmente, y como objetivo transversal que cree un marco jur\u00eddico de actuaci\u00f3n coordinado con todos los agentes del sector deportivo, seguiremos impulsando y <strong>promoviendo la regulaci\u00f3n profesional del sector deportivo<\/strong>, con el m\u00e1ximo objetivo de consenso social y como elemento clave para proteger la salud de las personas y la prestaci\u00f3n de servicios deportivos de calidad.<\/p>\n\n\n\n<p class=\"text-justify\">En nom de tota la nova Junta de Govern, nom\u00e9s em queda agrair-vos a tots\/as la confian\u00e7a que *continuais donant-nos durant aquesta legislatura. Continuarem treballant sobre la base del rigor cientificot\u00e8cnic en els nostres posicionaments, i a valors tan necessaris hui dia com s\u00f3n l&#8217;esfor\u00e7, la transpar\u00e8ncia, la superaci\u00f3, el treball en equip, la const\u00e0ncia, la proactivitat en el sector esportiu\u2026S\u00f3n els valors que desitgem transmetre des del *COLEFCV als nostres fins i actuacions\u2026i per descomptat, per a aix\u00f2, ning\u00fa sobra.<\/p>\n\n\n\n<p class=\"text-justify\">El teu tamb\u00e9 pots aportar.<\/p>\n<\/div>\n<\/div>\n\n<figure class=\"wp-block-pullquote is-style-solid-color\"><blockquote class=\"has-text-color has-dark-primary-color\"><p>El COLEFCV som tots<\/p><cite>Jose Luis Herreros Saiz, President del COLEFCV. N\u00ba Col\u00b7legiat 9.201<\/cite><\/blockquote><\/figure>\n\n<div class=\"wp-block-cover alignfull has-medium-secondary-background-color has-background-dim bloque-titulo\" style=\"min-height:250px;aspect-ratio:unset;\"><div class=\"wp-block-cover__inner-container is-layout-flow wp-block-cover-is-layout-flow\">\n<div style=\"height:40px\" aria-hidden=\"true\" class=\"wp-block-spacer\"><\/div>\n\n\n\n<h1 class=\"wp-block-heading\"><strong>LA PROFESSI\u00d3<\/strong><\/h1>\n\n\n\n<h4 class=\"wp-block-heading\">Forma part d&#8217;un gran col\u00b7lectiu<\/h4>\n\n\n\n<div class=\"wp-block-uagb-buttons uagb-buttons__outer-wrap uagb-block-94eb824c\"><div class=\"uagb-buttons__wrap uagb-buttons-layout-wrap\">\n<div class=\"wp-block-uagb-buttons-child uagb-buttons__outer-wrap uagb-block-881a880f\"><div class=\"uagb-button__wrapper\"><a class=\"uagb-buttons-repeater\" href=\"https:\/\/colefcafecv.com\/ca\/colefcv\/professio\/\" rel=\"noopener noreferrer\" target=\"_self\"><div class=\"uagb-button__link\">VEURE M\u00c9S<\/div><\/a><\/div><\/div>\n<\/div><\/div>\n\n\n\n<div style=\"height:40px\" aria-hidden=\"true\" class=\"wp-block-spacer\"><\/div>\n<\/div><\/div>\n","protected":false},"excerpt":{"rendered":"<p>Qu\u00e8 \u00e9s? El *COLEF CV \u00e9s una Corporaci\u00f3 de dret p\u00fablic, constitu\u00efda mitjan\u00e7ant el DECRET 190\/1990 de la Generalitat Valenciana, de 26 de novembre. Est\u00e0 integrat en el Consell *COLEF d&#8217;Espanya. Figura inscrit en el Registre de Col\u00b7legis Professionals i Consells Valencians de Col\u00b7legis Professionals de la Generalitat Valenciana amb el n\u00fam. 72 de la &#8230; <a title=\"El colegi\" class=\"read-more\" href=\"https:\/\/colefcafecv.com\/ca\/colefcv\/el-colegi\/\" aria-label=\"Read more about El colegi\">Read more<\/a><\/p>\n","protected":false},"author":1,"featured_media":5928,"parent":3769,"menu_order":0,"comment_status":"closed","ping_status":"closed","template":"","meta":{"_uag_custom_page_level_css":"","_jet_sm_ready_style":"","_jet_sm_style":"","_jet_sm_controls_values":"","_jet_sm_fonts_collection":"","_jet_sm_fonts_links":"","footnotes":""},"class_list":["post-3770","page","type-page","status-publish","has-post-thumbnail"],"yoast_head":"<!-- This site is optimized with the Yoast SEO plugin v27.4 - https:\/\/yoast.com\/product\/yoast-seo-wordpress\/ -->\n<title>El colegi - COLEF CV<\/title>\n<meta name=\"robots\" content=\"index, follow, max-snippet:-1, max-image-preview:large, max-video-preview:-1\" \/>\n<link rel=\"canonical\" href=\"https:\/\/colefcafecv.com\/ca\/colefcv\/el-colegi\/\" \/>\n<meta property=\"og:locale\" content=\"en_US\" \/>\n<meta property=\"og:type\" content=\"article\" \/>\n<meta property=\"og:title\" content=\"El colegi - COLEF CV\" \/>\n<meta property=\"og:description\" content=\"Qu\u00e8 \u00e9s? El *COLEF CV \u00e9s una Corporaci\u00f3 de dret p\u00fablic, constitu\u00efda mitjan\u00e7ant el DECRET 190\/1990 de la Generalitat Valenciana, de 26 de novembre. Est\u00e0 integrat en el Consell *COLEF d&#8217;Espanya. Figura inscrit en el Registre de Col\u00b7legis Professionals i Consells Valencians de Col\u00b7legis Professionals de la Generalitat Valenciana amb el n\u00fam. 72 de la ... Read more\" \/>\n<meta property=\"og:url\" content=\"https:\/\/colefcafecv.com\/ca\/colefcv\/el-colegi\/\" \/>\n<meta property=\"og:site_name\" content=\"COLEF CV\" \/>\n<meta property=\"article:publisher\" content=\"https:\/\/www.facebook.com\/colefcv\" \/>\n<meta property=\"article:modified_time\" content=\"2021-12-14T22:44:59+00:00\" \/>\n<meta property=\"og:image\" content=\"https:\/\/colefcafecv.com\/wp-content\/uploads\/2021\/01\/JLH-602x1024-1-e1611261127377.jpg\" \/>\n<meta name=\"twitter:card\" content=\"summary_large_image\" \/>\n<meta name=\"twitter:label1\" content=\"Est. reading time\" \/>\n\t<meta name=\"twitter:data1\" content=\"5 minutes\" \/>\n<script type=\"application\/ld+json\" class=\"yoast-schema-graph\">{\"@context\":\"https:\\\/\\\/schema.org\",\"@graph\":[{\"@type\":\"WebPage\",\"@id\":\"https:\\\/\\\/colefcafecv.com\\\/ca\\\/colefcv\\\/el-colegi\\\/\",\"url\":\"https:\\\/\\\/colefcafecv.com\\\/ca\\\/colefcv\\\/el-colegi\\\/\",\"name\":\"El colegi - COLEF CV\",\"isPartOf\":{\"@id\":\"https:\\\/\\\/colefcafecv.com\\\/ca\\\/#website\"},\"primaryImageOfPage\":{\"@id\":\"https:\\\/\\\/colefcafecv.com\\\/ca\\\/colefcv\\\/el-colegi\\\/#primaryimage\"},\"image\":{\"@id\":\"https:\\\/\\\/colefcafecv.com\\\/ca\\\/colefcv\\\/el-colegi\\\/#primaryimage\"},\"thumbnailUrl\":\"https:\\\/\\\/colefcafecv.com\\\/wp-content\\\/uploads\\\/default_thumb.png\",\"datePublished\":\"2021-05-24T09:10:51+00:00\",\"dateModified\":\"2021-12-14T22:44:59+00:00\",\"breadcrumb\":{\"@id\":\"https:\\\/\\\/colefcafecv.com\\\/ca\\\/colefcv\\\/el-colegi\\\/#breadcrumb\"},\"inLanguage\":\"val\",\"potentialAction\":[{\"@type\":\"ReadAction\",\"target\":[\"https:\\\/\\\/colefcafecv.com\\\/ca\\\/colefcv\\\/el-colegi\\\/\"]}]},{\"@type\":\"ImageObject\",\"inLanguage\":\"val\",\"@id\":\"https:\\\/\\\/colefcafecv.com\\\/ca\\\/colefcv\\\/el-colegi\\\/#primaryimage\",\"url\":\"https:\\\/\\\/colefcafecv.com\\\/wp-content\\\/uploads\\\/default_thumb.png\",\"contentUrl\":\"https:\\\/\\\/colefcafecv.com\\\/wp-content\\\/uploads\\\/default_thumb.png\",\"width\":950,\"height\":650},{\"@type\":\"BreadcrumbList\",\"@id\":\"https:\\\/\\\/colefcafecv.com\\\/ca\\\/colefcv\\\/el-colegi\\\/#breadcrumb\",\"itemListElement\":[{\"@type\":\"ListItem\",\"position\":1,\"name\":\"Portada\",\"item\":\"https:\\\/\\\/colefcafecv.com\\\/ca\\\/\"},{\"@type\":\"ListItem\",\"position\":2,\"name\":\"Colefcv\",\"item\":\"https:\\\/\\\/colefcafecv.com\\\/ca\\\/colefcv\\\/\"},{\"@type\":\"ListItem\",\"position\":3,\"name\":\"El colegi\"}]},{\"@type\":\"WebSite\",\"@id\":\"https:\\\/\\\/colefcafecv.com\\\/ca\\\/#website\",\"url\":\"https:\\\/\\\/colefcafecv.com\\\/ca\\\/\",\"name\":\"Colegio de Licenciados en Educaci\u00f3n F\u00edsica de la Comunidad Valenciana\",\"description\":\"Il lustre Col legi oficial de Llicenciats en Educaci\u00f3 F\u00edsica i en Ci\u00e8ncies de l\u00b4Activitat F\u00edsica i de l\u00b4Esport de la Comunitat Valenciana\",\"publisher\":{\"@id\":\"https:\\\/\\\/colefcafecv.com\\\/ca\\\/#organization\"},\"potentialAction\":[{\"@type\":\"SearchAction\",\"target\":{\"@type\":\"EntryPoint\",\"urlTemplate\":\"https:\\\/\\\/colefcafecv.com\\\/ca\\\/?s={search_term_string}\"},\"query-input\":{\"@type\":\"PropertyValueSpecification\",\"valueRequired\":true,\"valueName\":\"search_term_string\"}}],\"inLanguage\":\"val\"},{\"@type\":\"Organization\",\"@id\":\"https:\\\/\\\/colefcafecv.com\\\/ca\\\/#organization\",\"name\":\"Colegio de Licenciados en Educaci\u00f3n F\u00edsica de la Comunidad Valenciana\",\"url\":\"https:\\\/\\\/colefcafecv.com\\\/ca\\\/\",\"logo\":{\"@type\":\"ImageObject\",\"inLanguage\":\"val\",\"@id\":\"https:\\\/\\\/colefcafecv.com\\\/ca\\\/#\\\/schema\\\/logo\\\/image\\\/\",\"url\":\"https:\\\/\\\/colefcafecv.com\\\/wp-content\\\/uploads\\\/2021\\\/01\\\/simbolo-logotipo-colef.png\",\"contentUrl\":\"https:\\\/\\\/colefcafecv.com\\\/wp-content\\\/uploads\\\/2021\\\/01\\\/simbolo-logotipo-colef.png\",\"width\":213,\"height\":271,\"caption\":\"Colegio de Licenciados en Educaci\u00f3n F\u00edsica de la Comunidad Valenciana\"},\"image\":{\"@id\":\"https:\\\/\\\/colefcafecv.com\\\/ca\\\/#\\\/schema\\\/logo\\\/image\\\/\"},\"sameAs\":[\"https:\\\/\\\/www.facebook.com\\\/colefcv\"]}]}<\/script>\n<!-- \/ Yoast SEO plugin. -->","yoast_head_json":{"title":"El colegi - COLEF CV","robots":{"index":"index","follow":"follow","max-snippet":"max-snippet:-1","max-image-preview":"max-image-preview:large","max-video-preview":"max-video-preview:-1"},"canonical":"https:\/\/colefcafecv.com\/ca\/colefcv\/el-colegi\/","og_locale":"en_US","og_type":"article","og_title":"El colegi - COLEF CV","og_description":"Qu\u00e8 \u00e9s? El *COLEF CV \u00e9s una Corporaci\u00f3 de dret p\u00fablic, constitu\u00efda mitjan\u00e7ant el DECRET 190\/1990 de la Generalitat Valenciana, de 26 de novembre. Est\u00e0 integrat en el Consell *COLEF d&#8217;Espanya. Figura inscrit en el Registre de Col\u00b7legis Professionals i Consells Valencians de Col\u00b7legis Professionals de la Generalitat Valenciana amb el n\u00fam. 72 de la ... Read more","og_url":"https:\/\/colefcafecv.com\/ca\/colefcv\/el-colegi\/","og_site_name":"COLEF CV","article_publisher":"https:\/\/www.facebook.com\/colefcv","article_modified_time":"2021-12-14T22:44:59+00:00","og_image":[{"url":"https:\/\/colefcafecv.com\/wp-content\/uploads\/2021\/01\/JLH-602x1024-1-e1611261127377.jpg","type":"","width":"","height":""}],"twitter_card":"summary_large_image","twitter_misc":{"Est. reading time":"5 minutes"},"schema":{"@context":"https:\/\/schema.org","@graph":[{"@type":"WebPage","@id":"https:\/\/colefcafecv.com\/ca\/colefcv\/el-colegi\/","url":"https:\/\/colefcafecv.com\/ca\/colefcv\/el-colegi\/","name":"El colegi - COLEF CV","isPartOf":{"@id":"https:\/\/colefcafecv.com\/ca\/#website"},"primaryImageOfPage":{"@id":"https:\/\/colefcafecv.com\/ca\/colefcv\/el-colegi\/#primaryimage"},"image":{"@id":"https:\/\/colefcafecv.com\/ca\/colefcv\/el-colegi\/#primaryimage"},"thumbnailUrl":"https:\/\/colefcafecv.com\/wp-content\/uploads\/default_thumb.png","datePublished":"2021-05-24T09:10:51+00:00","dateModified":"2021-12-14T22:44:59+00:00","breadcrumb":{"@id":"https:\/\/colefcafecv.com\/ca\/colefcv\/el-colegi\/#breadcrumb"},"inLanguage":"val","potentialAction":[{"@type":"ReadAction","target":["https:\/\/colefcafecv.com\/ca\/colefcv\/el-colegi\/"]}]},{"@type":"ImageObject","inLanguage":"val","@id":"https:\/\/colefcafecv.com\/ca\/colefcv\/el-colegi\/#primaryimage","url":"https:\/\/colefcafecv.com\/wp-content\/uploads\/default_thumb.png","contentUrl":"https:\/\/colefcafecv.com\/wp-content\/uploads\/default_thumb.png","width":950,"height":650},{"@type":"BreadcrumbList","@id":"https:\/\/colefcafecv.com\/ca\/colefcv\/el-colegi\/#breadcrumb","itemListElement":[{"@type":"ListItem","position":1,"name":"Portada","item":"https:\/\/colefcafecv.com\/ca\/"},{"@type":"ListItem","position":2,"name":"Colefcv","item":"https:\/\/colefcafecv.com\/ca\/colefcv\/"},{"@type":"ListItem","position":3,"name":"El colegi"}]},{"@type":"WebSite","@id":"https:\/\/colefcafecv.com\/ca\/#website","url":"https:\/\/colefcafecv.com\/ca\/","name":"Colegio de Licenciados en Educaci\u00f3n F\u00edsica de la Comunidad Valenciana","description":"Il lustre Col legi oficial de Llicenciats en Educaci\u00f3 F\u00edsica i en Ci\u00e8ncies de l\u00b4Activitat F\u00edsica i de l\u00b4Esport de la Comunitat Valenciana","publisher":{"@id":"https:\/\/colefcafecv.com\/ca\/#organization"},"potentialAction":[{"@type":"SearchAction","target":{"@type":"EntryPoint","urlTemplate":"https:\/\/colefcafecv.com\/ca\/?s={search_term_string}"},"query-input":{"@type":"PropertyValueSpecification","valueRequired":true,"valueName":"search_term_string"}}],"inLanguage":"val"},{"@type":"Organization","@id":"https:\/\/colefcafecv.com\/ca\/#organization","name":"Colegio de Licenciados en Educaci\u00f3n F\u00edsica de la Comunidad Valenciana","url":"https:\/\/colefcafecv.com\/ca\/","logo":{"@type":"ImageObject","inLanguage":"val","@id":"https:\/\/colefcafecv.com\/ca\/#\/schema\/logo\/image\/","url":"https:\/\/colefcafecv.com\/wp-content\/uploads\/2021\/01\/simbolo-logotipo-colef.png","contentUrl":"https:\/\/colefcafecv.com\/wp-content\/uploads\/2021\/01\/simbolo-logotipo-colef.png","width":213,"height":271,"caption":"Colegio de Licenciados en Educaci\u00f3n F\u00edsica de la Comunidad Valenciana"},"image":{"@id":"https:\/\/colefcafecv.com\/ca\/#\/schema\/logo\/image\/"},"sameAs":["https:\/\/www.facebook.com\/colefcv"]}]}},"uagb_featured_image_src":{"full":["https:\/\/colefcafecv.com\/wp-content\/uploads\/default_thumb.png",950,650,false],"thumbnail":["https:\/\/colefcafecv.com\/wp-content\/uploads\/default_thumb-150x103.png",150,103,true],"medium":["https:\/\/colefcafecv.com\/wp-content\/uploads\/default_thumb-300x205.png",300,205,true],"medium_large":["https:\/\/colefcafecv.com\/wp-content\/uploads\/default_thumb-768x525.png",768,525,true],"large":["https:\/\/colefcafecv.com\/wp-content\/uploads\/default_thumb.png",950,650,false],"thumblist":["https:\/\/colefcafecv.com\/wp-content\/uploads\/default_thumb-300x300.png",300,300,true],"meccarouselthumb":["https:\/\/colefcafecv.com\/wp-content\/uploads\/default_thumb-474x324.png",474,324,true],"gridsquare":["https:\/\/colefcafecv.com\/wp-content\/uploads\/default_thumb-391x260.png",391,260,true],"tileview":["https:\/\/colefcafecv.com\/wp-content\/uploads\/default_thumb-300x400.png",300,400,true],"1536x1536":["https:\/\/colefcafecv.com\/wp-content\/uploads\/default_thumb.png",950,650,false],"2048x2048":["https:\/\/colefcafecv.com\/wp-content\/uploads\/default_thumb.png",950,650,false],"ultp_layout_landscape_large":["https:\/\/colefcafecv.com\/wp-content\/uploads\/default_thumb.png",950,650,false],"ultp_layout_landscape":["https:\/\/colefcafecv.com\/wp-content\/uploads\/default_thumb-870x570.png",870,570,true],"ultp_layout_portrait":["https:\/\/colefcafecv.com\/wp-content\/uploads\/default_thumb-600x650.png",600,650,true],"ultp_layout_square":["https:\/\/colefcafecv.com\/wp-content\/uploads\/default_thumb-600x600.png",600,600,true]},"uagb_author_info":{"display_name":"Roberto","author_link":"https:\/\/colefcafecv.com\/ca\/author\/administrador\/"},"uagb_comment_info":0,"uagb_excerpt":"Qu\u00e8 \u00e9s? El *COLEF CV \u00e9s una Corporaci\u00f3 de dret p\u00fablic, constitu\u00efda mitjan\u00e7ant el DECRET 190\/1990 de la Generalitat Valenciana, de 26 de novembre. Est\u00e0 integrat en el Consell *COLEF d&#8217;Espanya. Figura inscrit en el Registre de Col\u00b7legis Professionals i Consells Valencians de Col\u00b7legis Professionals de la Generalitat Valenciana amb el n\u00fam. 72 de la&hellip;","_links":{"self":[{"href":"https:\/\/colefcafecv.com\/ca\/wp-json\/wp\/v2\/pages\/3770","targetHints":{"allow":["GET"]}}],"collection":[{"href":"https:\/\/colefcafecv.com\/ca\/wp-json\/wp\/v2\/pages"}],"about":[{"href":"https:\/\/colefcafecv.com\/ca\/wp-json\/wp\/v2\/types\/page"}],"author":[{"embeddable":true,"href":"https:\/\/colefcafecv.com\/ca\/wp-json\/wp\/v2\/users\/1"}],"replies":[{"embeddable":true,"href":"https:\/\/colefcafecv.com\/ca\/wp-json\/wp\/v2\/comments?post=3770"}],"version-history":[{"count":9,"href":"https:\/\/colefcafecv.com\/ca\/wp-json\/wp\/v2\/pages\/3770\/revisions"}],"predecessor-version":[{"id":7178,"href":"https:\/\/colefcafecv.com\/ca\/wp-json\/wp\/v2\/pages\/3770\/revisions\/7178"}],"up":[{"embeddable":true,"href":"https:\/\/colefcafecv.com\/ca\/wp-json\/wp\/v2\/pages\/3769"}],"wp:featuredmedia":[{"embeddable":true,"href":"https:\/\/colefcafecv.com\/ca\/wp-json\/wp\/v2\/media\/5928"}],"wp:attachment":[{"href":"https:\/\/colefcafecv.com\/ca\/wp-json\/wp\/v2\/media?parent=3770"}],"curies":[{"name":"wp","href":"https:\/\/api.w.org\/{rel}","templated":true}]}}