{"id":3763,"date":"2021-05-24T11:00:58","date_gmt":"2021-05-24T09:00:58","guid":{"rendered":"https:\/\/colefcafecv.com\/avis-legal\/"},"modified":"2021-12-14T15:36:57","modified_gmt":"2021-12-14T14:36:57","slug":"avis-legal","status":"publish","type":"page","link":"https:\/\/colefcafecv.com\/ca\/avis-legal\/","title":{"rendered":"Av\u00eds legal"},"content":{"rendered":"\n<div class=\"wp-block-cover alignfull has-medium-primary-background-color has-background-dim bloque-titulo\" style=\"min-height:200px;aspect-ratio:unset;\"><div class=\"wp-block-cover__inner-container is-layout-flow wp-block-cover-is-layout-flow\">\n<div class=\"wp-block-columns is-layout-flex wp-container-core-columns-is-layout-9d6595d7 wp-block-columns-is-layout-flex\">\n<div class=\"wp-block-column is-layout-flow wp-block-column-is-layout-flow\" style=\"flex-basis:66.66%\">\n<h1 class=\"wp-block-heading\"><strong>Av\u00eds legal<\/strong><\/h1>\n\n\n\n<p><\/p>\n<\/div>\n\n\n\n<div class=\"wp-block-column is-layout-flow wp-block-column-is-layout-flow\" style=\"flex-basis:33.33%\"><style>.kt-svg-icons_2a71d2-97 .kt-svg-item-0 .kb-svg-icon-wrap{color:#ffffff;font-size:32px;}.kt-svg-icons_2a71d2-97 .kt-svg-item-1 .kb-svg-icon-wrap{color:#ffffff;font-size:32px;}.wp-block-kadence-icon.kt-svg-icons_2a71d2-97{justify-content:flex-end;}<\/style>\n<div class=\"wp-block-kadence-icon kt-svg-icons kt-svg-icons_2a71d2-97 alignright\" style=\"text-align:right\"><div class=\"kt-svg-style-default kt-svg-icon-wrap kt-svg-item-0\"><div style=\"display:inline-flex;justify-content:center;align-items:center;color:#ffffff;margin-top:8px;margin-right:8px;margin-bottom:8px;margin-left:8px\" class=\"kt-svg-icon kt-svg-icon-fas_share-alt\"><svg style=\"display:inline-block;vertical-align:middle\" viewbox=\"0 0 448 512\" height=\"32\" width=\"32\" fill=\"currentColor\" xmlns=\"http:\/\/www.w3.org\/2000\/svg\" aria-hidden=\"true\"><path d=\"M352 320c-22.608 0-43.387 7.819-59.79 20.895l-102.486-64.054a96.551 96.551 0 0 0 0-41.683l102.486-64.054C308.613 184.181 329.392 192 352 192c53.019 0 96-42.981 96-96S405.019 0 352 0s-96 42.981-96 96c0 7.158.79 14.13 2.276 20.841L155.79 180.895C139.387 167.819 118.608 160 96 160c-53.019 0-96 42.981-96 96s42.981 96 96 96c22.608 0 43.387-7.819 59.79-20.895l102.486 64.054A96.301 96.301 0 0 0 256 416c0 53.019 42.981 96 96 96s96-42.981 96-96-42.981-96-96-96z\"><\/path><\/svg><\/div><\/div><div class=\"kt-svg-style-default kt-svg-icon-wrap kt-svg-item-1\"><div style=\"display:inline-flex;justify-content:center;align-items:center;color:#ffffff;margin-top:8px;margin-right:8px;margin-bottom:8px;margin-left:8px\" class=\"kt-svg-icon kt-svg-icon-fe_printer\"><svg style=\"display:inline-block;vertical-align:middle\" viewbox=\"0 0 24 24\" height=\"32\" width=\"32\" fill=\"none\" stroke=\"currentColor\" xmlns=\"http:\/\/www.w3.org\/2000\/svg\" stroke-width=\"2\" stroke-linecap=\"round\" stroke-linejoin=\"round\" aria-hidden=\"true\"><polyline points=\"6 9 6 2 18 2 18 9\"><\/polyline><path d=\"M6 18H4a2 2 0 0 1-2-2v-5a2 2 0 0 1 2-2h16a2 2 0 0 1 2 2v5a2 2 0 0 1-2 2h-2\"><\/path><rect x=\"6\" y=\"14\" width=\"12\" height=\"8\"><\/rect><\/svg><\/div><\/div><\/div>\n<\/div>\n<\/div>\n<\/div><\/div>\n\n\n\n<p><em><span class=\"has-inline-color has-medium-gray-color\">Publicat: 01\/12\/2018 | Versi\u00f3 2.0 &nbsp;12\/02\/2020 | Versi\u00f3 actual 01\/02\/2021<\/span><\/em><\/p>\n\n\n\n<h3 class=\"wp-block-heading\"><strong><span class=\"has-inline-color has-medium-primary-color\">AV\u00cdS LEGAL I CONDICIONS D&#8217;\u00daS<\/span><\/strong><\/h3>\n\n\n\n<p><strong>1. AV\u00cdS LEGAL<\/strong><\/p>\n\n\n\n<p><strong>2. ACCEPTACI\u00d3 DE LES CONDICIONS D&#8217;\u00daS<\/strong><\/p>\n\n\n\n<p><strong>3. CONTINGUT DE LA WEB<\/strong><\/p>\n\n\n\n<p><strong>4. \u00daS DE LA WEB<\/strong><\/p>\n\n\n\n<p><strong>5. CONTINGUTS I SERVEIS ENLLA\u00c7ATS A trav\u00e9s DE LA WEB<\/strong><\/p>\n\n\n\n<p><strong>6. DRETS DE PROPIETAT INTEL\u00b7LECTUAL I INDUSTRIAL<\/strong><\/p>\n\n\n\n<p><strong>7. EXONERACI\u00d3 DE RESPONSABILITAT<\/strong><\/p>\n\n\n\n<p><strong>8. ACTUALITZACI\u00d3 D&#8217;AQUESTES CONDICIONES9. *LEGISLACION I *JURISDICCION APLICABLE<\/strong><\/p>\n\n\n\n<p><strong>1. AV\u00cdS LEGAL<\/strong><\/p>\n\n\n\n<p>En compliment de l&#8217;article 10 de la Llei 34\/2002, d&#8217;11 de juliol, de Serveis de la Societat de la Informaci\u00f3 i Comer\u00e7 Electr\u00f2nic (*LSSICE), t&#8217;informem de les dades que identifiquen a l&#8217;entitat titular de la web<\/p>\n\n\n\n<figure class=\"wp-block-table\"><table><tbody><tr><td>Nom<\/td><td><strong>COL\u00b7LEGI OFICIAL DE LLICENCIATS EN EDUCACI\u00d3 F\u00cdSICA I EN CI\u00c8NCIES DE L&#8217;ACTIVITAT F\u00cdSICA I L&#8217;ESPORT DE LA COMUNITAT VALENCIANA<\/strong><\/td><\/tr><tr><td>CIF<\/td><td>Q-9650032-G<\/td><\/tr><tr><td>Direcci\u00f3<\/td><td>PASEO RAJOLAR 5 ACC (46100) BURJASSOT-VALENCIA<\/td><\/tr><tr><td>Tel\u00e8fon Fax<\/td><td>963636219 963643270<\/td><\/tr><tr><td>Email<\/td><td><a href=\"mailto:Info@colefcafecv.com\">Info@colefcafecv.com<\/a><\/td><\/tr><tr><td>Xarxes<\/td><td>Facebook: <a href=\"https:\/\/www.facebook.com\/colefcv\">https:\/\/www.facebook.com\/colefcv<\/a> Twitter: <a href=\"https:\/\/twitter.com\/ICOLEFCAFECV\">https:\/\/twitter.com\/ICOLEFCAFECV<\/a> &nbsp;<\/td><\/tr><\/tbody><\/table><\/figure>\n\n\n\n<p><strong>2. ACCEPTACI\u00d3 DE LES CONDICIONS D&#8217;\u00daS<\/strong><\/p>\n\n\n\n<p>Les presents condicions, Av\u00eds legal, aix\u00ed com la Pol\u00edtica de privacitat i la de cookies, regeixen l&#8217;acc\u00e9s i \u00fas de la web per part teua, com a usuari d&#8217;aquesta.<\/p>\n\n\n\n<p>El fet d&#8217;usar la web suposa que has llegit i acceptes aquesta informaci\u00f3 legal.<\/p>\n\n\n\n<p><strong>3. CONTINGUT DE LA WEB<\/strong><\/p>\n\n\n\n<p>El lloc web allotjat sota el nom de domini <a href=\"https:\/\/colefcafecv.com\/ca\/\">www.colefcafecv.com<\/a> constitueix una web corporativa que ofereix informaci\u00f3 sobre els serveis que ofereix el<strong> COL\u00b7LEGI OFICIAL DE LLICENCIATS EN EDUCACI\u00d3 F\u00cdSICA I EN CI\u00c8NCIES DE L&#8217;ACTIVITAT F\u00cdSICA I L&#8217;ESPORT DE LA COMUNITAT VALENCIANA<\/strong>, d&#8217;ara en avant, <strong>COLEF CV <\/strong>que consisteixen a facilitar la col\u00b7legiaci\u00f3 dels llicenciats en educaci\u00f3 f\u00edsica, aix\u00ed com oferir-los formaci\u00f3, informaci\u00f3 i consells en la mat\u00e8ria. Tamb\u00e9 podrem facilitar-vos formaci\u00f3 de manera directa.<\/p>\n\n\n\n<p><strong>4. \u00daS DE LA WEB<\/strong><\/p>\n\n\n\n<p>Com a usuari et compromets a fer un \u00fas correcte i legal del contingut i dels recursos accessibles des d&#8217;aquesta web, respectant sempre als altres usuaris.<\/p>\n\n\n\n<p>Com a usuari ren\u00fancies a utilitzar qualsevol recurs o informaci\u00f3 continguda en aquest web amb finalitats il\u00b7l\u00edcits, il\u00b7legals o contraris a la bona fe i a l&#8217;ordre p\u00fablic, aix\u00ed com qualsevol mitj\u00e0 que puga danyar, inutilitzar o impedir l&#8217;\u00fas normal dels recursos i informacions continguts en la web, o els sistemes d&#8217;informaci\u00f3, documents, arxius i tota classe de continguts emmagatzemats en qualsevol equip inform\u00e0tic de <strong>COLEF CV<\/strong>, dels seus membres o de qualsevol altre usuari de la web.<\/p>\n\n\n\n<p>Com a usuari ren\u00fancies a utilitzar qualsevol recurs o informaci\u00f3 continguda en aquest web amb finalitats il\u00b7l\u00edcits, il\u00b7legals o contraris a la bona fe i a l&#8217;ordre p\u00fablic, aix\u00ed com qualsevol mitj\u00e0 que puga danyar, inutilitzar o impedir l&#8217;\u00fas normal dels recursos i informacions continguts en la web, o els sistemes d&#8217;informaci\u00f3, documents, arxius i tota classe de continguts emmagatzemats en qualsevol equip inform\u00e0tic de *COLEF CV*strong&gt;, dels seus membres o de qualsevol altre usuari de la web.<\/p>\n\n\n\n<p><strong>COLEF CV*strong&gt;es reserva el dret de deixar de prestar el servei per a retirar els continguts il\u00b7legals, sense perjudici de la responsabilitat per danys i perjudicis que poguera derivar-se. Aquesta suspensi\u00f3 o retirada no donar\u00e0 dret a indemnitzaci\u00f3 cap.<\/strong><\/p>\n\n\n\n<p><strong>5. CONTINGUTS I SERVEIS ENLLA\u00c7ATS A trav\u00e9s DE LA WEB<\/strong><\/p>\n\n\n\n<p>Els enlla\u00e7os o links que cont\u00e9 aquesta web poden conduir-te a altres webs gestionades per tercers, sobre les quals no tenim cap responsabilitat, per aix\u00f2,<strong>COLEF CV <\/strong>no respon ni de l&#8217;estat ni dels continguts d&#8217;aquestes web ni tampoc implica que els recomane o que aprove els seus continguts.<\/p>\n\n\n\n<p>En tot cas, l&#8217;acc\u00e9s a aquestes webs suposa que has de sotmetre&#8217;t a les seues pr\u00f2pies pol\u00edtiques legals, sense que existisca responsabilitat per part de <strong>COLEF CV<\/strong><\/p>\n\n\n\n<p><strong>6. DRETS DE PROPIETAT INTEL\u00b7LECTUAL I INDUSTRIAL<\/strong><\/p>\n\n\n\n<p>Tots els materials i informaci\u00f3 de la web de <strong>COLEF CV<\/strong>estan sotmesos a la normativa vigent sobre Propietat Intel\u00b7lectual i\/o Industrial.<\/p>\n\n\n\n<p><strong>COLEF CV<\/strong>\u00e9s titular dels drets de propietat industrial i intel\u00b7lectual de la web, aix\u00ed com dels continguts que alberga.<\/p>\n\n\n\n<p>Per tant, no es permet l&#8217;\u00fas dels continguts de la web sense l&#8217;autoritzaci\u00f3 expressa i per escrit de l&#8217;entitat. Qualsevol \u00fas de la web o dels seus continguts haur\u00e0 de tindre una finalitat particular.<\/p>\n\n\n\n<p>Els elements com a logotips o imatges que apareguen en la web aliens a <strong>COLEF CV<\/strong>, pertanyen als seus respectius propietaris pel que seran aquests els responsables de qualsevol possible disputa que poguera sorgir respecte a ells.<\/p>\n\n\n\n<p>Si tens algun dubte respecte a la propietat de qualsevol dels continguts o serveis que s&#8217;ofereixen a trav\u00e9s de la web, no dubtes a contactar amb nosaltres per a poder ajudar-te.<\/p>\n\n\n\n<p><strong>7. EXONERACI\u00d3 DE RESPONSABILITAT<\/strong><\/p>\n\n\n\n<p><strong>COLEF CV<\/strong>vetlar\u00e0, en la mesura dels seus propis recursos t\u00e8cnics i humans pel correcte funcionament de la web aix\u00ed com perqu\u00e8 el seu contingut siga correcte i vera\u00e7.<\/p>\n\n\n\n<p>No obstant aix\u00f2 <strong>COLEF CV<\/strong>no pot garantir l&#8217;abs\u00e8ncia de virus o altres elements lesius, introdu\u00efts per tercers, que pogueren causar danys o alteracions en el sistema inform\u00e0tic, en els documents electr\u00f2nics o en els teus fitxers quan visites la web com a usuari.<\/p>\n\n\n\n<p><strong>COLEF CV<\/strong>no es fa responsable de:<\/p>\n\n\n\n<p>1. Els danys derivats del mal \u00fas d&#8217;aquesta web o dels seus continguts pels usuaris, ni de qualsevol acci\u00f3 realitzada sobre la base de la informaci\u00f3 que apareix en la web.<\/p>\n\n\n\n<p>2. Els errors o omissions que pogueren apar\u00e9ixer en els continguts de la web.<\/p>\n\n\n\n<p>3. Les p\u00e8rdues o danys causats en el programari i equips inform\u00e0tics dels usuaris o de tercers per l&#8217;incompliment d&#8217;aquestes condicions d&#8217;\u00fas per part la teua part, com a usuari, o per fallades o desconnexions en les xarxes de telecomunicacions que produ\u00efsquen la suspensi\u00f3, cancel\u00b7laci\u00f3 o interrupci\u00f3 del servei de la web abans o durant la prestaci\u00f3 d&#8217;aquest.<\/p>\n\n\n\n<p>Et correspon, com a usuari, disposar de les eines adequades per a la detecci\u00f3 i desinfecci\u00f3 de programes inform\u00e0tics nocius.<\/p>\n\n\n\n<p><strong>8. ACTUALIZACI\u00d3N D&#8217;AQUESTES CONDICIONS<\/strong><\/p>\n\n\n\n<p><strong>COLEF CV<\/strong>t&#8217;informa que aquestes condicions d&#8217;\u00fas, la resta de textos legals i en general, qualsevol element que forma part del disseny i configuraci\u00f3 de la web, podr\u00e0 ser modificat canviant d&#8217;aquesta manera, la data d&#8217;actualitzaci\u00f3 que apareix en l&#8217;encap\u00e7alat de la informaci\u00f3 legal.<\/p>\n\n\n\n<p>Els nous efectes que produ\u00efsca la modificaci\u00f3 es posaran en marxa una vegada publicada en la web, per aix\u00f2 \u00e9s important que acceptes la vinculaci\u00f3 a les condicions aplicables a la web a cada moment.<\/p>\n\n\n\n<p><strong>9. LEGISLACION I JURISDICCION APLICABLE<\/strong><\/p>\n\n\n\n<p>Aquestes condicions d&#8217;\u00fas es regiran i interpretaran conforme a la legislaci\u00f3 espanyola i qualsevol disputa relacionada amb la web de <strong>COLEF CV<\/strong>es tramitar\u00e0 davant la jurisdicci\u00f3 espanyola.<\/p>\n","protected":false},"excerpt":{"rendered":"<p>Publicat: 01\/12\/2018 | Versi\u00f3 2.0 &nbsp;12\/02\/2020 | Versi\u00f3 actual 01\/02\/2021 AV\u00cdS LEGAL I CONDICIONS D&#8217;\u00daS 1. AV\u00cdS LEGAL 2. ACCEPTACI\u00d3 DE LES CONDICIONS D&#8217;\u00daS 3. CONTINGUT DE LA WEB 4. \u00daS DE LA WEB 5. CONTINGUTS I SERVEIS ENLLA\u00c7ATS A trav\u00e9s DE LA WEB 6. DRETS DE PROPIETAT INTEL\u00b7LECTUAL I INDUSTRIAL 7. EXONERACI\u00d3 DE RESPONSABILITAT &#8230; <a title=\"Av\u00eds legal\" class=\"read-more\" href=\"https:\/\/colefcafecv.com\/ca\/avis-legal\/\" aria-label=\"Read more about Av\u00eds legal\">Read more<\/a><\/p>\n","protected":false},"author":1,"featured_media":5928,"parent":0,"menu_order":0,"comment_status":"closed","ping_status":"closed","template":"","meta":{"_uag_custom_page_level_css":"","_jet_sm_ready_style":"","_jet_sm_style":"","_jet_sm_controls_values":"","_jet_sm_fonts_collection":"","_jet_sm_fonts_links":"","footnotes":""},"class_list":["post-3763","page","type-page","status-publish","has-post-thumbnail"],"yoast_head":"<!-- This site is optimized with the Yoast SEO plugin v27.6 - https:\/\/yoast.com\/product\/yoast-seo-wordpress\/ -->\n<title>Av\u00eds legal - COLEF CV<\/title>\n<meta name=\"robots\" content=\"index, follow, max-snippet:-1, max-image-preview:large, max-video-preview:-1\" \/>\n<link rel=\"canonical\" href=\"https:\/\/colefcafecv.com\/ca\/avis-legal\/\" \/>\n<meta property=\"og:locale\" content=\"en_US\" \/>\n<meta property=\"og:type\" content=\"article\" \/>\n<meta property=\"og:title\" content=\"Av\u00eds legal - COLEF CV\" \/>\n<meta property=\"og:description\" content=\"Publicat: 01\/12\/2018 | Versi\u00f3 2.0 &nbsp;12\/02\/2020 | Versi\u00f3 actual 01\/02\/2021 AV\u00cdS LEGAL I CONDICIONS D&#8217;\u00daS 1. AV\u00cdS LEGAL 2. ACCEPTACI\u00d3 DE LES CONDICIONS D&#8217;\u00daS 3. CONTINGUT DE LA WEB 4. \u00daS DE LA WEB 5. CONTINGUTS I SERVEIS ENLLA\u00c7ATS A trav\u00e9s DE LA WEB 6. DRETS DE PROPIETAT INTEL\u00b7LECTUAL I INDUSTRIAL 7. EXONERACI\u00d3 DE RESPONSABILITAT ... Read more\" \/>\n<meta property=\"og:url\" content=\"https:\/\/colefcafecv.com\/ca\/avis-legal\/\" \/>\n<meta property=\"og:site_name\" content=\"COLEF CV\" \/>\n<meta property=\"article:publisher\" content=\"https:\/\/www.facebook.com\/colefcv\" \/>\n<meta property=\"article:modified_time\" content=\"2021-12-14T14:36:57+00:00\" \/>\n<meta name=\"twitter:card\" content=\"summary_large_image\" \/>\n<meta name=\"twitter:label1\" content=\"Est. reading time\" \/>\n\t<meta name=\"twitter:data1\" content=\"5 minutes\" \/>\n<script type=\"application\/ld+json\" class=\"yoast-schema-graph\">{\"@context\":\"https:\\\/\\\/schema.org\",\"@graph\":[{\"@type\":\"WebPage\",\"@id\":\"https:\\\/\\\/colefcafecv.com\\\/ca\\\/avis-legal\\\/\",\"url\":\"https:\\\/\\\/colefcafecv.com\\\/ca\\\/avis-legal\\\/\",\"name\":\"Av\u00eds legal - COLEF CV\",\"isPartOf\":{\"@id\":\"https:\\\/\\\/colefcafecv.com\\\/ca\\\/#website\"},\"primaryImageOfPage\":{\"@id\":\"https:\\\/\\\/colefcafecv.com\\\/ca\\\/avis-legal\\\/#primaryimage\"},\"image\":{\"@id\":\"https:\\\/\\\/colefcafecv.com\\\/ca\\\/avis-legal\\\/#primaryimage\"},\"thumbnailUrl\":\"https:\\\/\\\/colefcafecv.com\\\/wp-content\\\/uploads\\\/default_thumb.png\",\"datePublished\":\"2021-05-24T09:00:58+00:00\",\"dateModified\":\"2021-12-14T14:36:57+00:00\",\"breadcrumb\":{\"@id\":\"https:\\\/\\\/colefcafecv.com\\\/ca\\\/avis-legal\\\/#breadcrumb\"},\"inLanguage\":\"val\",\"potentialAction\":[{\"@type\":\"ReadAction\",\"target\":[\"https:\\\/\\\/colefcafecv.com\\\/ca\\\/avis-legal\\\/\"]}]},{\"@type\":\"ImageObject\",\"inLanguage\":\"val\",\"@id\":\"https:\\\/\\\/colefcafecv.com\\\/ca\\\/avis-legal\\\/#primaryimage\",\"url\":\"https:\\\/\\\/colefcafecv.com\\\/wp-content\\\/uploads\\\/default_thumb.png\",\"contentUrl\":\"https:\\\/\\\/colefcafecv.com\\\/wp-content\\\/uploads\\\/default_thumb.png\",\"width\":950,\"height\":650},{\"@type\":\"BreadcrumbList\",\"@id\":\"https:\\\/\\\/colefcafecv.com\\\/ca\\\/avis-legal\\\/#breadcrumb\",\"itemListElement\":[{\"@type\":\"ListItem\",\"position\":1,\"name\":\"Portada\",\"item\":\"https:\\\/\\\/colefcafecv.com\\\/ca\\\/\"},{\"@type\":\"ListItem\",\"position\":2,\"name\":\"Av\u00eds legal\"}]},{\"@type\":\"WebSite\",\"@id\":\"https:\\\/\\\/colefcafecv.com\\\/ca\\\/#website\",\"url\":\"https:\\\/\\\/colefcafecv.com\\\/ca\\\/\",\"name\":\"Colegio de Licenciados en Educaci\u00f3n F\u00edsica de la Comunidad Valenciana\",\"description\":\"Il lustre Col legi oficial de Llicenciats en Educaci\u00f3 F\u00edsica i en Ci\u00e8ncies de l\u00b4Activitat F\u00edsica i de l\u00b4Esport de la Comunitat Valenciana\",\"publisher\":{\"@id\":\"https:\\\/\\\/colefcafecv.com\\\/ca\\\/#organization\"},\"potentialAction\":[{\"@type\":\"SearchAction\",\"target\":{\"@type\":\"EntryPoint\",\"urlTemplate\":\"https:\\\/\\\/colefcafecv.com\\\/ca\\\/?s={search_term_string}\"},\"query-input\":{\"@type\":\"PropertyValueSpecification\",\"valueRequired\":true,\"valueName\":\"search_term_string\"}}],\"inLanguage\":\"val\"},{\"@type\":\"Organization\",\"@id\":\"https:\\\/\\\/colefcafecv.com\\\/ca\\\/#organization\",\"name\":\"Colegio de Licenciados en Educaci\u00f3n F\u00edsica de la Comunidad Valenciana\",\"url\":\"https:\\\/\\\/colefcafecv.com\\\/ca\\\/\",\"logo\":{\"@type\":\"ImageObject\",\"inLanguage\":\"val\",\"@id\":\"https:\\\/\\\/colefcafecv.com\\\/ca\\\/#\\\/schema\\\/logo\\\/image\\\/\",\"url\":\"https:\\\/\\\/colefcafecv.com\\\/wp-content\\\/uploads\\\/2021\\\/01\\\/simbolo-logotipo-colef.png\",\"contentUrl\":\"https:\\\/\\\/colefcafecv.com\\\/wp-content\\\/uploads\\\/2021\\\/01\\\/simbolo-logotipo-colef.png\",\"width\":213,\"height\":271,\"caption\":\"Colegio de Licenciados en Educaci\u00f3n F\u00edsica de la Comunidad Valenciana\"},\"image\":{\"@id\":\"https:\\\/\\\/colefcafecv.com\\\/ca\\\/#\\\/schema\\\/logo\\\/image\\\/\"},\"sameAs\":[\"https:\\\/\\\/www.facebook.com\\\/colefcv\"]}]}<\/script>\n<!-- \/ Yoast SEO plugin. -->","yoast_head_json":{"title":"Av\u00eds legal - COLEF CV","robots":{"index":"index","follow":"follow","max-snippet":"max-snippet:-1","max-image-preview":"max-image-preview:large","max-video-preview":"max-video-preview:-1"},"canonical":"https:\/\/colefcafecv.com\/ca\/avis-legal\/","og_locale":"en_US","og_type":"article","og_title":"Av\u00eds legal - COLEF CV","og_description":"Publicat: 01\/12\/2018 | Versi\u00f3 2.0 &nbsp;12\/02\/2020 | Versi\u00f3 actual 01\/02\/2021 AV\u00cdS LEGAL I CONDICIONS D&#8217;\u00daS 1. AV\u00cdS LEGAL 2. ACCEPTACI\u00d3 DE LES CONDICIONS D&#8217;\u00daS 3. CONTINGUT DE LA WEB 4. \u00daS DE LA WEB 5. CONTINGUTS I SERVEIS ENLLA\u00c7ATS A trav\u00e9s DE LA WEB 6. DRETS DE PROPIETAT INTEL\u00b7LECTUAL I INDUSTRIAL 7. EXONERACI\u00d3 DE RESPONSABILITAT ... Read more","og_url":"https:\/\/colefcafecv.com\/ca\/avis-legal\/","og_site_name":"COLEF CV","article_publisher":"https:\/\/www.facebook.com\/colefcv","article_modified_time":"2021-12-14T14:36:57+00:00","twitter_card":"summary_large_image","twitter_misc":{"Est. reading time":"5 minutes"},"schema":{"@context":"https:\/\/schema.org","@graph":[{"@type":"WebPage","@id":"https:\/\/colefcafecv.com\/ca\/avis-legal\/","url":"https:\/\/colefcafecv.com\/ca\/avis-legal\/","name":"Av\u00eds legal - COLEF CV","isPartOf":{"@id":"https:\/\/colefcafecv.com\/ca\/#website"},"primaryImageOfPage":{"@id":"https:\/\/colefcafecv.com\/ca\/avis-legal\/#primaryimage"},"image":{"@id":"https:\/\/colefcafecv.com\/ca\/avis-legal\/#primaryimage"},"thumbnailUrl":"https:\/\/colefcafecv.com\/wp-content\/uploads\/default_thumb.png","datePublished":"2021-05-24T09:00:58+00:00","dateModified":"2021-12-14T14:36:57+00:00","breadcrumb":{"@id":"https:\/\/colefcafecv.com\/ca\/avis-legal\/#breadcrumb"},"inLanguage":"val","potentialAction":[{"@type":"ReadAction","target":["https:\/\/colefcafecv.com\/ca\/avis-legal\/"]}]},{"@type":"ImageObject","inLanguage":"val","@id":"https:\/\/colefcafecv.com\/ca\/avis-legal\/#primaryimage","url":"https:\/\/colefcafecv.com\/wp-content\/uploads\/default_thumb.png","contentUrl":"https:\/\/colefcafecv.com\/wp-content\/uploads\/default_thumb.png","width":950,"height":650},{"@type":"BreadcrumbList","@id":"https:\/\/colefcafecv.com\/ca\/avis-legal\/#breadcrumb","itemListElement":[{"@type":"ListItem","position":1,"name":"Portada","item":"https:\/\/colefcafecv.com\/ca\/"},{"@type":"ListItem","position":2,"name":"Av\u00eds legal"}]},{"@type":"WebSite","@id":"https:\/\/colefcafecv.com\/ca\/#website","url":"https:\/\/colefcafecv.com\/ca\/","name":"Colegio de Licenciados en Educaci\u00f3n F\u00edsica de la Comunidad Valenciana","description":"Il lustre Col legi oficial de Llicenciats en Educaci\u00f3 F\u00edsica i en Ci\u00e8ncies de l\u00b4Activitat F\u00edsica i de l\u00b4Esport de la Comunitat Valenciana","publisher":{"@id":"https:\/\/colefcafecv.com\/ca\/#organization"},"potentialAction":[{"@type":"SearchAction","target":{"@type":"EntryPoint","urlTemplate":"https:\/\/colefcafecv.com\/ca\/?s={search_term_string}"},"query-input":{"@type":"PropertyValueSpecification","valueRequired":true,"valueName":"search_term_string"}}],"inLanguage":"val"},{"@type":"Organization","@id":"https:\/\/colefcafecv.com\/ca\/#organization","name":"Colegio de Licenciados en Educaci\u00f3n F\u00edsica de la Comunidad Valenciana","url":"https:\/\/colefcafecv.com\/ca\/","logo":{"@type":"ImageObject","inLanguage":"val","@id":"https:\/\/colefcafecv.com\/ca\/#\/schema\/logo\/image\/","url":"https:\/\/colefcafecv.com\/wp-content\/uploads\/2021\/01\/simbolo-logotipo-colef.png","contentUrl":"https:\/\/colefcafecv.com\/wp-content\/uploads\/2021\/01\/simbolo-logotipo-colef.png","width":213,"height":271,"caption":"Colegio de Licenciados en Educaci\u00f3n F\u00edsica de la Comunidad Valenciana"},"image":{"@id":"https:\/\/colefcafecv.com\/ca\/#\/schema\/logo\/image\/"},"sameAs":["https:\/\/www.facebook.com\/colefcv"]}]}},"uagb_featured_image_src":{"full":["https:\/\/colefcafecv.com\/wp-content\/uploads\/default_thumb.png",950,650,false],"thumbnail":["https:\/\/colefcafecv.com\/wp-content\/uploads\/default_thumb-150x103.png",150,103,true],"medium":["https:\/\/colefcafecv.com\/wp-content\/uploads\/default_thumb-300x205.png",300,205,true],"medium_large":["https:\/\/colefcafecv.com\/wp-content\/uploads\/default_thumb-768x525.png",768,525,true],"large":["https:\/\/colefcafecv.com\/wp-content\/uploads\/default_thumb.png",950,650,false],"thumblist":["https:\/\/colefcafecv.com\/wp-content\/uploads\/default_thumb-300x300.png",300,300,true],"meccarouselthumb":["https:\/\/colefcafecv.com\/wp-content\/uploads\/default_thumb-474x324.png",474,324,true],"gridsquare":["https:\/\/colefcafecv.com\/wp-content\/uploads\/default_thumb-391x260.png",391,260,true],"tileview":["https:\/\/colefcafecv.com\/wp-content\/uploads\/default_thumb-300x400.png",300,400,true],"1536x1536":["https:\/\/colefcafecv.com\/wp-content\/uploads\/default_thumb.png",950,650,false],"2048x2048":["https:\/\/colefcafecv.com\/wp-content\/uploads\/default_thumb.png",950,650,false],"ultp_layout_landscape_large":["https:\/\/colefcafecv.com\/wp-content\/uploads\/default_thumb.png",950,650,false],"ultp_layout_landscape":["https:\/\/colefcafecv.com\/wp-content\/uploads\/default_thumb-870x570.png",870,570,true],"ultp_layout_portrait":["https:\/\/colefcafecv.com\/wp-content\/uploads\/default_thumb-600x650.png",600,650,true],"ultp_layout_square":["https:\/\/colefcafecv.com\/wp-content\/uploads\/default_thumb-600x600.png",600,600,true]},"uagb_author_info":{"display_name":"Roberto","author_link":"https:\/\/colefcafecv.com\/ca\/author\/administrador\/"},"uagb_comment_info":0,"uagb_excerpt":"Publicat: 01\/12\/2018 | Versi\u00f3 2.0 &nbsp;12\/02\/2020 | Versi\u00f3 actual 01\/02\/2021 AV\u00cdS LEGAL I CONDICIONS D&#8217;\u00daS 1. AV\u00cdS LEGAL 2. ACCEPTACI\u00d3 DE LES CONDICIONS D&#8217;\u00daS 3. CONTINGUT DE LA WEB 4. \u00daS DE LA WEB 5. CONTINGUTS I SERVEIS ENLLA\u00c7ATS A trav\u00e9s DE LA WEB 6. DRETS DE PROPIETAT INTEL\u00b7LECTUAL I INDUSTRIAL 7. EXONERACI\u00d3 DE RESPONSABILITAT&hellip;","_links":{"self":[{"href":"https:\/\/colefcafecv.com\/ca\/wp-json\/wp\/v2\/pages\/3763","targetHints":{"allow":["GET"]}}],"collection":[{"href":"https:\/\/colefcafecv.com\/ca\/wp-json\/wp\/v2\/pages"}],"about":[{"href":"https:\/\/colefcafecv.com\/ca\/wp-json\/wp\/v2\/types\/page"}],"author":[{"embeddable":true,"href":"https:\/\/colefcafecv.com\/ca\/wp-json\/wp\/v2\/users\/1"}],"replies":[{"embeddable":true,"href":"https:\/\/colefcafecv.com\/ca\/wp-json\/wp\/v2\/comments?post=3763"}],"version-history":[{"count":2,"href":"https:\/\/colefcafecv.com\/ca\/wp-json\/wp\/v2\/pages\/3763\/revisions"}],"predecessor-version":[{"id":7158,"href":"https:\/\/colefcafecv.com\/ca\/wp-json\/wp\/v2\/pages\/3763\/revisions\/7158"}],"wp:featuredmedia":[{"embeddable":true,"href":"https:\/\/colefcafecv.com\/ca\/wp-json\/wp\/v2\/media\/5928"}],"wp:attachment":[{"href":"https:\/\/colefcafecv.com\/ca\/wp-json\/wp\/v2\/media?parent=3763"}],"curies":[{"name":"wp","href":"https:\/\/api.w.org\/{rel}","templated":true}]}}