{"id":12683,"date":"2025-05-05T16:54:28","date_gmt":"2025-05-05T14:54:28","guid":{"rendered":"https:\/\/colefcafecv.com\/ley-2-2022-de-22-de-julio\/"},"modified":"2025-05-10T16:07:57","modified_gmt":"2025-05-10T14:07:57","slug":"llei-2-2022-de-22-de-juliol","status":"publish","type":"page","link":"https:\/\/colefcafecv.com\/ca\/llei-2-2022-de-22-de-juliol\/","title":{"rendered":"Llei 2\/2022, de 22 de juliol, d&#8217;ordenaci\u00f3 de l&#8217;exercici de les professions de l&#8217;esport i l&#8217;activitat f\u00edsica en la Comunitat Valenciana."},"content":{"rendered":"\n<p><a href=\"https:\/\/www.boe.es\/buscar\/act.php?id=BOE-A-2022-13726\" target=\"_blank\" rel=\"noreferrer noopener\"><\/a><\/p>\n        <div id=\"ep-gutenberg-content-f98ccc3ba2ae2c6b75a653897d1ef8ef\" class=\"ep-gutenberg-content aligncenter ep-percentage-width   ep-content-protection-disabled\">\n            <div class=\"embedpress-inner-iframe emebedpress-unit-percent ep-doc-f98ccc3ba2ae2c6b75a653897d1ef8ef\" style=\"max-width:600%\" id=\"embedpress-pdf-1746457894124\">\n                <div >\n                    <div class=\"ep-embed-content-wraper\"><div class=\"position-right-wraper gutenberg-pdf-wraper\"><iframe title=\"BOE-A-2022-13726-consolidado\" class=\"embedpress-embed-document-pdf embedpress-pdf-1746457894124\" style=\"width:600%;height:600px; max-width:100%; display: inline-block\" src=\"https:\/\/colefcafecv.com\/wp-admin\/admin-ajax.php?action=get_viewer&#038;file=https%3A%2F%2Fcolefcafecv.com%2Fwp-content%2Fuploads%2FBOE-A-2022-13726-consolidado.pdf#key=dGhlbWVNb2RlPWxpZ2h0JnRvb2xiYXI9dHJ1ZSZwb3NpdGlvbj10b3AmcHJlc2VudGF0aW9uPXRydWUmbGF6eUxvYWQ9dHJ1ZSZkb3dubG9hZD10cnVlJmNvcHlfdGV4dD10cnVlJmFkZF90ZXh0PWZhbHNlJmRyYXc9ZmFsc2UmZG9jX3JvdGF0aW9uPXRydWUmYWRkX2ltYWdlPWZhbHNlJmRvY19kZXRhaWxzPWZhbHNlJnpvb21faW49dHJ1ZSZ6b29tX291dD10cnVlJmZpdF92aWV3PXRydWUmYm9va21hcms9dHJ1ZSZmbGlwYm9va190b29sYmFyX3Bvc2l0aW9uPWJvdHRvbSZzZWxlY3Rpb25fdG9vbD0wJnNjcm9sbGluZz0tMSZzcHJlYWRzPS0xJndhdGVybWFya190ZXh0PSZ3YXRlcm1hcmtfZm9udF9zaXplPTQ4JndhdGVybWFya19jb2xvcj0lMjMwMDAwMDAmd2F0ZXJtYXJrX29wYWNpdHk9MTUmd2F0ZXJtYXJrX3N0eWxlPWNlbnRlcg==\" frameborder=\"0\" oncontextmenu=\"return false;\"><\/iframe> <\/div><\/div>                <\/div>\n            <\/div>\n        <\/div>\n    ","protected":false},"excerpt":{"rendered":"","protected":false},"author":562,"featured_media":5929,"parent":0,"menu_order":0,"comment_status":"closed","ping_status":"closed","template":"","meta":{"_uag_custom_page_level_css":"","_jet_sm_ready_style":"","_jet_sm_style":"","_jet_sm_controls_values":"","_jet_sm_fonts_collection":"","_jet_sm_fonts_links":"","footnotes":""},"class_list":["post-12683","page","type-page","status-publish","has-post-thumbnail"],"yoast_head":"<!-- This site is optimized with the Yoast SEO plugin v27.4 - https:\/\/yoast.com\/product\/yoast-seo-wordpress\/ -->\n<title>Llei 2\/2022, de 22 de juliol, d&#8217;ordenaci\u00f3 de l&#8217;exercici de les professions de l&#8217;esport i l&#8217;activitat f\u00edsica en la Comunitat Valenciana. - COLEF CV<\/title>\n<meta name=\"robots\" content=\"index, follow, max-snippet:-1, max-image-preview:large, max-video-preview:-1\" \/>\n<link rel=\"canonical\" href=\"https:\/\/colefcafecv.com\/ca\/llei-2-2022-de-22-de-juliol\/\" \/>\n<meta property=\"og:locale\" content=\"en_US\" \/>\n<meta property=\"og:type\" content=\"article\" \/>\n<meta property=\"og:title\" content=\"Llei 2\/2022, de 22 de juliol, d&#8217;ordenaci\u00f3 de l&#8217;exercici de les professions de l&#8217;esport i l&#8217;activitat f\u00edsica en la Comunitat Valenciana. - COLEF CV\" \/>\n<meta property=\"og:url\" content=\"https:\/\/colefcafecv.com\/ca\/llei-2-2022-de-22-de-juliol\/\" \/>\n<meta property=\"og:site_name\" content=\"COLEF CV\" \/>\n<meta property=\"article:publisher\" content=\"https:\/\/www.facebook.com\/colefcv\" \/>\n<meta property=\"article:modified_time\" content=\"2025-05-10T14:07:57+00:00\" \/>\n<meta property=\"og:image\" content=\"https:\/\/colefcafecv.com\/wp-content\/uploads\/default_thumb.png\" \/>\n\t<meta property=\"og:image:width\" content=\"950\" \/>\n\t<meta property=\"og:image:height\" content=\"650\" \/>\n\t<meta property=\"og:image:type\" content=\"image\/png\" \/>\n<meta name=\"twitter:card\" content=\"summary_large_image\" \/>\n<meta name=\"twitter:label1\" content=\"Est. reading time\" \/>\n\t<meta name=\"twitter:data1\" content=\"1 minute\" \/>\n<script type=\"application\/ld+json\" class=\"yoast-schema-graph\">{\"@context\":\"https:\\\/\\\/schema.org\",\"@graph\":[{\"@type\":\"WebPage\",\"@id\":\"https:\\\/\\\/colefcafecv.com\\\/ca\\\/llei-2-2022-de-22-de-juliol\\\/\",\"url\":\"https:\\\/\\\/colefcafecv.com\\\/ca\\\/llei-2-2022-de-22-de-juliol\\\/\",\"name\":\"Llei 2\\\/2022, de 22 de juliol, d&#8217;ordenaci\u00f3 de l&#8217;exercici de les professions de l&#8217;esport i l&#8217;activitat f\u00edsica en la Comunitat Valenciana. - COLEF CV\",\"isPartOf\":{\"@id\":\"https:\\\/\\\/colefcafecv.com\\\/ca\\\/#website\"},\"primaryImageOfPage\":{\"@id\":\"https:\\\/\\\/colefcafecv.com\\\/ca\\\/llei-2-2022-de-22-de-juliol\\\/#primaryimage\"},\"image\":{\"@id\":\"https:\\\/\\\/colefcafecv.com\\\/ca\\\/llei-2-2022-de-22-de-juliol\\\/#primaryimage\"},\"thumbnailUrl\":\"https:\\\/\\\/colefcafecv.com\\\/wp-content\\\/uploads\\\/default_thumb.png\",\"datePublished\":\"2025-05-05T14:54:28+00:00\",\"dateModified\":\"2025-05-10T14:07:57+00:00\",\"breadcrumb\":{\"@id\":\"https:\\\/\\\/colefcafecv.com\\\/ca\\\/llei-2-2022-de-22-de-juliol\\\/#breadcrumb\"},\"inLanguage\":\"val\",\"potentialAction\":[{\"@type\":\"ReadAction\",\"target\":[\"https:\\\/\\\/colefcafecv.com\\\/ca\\\/llei-2-2022-de-22-de-juliol\\\/\"]}]},{\"@type\":\"ImageObject\",\"inLanguage\":\"val\",\"@id\":\"https:\\\/\\\/colefcafecv.com\\\/ca\\\/llei-2-2022-de-22-de-juliol\\\/#primaryimage\",\"url\":\"https:\\\/\\\/colefcafecv.com\\\/wp-content\\\/uploads\\\/default_thumb.png\",\"contentUrl\":\"https:\\\/\\\/colefcafecv.com\\\/wp-content\\\/uploads\\\/default_thumb.png\",\"width\":950,\"height\":650},{\"@type\":\"BreadcrumbList\",\"@id\":\"https:\\\/\\\/colefcafecv.com\\\/ca\\\/llei-2-2022-de-22-de-juliol\\\/#breadcrumb\",\"itemListElement\":[{\"@type\":\"ListItem\",\"position\":1,\"name\":\"Portada\",\"item\":\"https:\\\/\\\/colefcafecv.com\\\/ca\\\/\"},{\"@type\":\"ListItem\",\"position\":2,\"name\":\"Llei 2\\\/2022, de 22 de juliol, d&#8217;ordenaci\u00f3 de l&#8217;exercici de les professions de l&#8217;esport i l&#8217;activitat f\u00edsica en la Comunitat Valenciana.\"}]},{\"@type\":\"WebSite\",\"@id\":\"https:\\\/\\\/colefcafecv.com\\\/ca\\\/#website\",\"url\":\"https:\\\/\\\/colefcafecv.com\\\/ca\\\/\",\"name\":\"Colegio de Licenciados en Educaci\u00f3n F\u00edsica de la Comunidad Valenciana\",\"description\":\"Il lustre Col legi oficial de Llicenciats en Educaci\u00f3 F\u00edsica i en Ci\u00e8ncies de l\u00b4Activitat F\u00edsica i de l\u00b4Esport de la Comunitat Valenciana\",\"publisher\":{\"@id\":\"https:\\\/\\\/colefcafecv.com\\\/ca\\\/#organization\"},\"potentialAction\":[{\"@type\":\"SearchAction\",\"target\":{\"@type\":\"EntryPoint\",\"urlTemplate\":\"https:\\\/\\\/colefcafecv.com\\\/ca\\\/?s={search_term_string}\"},\"query-input\":{\"@type\":\"PropertyValueSpecification\",\"valueRequired\":true,\"valueName\":\"search_term_string\"}}],\"inLanguage\":\"val\"},{\"@type\":\"Organization\",\"@id\":\"https:\\\/\\\/colefcafecv.com\\\/ca\\\/#organization\",\"name\":\"Colegio de Licenciados en Educaci\u00f3n F\u00edsica de la Comunidad Valenciana\",\"url\":\"https:\\\/\\\/colefcafecv.com\\\/ca\\\/\",\"logo\":{\"@type\":\"ImageObject\",\"inLanguage\":\"val\",\"@id\":\"https:\\\/\\\/colefcafecv.com\\\/ca\\\/#\\\/schema\\\/logo\\\/image\\\/\",\"url\":\"https:\\\/\\\/colefcafecv.com\\\/wp-content\\\/uploads\\\/2021\\\/01\\\/simbolo-logotipo-colef.png\",\"contentUrl\":\"https:\\\/\\\/colefcafecv.com\\\/wp-content\\\/uploads\\\/2021\\\/01\\\/simbolo-logotipo-colef.png\",\"width\":213,\"height\":271,\"caption\":\"Colegio de Licenciados en Educaci\u00f3n F\u00edsica de la Comunidad Valenciana\"},\"image\":{\"@id\":\"https:\\\/\\\/colefcafecv.com\\\/ca\\\/#\\\/schema\\\/logo\\\/image\\\/\"},\"sameAs\":[\"https:\\\/\\\/www.facebook.com\\\/colefcv\"]}]}<\/script>\n<!-- \/ Yoast SEO plugin. -->","yoast_head_json":{"title":"Llei 2\/2022, de 22 de juliol, d&#8217;ordenaci\u00f3 de l&#8217;exercici de les professions de l&#8217;esport i l&#8217;activitat f\u00edsica en la Comunitat Valenciana. - COLEF CV","robots":{"index":"index","follow":"follow","max-snippet":"max-snippet:-1","max-image-preview":"max-image-preview:large","max-video-preview":"max-video-preview:-1"},"canonical":"https:\/\/colefcafecv.com\/ca\/llei-2-2022-de-22-de-juliol\/","og_locale":"en_US","og_type":"article","og_title":"Llei 2\/2022, de 22 de juliol, d&#8217;ordenaci\u00f3 de l&#8217;exercici de les professions de l&#8217;esport i l&#8217;activitat f\u00edsica en la Comunitat Valenciana. - COLEF CV","og_url":"https:\/\/colefcafecv.com\/ca\/llei-2-2022-de-22-de-juliol\/","og_site_name":"COLEF CV","article_publisher":"https:\/\/www.facebook.com\/colefcv","article_modified_time":"2025-05-10T14:07:57+00:00","og_image":[{"width":950,"height":650,"url":"https:\/\/colefcafecv.com\/wp-content\/uploads\/default_thumb.png","type":"image\/png"}],"twitter_card":"summary_large_image","twitter_misc":{"Est. reading time":"1 minute"},"schema":{"@context":"https:\/\/schema.org","@graph":[{"@type":"WebPage","@id":"https:\/\/colefcafecv.com\/ca\/llei-2-2022-de-22-de-juliol\/","url":"https:\/\/colefcafecv.com\/ca\/llei-2-2022-de-22-de-juliol\/","name":"Llei 2\/2022, de 22 de juliol, d&#8217;ordenaci\u00f3 de l&#8217;exercici de les professions de l&#8217;esport i l&#8217;activitat f\u00edsica en la Comunitat Valenciana. - COLEF CV","isPartOf":{"@id":"https:\/\/colefcafecv.com\/ca\/#website"},"primaryImageOfPage":{"@id":"https:\/\/colefcafecv.com\/ca\/llei-2-2022-de-22-de-juliol\/#primaryimage"},"image":{"@id":"https:\/\/colefcafecv.com\/ca\/llei-2-2022-de-22-de-juliol\/#primaryimage"},"thumbnailUrl":"https:\/\/colefcafecv.com\/wp-content\/uploads\/default_thumb.png","datePublished":"2025-05-05T14:54:28+00:00","dateModified":"2025-05-10T14:07:57+00:00","breadcrumb":{"@id":"https:\/\/colefcafecv.com\/ca\/llei-2-2022-de-22-de-juliol\/#breadcrumb"},"inLanguage":"val","potentialAction":[{"@type":"ReadAction","target":["https:\/\/colefcafecv.com\/ca\/llei-2-2022-de-22-de-juliol\/"]}]},{"@type":"ImageObject","inLanguage":"val","@id":"https:\/\/colefcafecv.com\/ca\/llei-2-2022-de-22-de-juliol\/#primaryimage","url":"https:\/\/colefcafecv.com\/wp-content\/uploads\/default_thumb.png","contentUrl":"https:\/\/colefcafecv.com\/wp-content\/uploads\/default_thumb.png","width":950,"height":650},{"@type":"BreadcrumbList","@id":"https:\/\/colefcafecv.com\/ca\/llei-2-2022-de-22-de-juliol\/#breadcrumb","itemListElement":[{"@type":"ListItem","position":1,"name":"Portada","item":"https:\/\/colefcafecv.com\/ca\/"},{"@type":"ListItem","position":2,"name":"Llei 2\/2022, de 22 de juliol, d&#8217;ordenaci\u00f3 de l&#8217;exercici de les professions de l&#8217;esport i l&#8217;activitat f\u00edsica en la Comunitat Valenciana."}]},{"@type":"WebSite","@id":"https:\/\/colefcafecv.com\/ca\/#website","url":"https:\/\/colefcafecv.com\/ca\/","name":"Colegio de Licenciados en Educaci\u00f3n F\u00edsica de la Comunidad Valenciana","description":"Il lustre Col legi oficial de Llicenciats en Educaci\u00f3 F\u00edsica i en Ci\u00e8ncies de l\u00b4Activitat F\u00edsica i de l\u00b4Esport de la Comunitat Valenciana","publisher":{"@id":"https:\/\/colefcafecv.com\/ca\/#organization"},"potentialAction":[{"@type":"SearchAction","target":{"@type":"EntryPoint","urlTemplate":"https:\/\/colefcafecv.com\/ca\/?s={search_term_string}"},"query-input":{"@type":"PropertyValueSpecification","valueRequired":true,"valueName":"search_term_string"}}],"inLanguage":"val"},{"@type":"Organization","@id":"https:\/\/colefcafecv.com\/ca\/#organization","name":"Colegio de Licenciados en Educaci\u00f3n F\u00edsica de la Comunidad Valenciana","url":"https:\/\/colefcafecv.com\/ca\/","logo":{"@type":"ImageObject","inLanguage":"val","@id":"https:\/\/colefcafecv.com\/ca\/#\/schema\/logo\/image\/","url":"https:\/\/colefcafecv.com\/wp-content\/uploads\/2021\/01\/simbolo-logotipo-colef.png","contentUrl":"https:\/\/colefcafecv.com\/wp-content\/uploads\/2021\/01\/simbolo-logotipo-colef.png","width":213,"height":271,"caption":"Colegio de Licenciados en Educaci\u00f3n F\u00edsica de la Comunidad Valenciana"},"image":{"@id":"https:\/\/colefcafecv.com\/ca\/#\/schema\/logo\/image\/"},"sameAs":["https:\/\/www.facebook.com\/colefcv"]}]}},"uagb_featured_image_src":{"full":["https:\/\/colefcafecv.com\/wp-content\/uploads\/default_thumb.png",950,650,false],"thumbnail":["https:\/\/colefcafecv.com\/wp-content\/uploads\/default_thumb-150x103.png",150,103,true],"medium":["https:\/\/colefcafecv.com\/wp-content\/uploads\/default_thumb-300x205.png",300,205,true],"medium_large":["https:\/\/colefcafecv.com\/wp-content\/uploads\/default_thumb-768x525.png",768,525,true],"large":["https:\/\/colefcafecv.com\/wp-content\/uploads\/default_thumb.png",950,650,false],"thumblist":["https:\/\/colefcafecv.com\/wp-content\/uploads\/default_thumb-300x300.png",300,300,true],"meccarouselthumb":["https:\/\/colefcafecv.com\/wp-content\/uploads\/default_thumb-474x324.png",474,324,true],"gridsquare":["https:\/\/colefcafecv.com\/wp-content\/uploads\/default_thumb-391x260.png",391,260,true],"tileview":["https:\/\/colefcafecv.com\/wp-content\/uploads\/default_thumb-300x400.png",300,400,true],"1536x1536":["https:\/\/colefcafecv.com\/wp-content\/uploads\/default_thumb.png",950,650,false],"2048x2048":["https:\/\/colefcafecv.com\/wp-content\/uploads\/default_thumb.png",950,650,false],"ultp_layout_landscape_large":["https:\/\/colefcafecv.com\/wp-content\/uploads\/default_thumb.png",950,650,false],"ultp_layout_landscape":["https:\/\/colefcafecv.com\/wp-content\/uploads\/default_thumb-870x570.png",870,570,true],"ultp_layout_portrait":["https:\/\/colefcafecv.com\/wp-content\/uploads\/default_thumb-600x650.png",600,650,true],"ultp_layout_square":["https:\/\/colefcafecv.com\/wp-content\/uploads\/default_thumb-600x600.png",600,600,true]},"uagb_author_info":{"display_name":"Mustapha Bahassi","author_link":"https:\/\/colefcafecv.com\/ca\/author\/wmaster\/"},"uagb_comment_info":0,"uagb_excerpt":null,"_links":{"self":[{"href":"https:\/\/colefcafecv.com\/ca\/wp-json\/wp\/v2\/pages\/12683","targetHints":{"allow":["GET"]}}],"collection":[{"href":"https:\/\/colefcafecv.com\/ca\/wp-json\/wp\/v2\/pages"}],"about":[{"href":"https:\/\/colefcafecv.com\/ca\/wp-json\/wp\/v2\/types\/page"}],"author":[{"embeddable":true,"href":"https:\/\/colefcafecv.com\/ca\/wp-json\/wp\/v2\/users\/562"}],"replies":[{"embeddable":true,"href":"https:\/\/colefcafecv.com\/ca\/wp-json\/wp\/v2\/comments?post=12683"}],"version-history":[{"count":4,"href":"https:\/\/colefcafecv.com\/ca\/wp-json\/wp\/v2\/pages\/12683\/revisions"}],"predecessor-version":[{"id":12689,"href":"https:\/\/colefcafecv.com\/ca\/wp-json\/wp\/v2\/pages\/12683\/revisions\/12689"}],"wp:featuredmedia":[{"embeddable":true,"href":"https:\/\/colefcafecv.com\/ca\/wp-json\/wp\/v2\/media\/5929"}],"wp:attachment":[{"href":"https:\/\/colefcafecv.com\/ca\/wp-json\/wp\/v2\/media?parent=12683"}],"curies":[{"name":"wp","href":"https:\/\/api.w.org\/{rel}","templated":true}]}}